{"id":21896,"date":"2024-05-18T18:38:11","date_gmt":"2024-05-18T16:38:11","guid":{"rendered":"https:\/\/ultbit.com\/monicagarzon\/?page_id=21896"},"modified":"2026-01-19T16:47:34","modified_gmt":"2026-01-19T15:47:34","slug":"politica-de-cookies","status":"publish","type":"page","link":"https:\/\/mogardo.com\/en\/politica-de-cookies\/","title":{"rendered":"Cookie Policy"},"content":{"rendered":"<div data-elementor-type=\"wp-page\" data-elementor-id=\"21896\" class=\"elementor elementor-21896\" data-elementor-post-type=\"page\">\n\t\t\t\t\t\t<section class=\"elementor-section elementor-top-section elementor-element elementor-element-e3b6570 elementor-section-items-stretch elementor-section-height-min-height elementor-section-boxed elementor-section-height-default\" data-id=\"e3b6570\" data-element_type=\"section\" data-settings=\"{&quot;background_background&quot;:&quot;classic&quot;}\">\n\t\t\t\t\t\t\t<div class=\"elementor-background-overlay\"><\/div>\n\t\t\t\t\t\t\t<div class=\"elementor-container elementor-column-gap-no\">\n\t\t\t\t\t<div class=\"elementor-column elementor-col-100 elementor-top-column elementor-element elementor-element-d65ee0a\" data-id=\"d65ee0a\" data-element_type=\"column\" data-settings=\"{&quot;background_background&quot;:&quot;classic&quot;}\">\n\t\t\t<div class=\"elementor-widget-wrap elementor-element-populated\">\n\t\t\t\t\t<div class=\"elementor-background-overlay\"><\/div>\n\t\t\t\t\t\t<section class=\"elementor-section elementor-inner-section elementor-element elementor-element-9fc4dd5 elementor-section-full_width elementor-reverse-tablet elementor-reverse-mobile elementor-section-height-default elementor-section-height-default\" data-id=\"9fc4dd5\" data-element_type=\"section\">\n\t\t\t\t\t\t\t<div class=\"elementor-background-overlay\"><\/div>\n\t\t\t\t\t\t\t<div class=\"elementor-container elementor-column-gap-no\">\n\t\t\t\t\t<div class=\"elementor-column elementor-col-50 elementor-inner-column elementor-element elementor-element-c967870\" data-id=\"c967870\" data-element_type=\"column\" data-settings=\"{&quot;background_background&quot;:&quot;classic&quot;}\">\n\t\t\t<div class=\"elementor-widget-wrap elementor-element-populated\">\n\t\t\t\t\t\t<div class=\"elementor-element elementor-element-623a226 animated-fast elementor-widget__width-auto incomplete-box elementor-widget-mobile__width-inherit elementor-invisible elementor-widget elementor-widget-heading\" data-id=\"623a226\" data-element_type=\"widget\" data-settings=\"{&quot;_animation&quot;:&quot;fadeInLeft&quot;,&quot;_animation_mobile&quot;:&quot;none&quot;}\" data-widget_type=\"heading.default\">\n\t\t\t\t<div class=\"elementor-widget-container\">\n\t\t\t\t\t<h2 class=\"elementor-heading-title elementor-size-default\">COOKIE POLICY<\/h2>\t\t\t\t<\/div>\n\t\t\t\t<\/div>\n\t\t\t\t\t<\/div>\n\t\t<\/div>\n\t\t\t\t<div class=\"elementor-column elementor-col-50 elementor-inner-column elementor-element elementor-element-e8963a3\" data-id=\"e8963a3\" data-element_type=\"column\" data-settings=\"{&quot;background_background&quot;:&quot;classic&quot;}\">\n\t\t\t<div class=\"elementor-widget-wrap elementor-element-populated\">\n\t\t\t\t\t\t\t<\/div>\n\t\t<\/div>\n\t\t\t\t\t<\/div>\n\t\t<\/section>\n\t\t\t\t\t<\/div>\n\t\t<\/div>\n\t\t\t\t\t<\/div>\n\t\t<\/section>\n\t\t\t\t<section class=\"elementor-section elementor-top-section elementor-element elementor-element-7f1b794 elementor-section-boxed elementor-section-height-default elementor-section-height-default\" data-id=\"7f1b794\" data-element_type=\"section\" data-settings=\"{&quot;background_background&quot;:&quot;classic&quot;}\">\n\t\t\t\t\t\t\t<div class=\"elementor-background-overlay\"><\/div>\n\t\t\t\t\t\t\t<div class=\"elementor-container elementor-column-gap-no\">\n\t\t\t\t\t<div class=\"elementor-column elementor-col-100 elementor-top-column elementor-element elementor-element-d20b637\" data-id=\"d20b637\" data-element_type=\"column\" data-settings=\"{&quot;background_background&quot;:&quot;classic&quot;}\">\n\t\t\t<div class=\"elementor-widget-wrap elementor-element-populated\">\n\t\t\t\t\t<div class=\"elementor-background-overlay\"><\/div>\n\t\t\t\t\t\t<div class=\"elementor-element elementor-element-a96c6c3 elementor-widget elementor-widget-text-editor\" data-id=\"a96c6c3\" data-element_type=\"widget\" data-widget_type=\"text-editor.default\">\n\t\t\t\t<div class=\"elementor-widget-container\">\n\t\t\t\t\t\t\t\t\t<p>Our website morgado.com uses a technology called &#039;cookie&#039;, in order to obtain information about the use of the website, improve the user experience and ensure its correct operation.<\/p><p>\u00a0<\/p><p class=\"titol text-bold\"><strong>Cookie Definition<\/strong><\/p><p>A &#039;cookie&#039; is a small piece of text that websites send to the browser and that is stored on the user&#039;s terminal (computer or mobile device). These files are intended to store data that can be updated and retrieved by the entity responsible for its installation. Thus, each time the user visits the same website again, the browser retrieves the file and sends it to the website&#039;s server. Cookies have several functions, including collecting information about the user&#039;s preferences and remembering it, and in general, making the website easier for the user to use by making the site more useful by personalizing its content.<\/p><p>\u00a0<\/p><p><strong>Cookies can be classified based on different parameters:<\/strong><\/p><ol class=\"\"><li><div class=\"cont\"><p><span class=\"text-bold\">Ownership:<\/span>\u00a0Own cookies and third-party cookies: depending on the entity that manages the domain from which the cookies are sent and the data obtained is processed.<\/p><\/div><\/li><li><div class=\"cont\"><p><span class=\"text-bold\">Duration:<\/span>\u00a0Session cookies and persistent cookies: according to the period of time they remain stored on the user&#039;s terminal.<\/p><\/div><\/li><li><div class=\"cont\"><p><span class=\"text-bold\">Purpose:<\/span>\u00a0technical cookies, personalization cookies, analysis cookies, advertising cookies, behavioral advertising cookies, in accordance with the purpose for which the data obtained are processed.<\/p><ul class=\"\"><li><div class=\"cont\"><p><span class=\"text-underline\">Technical cookies:<\/span>\u00a0These are those that allow the user to navigate through the website or application and use the different options or services that exist therein. For example, controlling traffic and data communication, identifying the session or accessing restricted access web parts.<\/p><\/div><\/li><li><div class=\"cont\"><p><span class=\"text-underline\">Personalization cookies:<\/span>\u00a0These are those that allow the user to access the service with some general characteristics predefined in their terminal or defined by the user themselves. For example, the language, the type of browser through which they access the service or the selected content design.<\/p><\/div><\/li><li><div class=\"cont\"><p><span class=\"text-underline\">Analysis cookies:<\/span>\u00a0These are cookies that, whether processed by us or by third parties, allow us to quantify the number of users and thus perform a statistical analysis of the use made by users of the service offered. To do this, we analyse your browsing on our website to improve the range of products or services we offer you.<\/p><\/div><\/li><li><div class=\"cont\"><p><span class=\"text-underline\">Advertising cookies:<\/span>\u00a0These are those that allow the management, in the most efficient way possible, of the advertising spaces that, where appropriate, the editor has included on a website, application or platform from which the requested service is provided based on criteria such as the edited content or the frequency at which the advertisements are displayed.<\/p><\/div><\/li><li><div class=\"cont\"><p><span class=\"text-underline\">Behavioural advertising cookies:<\/span>\u00a0These cookies allow the management, in the most efficient way possible, of the advertising spaces that, where appropriate, the editor has included on a website, application or platform from which the requested service is provided. These cookies store information on the behavior of users obtained through the continuous observation of their browsing habits, which allows the development of a specific profile to display advertising based on it.<\/p><p>\u00a0<\/p><\/div><\/li><\/ul><\/div><\/li><\/ol><p class=\"titol text-bold\"><strong>Cookies used on our website<\/strong><\/p><p>Our website uses both our own cookies, which are sent to your device and managed exclusively by us for the best functioning of the website, and third-party cookies, with the function of serving as an analysis tool of the interaction of users with our website, thanks to which we obtain information that can help improve navigation and provide a better service to users.<\/p><p>We use both temporary session cookies and persistent cookies. Session cookies store data only while the user is accessing the website, and persistent cookies store data on the device so that they can be accessed and used in more than one session.<\/p><p>Specifically, the cookies used on our website are:<\/p><p class=\"text-underline\">Own cookies:<\/p><p>The cookies we use on our website are of a technical nature and are essential for the website to function.<\/p><p class=\"text-underline\">Third-party cookies:<\/p><table><tbody><tr><th>Cookie<\/th><th>Holder<\/th><th>Purpose<\/th><th>Duration<\/th><\/tr><tr><td>__utmz, __utmc, __utma, __utmb,__utmt, __ga, __gat<\/td><td>Google Inc. (Google Analytics)<\/td><td>Analytics: analyze the traffic of this website.<\/td><td>Session and persistent<\/td><\/tr><\/tbody><\/table><p>For more information about cookies and\/or to disable them, you can click on the links in the names of the different owners.<\/p><p>Finally, plug-in cookies are also used to share social content.<\/p><p>\u00a0<\/p><p class=\"titol text-bold\"><strong>Consent<\/strong><\/p><p>By browsing and continuing on our website, the user will be consenting to the use of the aforementioned cookies, for the periods indicated and under the conditions contained in this Cookie Policy.<\/p><p>We also inform you that if you consult content on our website hosted on third-party websites, these have their own cookie policy.<\/p><p>\u00a0<\/p><p class=\"titol text-bold\"><strong>Withdrawal of consent<\/strong><\/p><p>The user may withdraw his or her consent related to this Cookie Policy at any time. To do so, he or she will have to delete the cookies stored on his or her computer using the settings and configurations of his or her Internet browser.<\/p><p>\u00a0<\/p><p class=\"titol text-bold\"><strong>Modifying cookie settings<\/strong><\/p><p><a name=\"cookies-config\"><\/a><\/p><p>The user can restrict, block or delete cookies from any website using their browser. The operation is different in each browser, so you can consult the following links to find out how to do this.<\/p><div class=\"cont\"><ul><li><b>Internet Explorer:<\/b>\u00a0<a href=\"https:\/\/support.microsoft.com\/es-es\/help\/17442\/windows-internet-explorer-delete-manage-cookies#ie=ie-11\" target=\"_blank\" rel=\"noopener\">https:\/\/support.microsoft.com\/es-es\/help\/17442\/windows-internet-explorer-delete-manage-cookies#ie=ie-11<\/a><\/li><\/ul><\/div><div class=\"cont\"><ul><li><b>Edge:<\/b>\u00a0<a href=\"https:\/\/support.microsoft.com\/es-es\/help\/4468242\/microsoft-edge-browsing-data-and-privacy-microsoft-privacy\" target=\"_blank\" rel=\"noopener\">https:\/\/support.microsoft.com\/es-es\/help\/4468242\/microsoft-edge-browsing-data-and-privacy-microsoft-privacy<\/a><\/li><\/ul><\/div><div class=\"cont\"><ul><li><b>Firefox:<\/b>\u00a0<a href=\"https:\/\/support.mozilla.org\/es\/kb\/clear-cookies-and-site-data-firefox\" target=\"_blank\" rel=\"noopener\">https:\/\/support.mozilla.org\/es\/kb\/clear-cookies-and-site-data-firefox<\/a><\/li><\/ul><\/div><div class=\"cont\"><ul><li><b>Chrome:<\/b>\u00a0<a href=\"https:\/\/support.google.com\/chrome\/answer\/95647?hl=es\" target=\"_blank\" rel=\"noopener\">https:\/\/support.google.com\/chrome\/answer\/95647?hl=es<\/a><\/li><\/ul><\/div><div class=\"cont\"><ul><li><b>Safari (mac):<\/b>\u00a0<a href=\"https:\/\/support.apple.com\/es-es\/guide\/safari\/manage-cookies-and-website-data-sfri11471\/mac\" target=\"_blank\" rel=\"noopener\">https:\/\/support.apple.com\/es-es\/guide\/safari\/manage-cookies-and-website-data-sfri11471\/mac<\/a><\/li><\/ul><\/div><div class=\"cont\"><ul><li><b>Safari (iPhone\/iPad):<\/b>\u00a0<a href=\"https:\/\/support.apple.com\/es-es\/HT201265\" target=\"_blank\" rel=\"noopener\">https:\/\/support.apple.com\/es-es\/HT201265<\/a><\/li><\/ul><\/div><div class=\"cont\"><ul><li><b>Opera:<\/b>\u00a0<a href=\"https:\/\/help.opera.com\/en\/latest\/web-preferences\/#cookies\" target=\"_blank\" rel=\"noopener\">https:\/\/help.opera.com\/en\/latest\/web-preferences\/#cookies<\/a><\/li><\/ul><\/div><p>For more information on deleting, disabling or blocking cookies you can also visit:<br \/><a href=\"http:\/\/www.aboutcookies.org\/Default.aspx?page=2\" target=\"_blank\" rel=\"noopener\">http:\/\/www.aboutcookies.org\/Default.aspx?page=2<\/a><\/p><p>\u00a0<\/p><p class=\"titol text-bold\"><strong>Cookie Policy Update<\/strong><\/p><p>This website may modify this Cookie Policy, so we recommend that you review this policy each time you access our website to be properly informed about our use of cookies.<\/p>\t\t\t\t\t\t\t\t<\/div>\n\t\t\t\t<\/div>\n\t\t\t\t\t<\/div>\n\t\t<\/div>\n\t\t\t\t\t<\/div>\n\t\t<\/section>\n\t\t\t\t<\/div>","protected":false},"excerpt":{"rendered":"<p>POL\u00cdTICA DE COOKIES Nuestro sitio web morgado.com utiliza una tecnolog\u00eda llamada \u2018cookie\u2019, con el fin de poder obtener informaci\u00f3n sobre el uso del sitio web, mejorar la experiencia del usuario y garantizar el su correcto funcionamiento. Definici\u00f3n de Cookie Una \u2018cookie\u2019 es un peque\u00f1o fragmento de texto que los sitios web env\u00edan al navegador y [&hellip;]<\/p>","protected":false},"author":1,"featured_media":0,"parent":0,"menu_order":0,"comment_status":"closed","ping_status":"closed","template":"elementor_header_footer","meta":{"_joinchat":[],"footnotes":""},"class_list":["post-21896","page","type-page","status-publish","hentry"],"yoast_head":"<!-- This site is optimized with the Yoast SEO plugin v26.2 - https:\/\/yoast.com\/wordpress\/plugins\/seo\/ -->\n<title>Pol\u00edtica de cookies Mogardo | Uso de cookies web<\/title>\n<meta name=\"description\" content=\"Lee nuestra pol\u00edtica de cookies de Mogardo con informaci\u00f3n sobre el uso de cookies, tipos, finalidad y configuraci\u00f3n en el sitio web.\" \/>\n<meta name=\"robots\" content=\"noindex, nofollow\" \/>\n<meta property=\"og:locale\" content=\"en_GB\" \/>\n<meta property=\"og:type\" content=\"article\" \/>\n<meta property=\"og:title\" content=\"Pol\u00edtica de cookies Mogardo | Uso de cookies web\" \/>\n<meta property=\"og:description\" content=\"Lee nuestra pol\u00edtica de cookies de Mogardo con informaci\u00f3n sobre el uso de cookies, tipos, finalidad y configuraci\u00f3n en el sitio web.\" \/>\n<meta property=\"og:url\" content=\"https:\/\/mogardo.com\/en\/politica-de-cookies\/\" \/>\n<meta property=\"og:site_name\" content=\"MOGARDO - Dise\u00f1os y moda exclusiva\" \/>\n<meta property=\"article:modified_time\" content=\"2026-01-19T15:47:34+00:00\" \/>\n<meta name=\"twitter:card\" content=\"summary_large_image\" \/>\n<meta name=\"twitter:label1\" content=\"Estimated reading time\" \/>\n\t<meta name=\"twitter:data1\" content=\"5 minutes\" \/>\n<script type=\"application\/ld+json\" class=\"yoast-schema-graph\">{\"@context\":\"https:\/\/schema.org\",\"@graph\":[{\"@type\":\"WebPage\",\"@id\":\"https:\/\/mogardo.com\/politica-de-cookies\/\",\"url\":\"https:\/\/mogardo.com\/politica-de-cookies\/\",\"name\":\"Pol\u00edtica de cookies Mogardo | Uso de cookies web\",\"isPartOf\":{\"@id\":\"https:\/\/mogardo.com\/#website\"},\"datePublished\":\"2024-05-18T16:38:11+00:00\",\"dateModified\":\"2026-01-19T15:47:34+00:00\",\"description\":\"Lee nuestra pol\u00edtica de cookies de Mogardo con informaci\u00f3n sobre el uso de cookies, tipos, finalidad y configuraci\u00f3n en el sitio web.\",\"breadcrumb\":{\"@id\":\"https:\/\/mogardo.com\/politica-de-cookies\/#breadcrumb\"},\"inLanguage\":\"en-GB\",\"potentialAction\":[{\"@type\":\"ReadAction\",\"target\":[\"https:\/\/mogardo.com\/politica-de-cookies\/\"]}]},{\"@type\":\"BreadcrumbList\",\"@id\":\"https:\/\/mogardo.com\/politica-de-cookies\/#breadcrumb\",\"itemListElement\":[{\"@type\":\"ListItem\",\"position\":1,\"name\":\"Portada\",\"item\":\"https:\/\/mogardo.com\/\"},{\"@type\":\"ListItem\",\"position\":2,\"name\":\"Pol\u00edtica de cookies\"}]},{\"@type\":\"WebSite\",\"@id\":\"https:\/\/mogardo.com\/#website\",\"url\":\"https:\/\/mogardo.com\/\",\"name\":\"MOGARDO IBIZA\",\"description\":\"En Mogardo creamos prendas exclusivas que realzan tu esencia y belleza natural, fusionando dise\u00f1o sofisticado y materiales de la m\u00e1s alta calidad.\",\"publisher\":{\"@id\":\"https:\/\/mogardo.com\/#organization\"},\"potentialAction\":[{\"@type\":\"SearchAction\",\"target\":{\"@type\":\"EntryPoint\",\"urlTemplate\":\"https:\/\/mogardo.com\/?s={search_term_string}\"},\"query-input\":{\"@type\":\"PropertyValueSpecification\",\"valueRequired\":true,\"valueName\":\"search_term_string\"}}],\"inLanguage\":\"en-GB\"},{\"@type\":\"Organization\",\"@id\":\"https:\/\/mogardo.com\/#organization\",\"name\":\"MOGARDO IBIZA\",\"url\":\"https:\/\/mogardo.com\/\",\"logo\":{\"@type\":\"ImageObject\",\"inLanguage\":\"en-GB\",\"@id\":\"https:\/\/mogardo.com\/#\/schema\/logo\/image\/\",\"url\":\"https:\/\/mogardo.com\/wp-content\/uploads\/2024\/12\/MOGARDO_isotipo_negro.png\",\"contentUrl\":\"https:\/\/mogardo.com\/wp-content\/uploads\/2024\/12\/MOGARDO_isotipo_negro.png\",\"width\":1755,\"height\":1755,\"caption\":\"MOGARDO IBIZA\"},\"image\":{\"@id\":\"https:\/\/mogardo.com\/#\/schema\/logo\/image\/\"}}]}<\/script>\n<!-- \/ Yoast SEO plugin. -->","yoast_head_json":{"title":"Pol\u00edtica de cookies Mogardo | Uso de cookies web","description":"Lee nuestra pol\u00edtica de cookies de Mogardo con informaci\u00f3n sobre el uso de cookies, tipos, finalidad y configuraci\u00f3n en el sitio web.","robots":{"index":"noindex","follow":"nofollow"},"og_locale":"en_GB","og_type":"article","og_title":"Pol\u00edtica de cookies Mogardo | Uso de cookies web","og_description":"Lee nuestra pol\u00edtica de cookies de Mogardo con informaci\u00f3n sobre el uso de cookies, tipos, finalidad y configuraci\u00f3n en el sitio web.","og_url":"https:\/\/mogardo.com\/en\/politica-de-cookies\/","og_site_name":"MOGARDO - Dise\u00f1os y moda exclusiva","article_modified_time":"2026-01-19T15:47:34+00:00","twitter_card":"summary_large_image","twitter_misc":{"Estimated reading time":"5 minutes"},"schema":{"@context":"https:\/\/schema.org","@graph":[{"@type":"WebPage","@id":"https:\/\/mogardo.com\/politica-de-cookies\/","url":"https:\/\/mogardo.com\/politica-de-cookies\/","name":"Pol\u00edtica de cookies Mogardo | Uso de cookies web","isPartOf":{"@id":"https:\/\/mogardo.com\/#website"},"datePublished":"2024-05-18T16:38:11+00:00","dateModified":"2026-01-19T15:47:34+00:00","description":"Lee nuestra pol\u00edtica de cookies de Mogardo con informaci\u00f3n sobre el uso de cookies, tipos, finalidad y configuraci\u00f3n en el sitio web.","breadcrumb":{"@id":"https:\/\/mogardo.com\/politica-de-cookies\/#breadcrumb"},"inLanguage":"en-GB","potentialAction":[{"@type":"ReadAction","target":["https:\/\/mogardo.com\/politica-de-cookies\/"]}]},{"@type":"BreadcrumbList","@id":"https:\/\/mogardo.com\/politica-de-cookies\/#breadcrumb","itemListElement":[{"@type":"ListItem","position":1,"name":"Portada","item":"https:\/\/mogardo.com\/"},{"@type":"ListItem","position":2,"name":"Pol\u00edtica de cookies"}]},{"@type":"WebSite","@id":"https:\/\/mogardo.com\/#website","url":"https:\/\/mogardo.com\/","name":"MOGARDO IBIZA","description":"At Mogardo, we create exclusive garments that enhance your essence and natural beauty, combining sophisticated design with the highest quality materials.","publisher":{"@id":"https:\/\/mogardo.com\/#organization"},"potentialAction":[{"@type":"SearchAction","target":{"@type":"EntryPoint","urlTemplate":"https:\/\/mogardo.com\/?s={search_term_string}"},"query-input":{"@type":"PropertyValueSpecification","valueRequired":true,"valueName":"search_term_string"}}],"inLanguage":"en-GB"},{"@type":"Organization","@id":"https:\/\/mogardo.com\/#organization","name":"MOGARDO IBIZA","url":"https:\/\/mogardo.com\/","logo":{"@type":"ImageObject","inLanguage":"en-GB","@id":"https:\/\/mogardo.com\/#\/schema\/logo\/image\/","url":"https:\/\/mogardo.com\/wp-content\/uploads\/2024\/12\/MOGARDO_isotipo_negro.png","contentUrl":"https:\/\/mogardo.com\/wp-content\/uploads\/2024\/12\/MOGARDO_isotipo_negro.png","width":1755,"height":1755,"caption":"MOGARDO IBIZA"},"image":{"@id":"https:\/\/mogardo.com\/#\/schema\/logo\/image\/"}}]}},"_links":{"self":[{"href":"https:\/\/mogardo.com\/en\/wp-json\/wp\/v2\/pages\/21896","targetHints":{"allow":["GET"]}}],"collection":[{"href":"https:\/\/mogardo.com\/en\/wp-json\/wp\/v2\/pages"}],"about":[{"href":"https:\/\/mogardo.com\/en\/wp-json\/wp\/v2\/types\/page"}],"author":[{"embeddable":true,"href":"https:\/\/mogardo.com\/en\/wp-json\/wp\/v2\/users\/1"}],"replies":[{"embeddable":true,"href":"https:\/\/mogardo.com\/en\/wp-json\/wp\/v2\/comments?post=21896"}],"version-history":[{"count":1,"href":"https:\/\/mogardo.com\/en\/wp-json\/wp\/v2\/pages\/21896\/revisions"}],"predecessor-version":[{"id":23721,"href":"https:\/\/mogardo.com\/en\/wp-json\/wp\/v2\/pages\/21896\/revisions\/23721"}],"wp:attachment":[{"href":"https:\/\/mogardo.com\/en\/wp-json\/wp\/v2\/media?parent=21896"}],"curies":[{"name":"wp","href":"https:\/\/api.w.org\/{rel}","templated":true}]}}