{"id":22196,"date":"2024-12-02T09:57:07","date_gmt":"2024-12-02T08:57:07","guid":{"rendered":"https:\/\/mogardo.com\/?page_id=22196"},"modified":"2026-01-07T15:49:54","modified_gmt":"2026-01-07T14:49:54","slug":"condiciones-de-venta-y-devolucion","status":"publish","type":"page","link":"https:\/\/mogardo.com\/en\/condiciones-de-venta-y-devolucion\/","title":{"rendered":"Shipping and Returns"},"content":{"rendered":"<div data-elementor-type=\"wp-page\" data-elementor-id=\"22196\" class=\"elementor elementor-22196\" data-elementor-post-type=\"page\">\n\t\t\t\t<div class=\"elementor-element elementor-element-84c4ea1 e-flex e-con-boxed e-con e-parent\" data-id=\"84c4ea1\" data-element_type=\"container\" data-settings=\"{&quot;background_background&quot;:&quot;classic&quot;}\">\n\t\t\t\t\t<div class=\"e-con-inner\">\n\t\t\t\t<div class=\"elementor-element elementor-element-d3ff03f elementor-widget elementor-widget-heading\" data-id=\"d3ff03f\" data-element_type=\"widget\" data-widget_type=\"heading.default\">\n\t\t\t\t<div class=\"elementor-widget-container\">\n\t\t\t\t\t<h1 class=\"elementor-heading-title elementor-size-default\">Shipping and Returns<\/h1>\t\t\t\t<\/div>\n\t\t\t\t<\/div>\n\t\t\t\t\t<\/div>\n\t\t\t\t<\/div>\n\t\t<div class=\"elementor-element elementor-element-b789d18 e-flex e-con-boxed e-con e-parent\" data-id=\"b789d18\" data-element_type=\"container\">\n\t\t\t\t\t<div class=\"e-con-inner\">\n\t\t\t\t<div class=\"elementor-element elementor-element-341b3e8 elementor-widget elementor-widget-text-editor\" data-id=\"341b3e8\" data-element_type=\"widget\" data-widget_type=\"text-editor.default\">\n\t\t\t\t<div class=\"elementor-widget-container\">\n\t\t\t\t\t\t\t\t\t<div class=\"elementor-element elementor-element-00a36fe e-flex e-con-boxed e-con e-parent e-lazyloaded\" data-id=\"00a36fe\" data-element_type=\"container\"><div class=\"e-con-inner\"><div class=\"elementor-element elementor-element-3689367 elementor-widget elementor-widget-text-editor\" data-id=\"3689367\" data-element_type=\"widget\" data-widget_type=\"text-editor.default\"><div class=\"elementor-widget-container\"><p><strong>Shipping and returns:<\/strong><\/p><p><strong>SHIPPING<\/strong><br \/>National shipments: Once availability is confirmed, shipments are made by courier with an approximate delivery time of 3-5 business days, depending on the type of shipment chosen and whether the destination is mainland or islands.<\/p><p><strong>International shipping:<\/strong> Once stock is confirmed, shipments are made via courier with an approximate delivery time of 3-5 business days, depending on the shipping method chosen and the destination. You can place your orders from anywhere in the world, except Russia. Shipping costs and delivery times depend on the destination, with free shipping for orders over \u20ac100. The applicable costs will be indicated at the time of purchase confirmation.<\/p><p>Countries outside the European Union are subject to taxes, which may or may not be included in the final price. Once you select the final destination for a shipment, you will be informed whether taxes are included, in full or in part, and you can choose to pay them at that time or later, when the order arrives at customs in its final destination.<\/p><p><strong>RETURNS<\/strong><\/p><p><strong>RETURNS OF PRODUCTS FROM THE ONLINE STORE<\/strong><\/p><p>If you are not satisfied with any of the items you have received, you can return them and request an exchange of your order from the collection within 30 days of the delivery date.,<br \/>provided that the garment has not been washed or used and is in its original packaging.<br \/>Shipping costs will not be refunded.<\/p><\/div><\/div><\/div><\/div>\t\t\t\t\t\t\t\t<\/div>\n\t\t\t\t<\/div>\n\t\t\t\t\t<\/div>\n\t\t\t\t<\/div>\n\t\t\t\t<\/div>","protected":false},"excerpt":{"rendered":"<p>Env\u00edos y devoluciones Env\u00edos y devoluciones: ENV\u00cdOS Env\u00edos nacionales: Una vez confirmada la disponibilidad, los env\u00edos se realizan por mensajer\u00eda con un plazo de entrega aproximado de 3-5 d\u00edas laborables, dependiendo del tipo de env\u00edo elegido y de si el destino es peninsular o insular. Env\u00edos internacionales: Una vez confirmado el stock, los env\u00edos se [&hellip;]<\/p>","protected":false},"author":2,"featured_media":0,"parent":0,"menu_order":0,"comment_status":"closed","ping_status":"closed","template":"elementor_header_footer","meta":{"_joinchat":[],"footnotes":""},"class_list":["post-22196","page","type-page","status-publish","hentry"],"yoast_head":"<!-- This site is optimized with the Yoast SEO plugin v26.2 - https:\/\/yoast.com\/wordpress\/plugins\/seo\/ -->\n<title>Env\u00edos y devoluciones Mogardo | Informaci\u00f3n de pedidos<\/title>\n<meta name=\"description\" content=\"Consulta la informaci\u00f3n sobre env\u00edos y devoluciones en Mogardo: plazos, condiciones y gesti\u00f3n de pedidos online.\" \/>\n<meta name=\"robots\" content=\"index, follow, max-snippet:-1, max-image-preview:large, max-video-preview:-1\" \/>\n<link rel=\"canonical\" href=\"https:\/\/mogardo.com\/en\/condiciones-de-venta-y-devolucion\/\" \/>\n<meta property=\"og:locale\" content=\"en_GB\" \/>\n<meta property=\"og:type\" content=\"article\" \/>\n<meta property=\"og:title\" content=\"Env\u00edos y devoluciones Mogardo | Informaci\u00f3n de pedidos\" \/>\n<meta property=\"og:description\" content=\"Consulta la informaci\u00f3n sobre env\u00edos y devoluciones en Mogardo: plazos, condiciones y gesti\u00f3n de pedidos online.\" \/>\n<meta property=\"og:url\" content=\"https:\/\/mogardo.com\/en\/condiciones-de-venta-y-devolucion\/\" \/>\n<meta property=\"og:site_name\" content=\"MOGARDO - Dise\u00f1os y moda exclusiva\" \/>\n<meta property=\"article:modified_time\" content=\"2026-01-07T14:49:54+00:00\" \/>\n<meta name=\"twitter:card\" content=\"summary_large_image\" \/>\n<meta name=\"twitter:label1\" content=\"Estimated reading time\" \/>\n\t<meta name=\"twitter:data1\" content=\"2 minutes\" \/>\n<script type=\"application\/ld+json\" class=\"yoast-schema-graph\">{\"@context\":\"https:\/\/schema.org\",\"@graph\":[{\"@type\":\"WebPage\",\"@id\":\"https:\/\/mogardo.com\/condiciones-de-venta-y-devolucion\/\",\"url\":\"https:\/\/mogardo.com\/condiciones-de-venta-y-devolucion\/\",\"name\":\"Env\u00edos y devoluciones Mogardo | Informaci\u00f3n de pedidos\",\"isPartOf\":{\"@id\":\"https:\/\/mogardo.com\/#website\"},\"datePublished\":\"2024-12-02T08:57:07+00:00\",\"dateModified\":\"2026-01-07T14:49:54+00:00\",\"description\":\"Consulta la informaci\u00f3n sobre env\u00edos y devoluciones en Mogardo: plazos, condiciones y gesti\u00f3n de pedidos online.\",\"breadcrumb\":{\"@id\":\"https:\/\/mogardo.com\/condiciones-de-venta-y-devolucion\/#breadcrumb\"},\"inLanguage\":\"en-GB\",\"potentialAction\":[{\"@type\":\"ReadAction\",\"target\":[\"https:\/\/mogardo.com\/condiciones-de-venta-y-devolucion\/\"]}]},{\"@type\":\"BreadcrumbList\",\"@id\":\"https:\/\/mogardo.com\/condiciones-de-venta-y-devolucion\/#breadcrumb\",\"itemListElement\":[{\"@type\":\"ListItem\",\"position\":1,\"name\":\"Portada\",\"item\":\"https:\/\/mogardo.com\/\"},{\"@type\":\"ListItem\",\"position\":2,\"name\":\"Env\u00edos y devoluciones\"}]},{\"@type\":\"WebSite\",\"@id\":\"https:\/\/mogardo.com\/#website\",\"url\":\"https:\/\/mogardo.com\/\",\"name\":\"MOGARDO IBIZA\",\"description\":\"En Mogardo creamos prendas exclusivas que realzan tu esencia y belleza natural, fusionando dise\u00f1o sofisticado y materiales de la m\u00e1s alta calidad.\",\"publisher\":{\"@id\":\"https:\/\/mogardo.com\/#organization\"},\"potentialAction\":[{\"@type\":\"SearchAction\",\"target\":{\"@type\":\"EntryPoint\",\"urlTemplate\":\"https:\/\/mogardo.com\/?s={search_term_string}\"},\"query-input\":{\"@type\":\"PropertyValueSpecification\",\"valueRequired\":true,\"valueName\":\"search_term_string\"}}],\"inLanguage\":\"en-GB\"},{\"@type\":\"Organization\",\"@id\":\"https:\/\/mogardo.com\/#organization\",\"name\":\"MOGARDO IBIZA\",\"url\":\"https:\/\/mogardo.com\/\",\"logo\":{\"@type\":\"ImageObject\",\"inLanguage\":\"en-GB\",\"@id\":\"https:\/\/mogardo.com\/#\/schema\/logo\/image\/\",\"url\":\"https:\/\/mogardo.com\/wp-content\/uploads\/2024\/12\/MOGARDO_isotipo_negro.png\",\"contentUrl\":\"https:\/\/mogardo.com\/wp-content\/uploads\/2024\/12\/MOGARDO_isotipo_negro.png\",\"width\":1755,\"height\":1755,\"caption\":\"MOGARDO IBIZA\"},\"image\":{\"@id\":\"https:\/\/mogardo.com\/#\/schema\/logo\/image\/\"}}]}<\/script>\n<!-- \/ Yoast SEO plugin. -->","yoast_head_json":{"title":"Env\u00edos y devoluciones Mogardo | Informaci\u00f3n de pedidos","description":"Consulta la informaci\u00f3n sobre env\u00edos y devoluciones en Mogardo: plazos, condiciones y gesti\u00f3n de pedidos online.","robots":{"index":"index","follow":"follow","max-snippet":"max-snippet:-1","max-image-preview":"max-image-preview:large","max-video-preview":"max-video-preview:-1"},"canonical":"https:\/\/mogardo.com\/en\/condiciones-de-venta-y-devolucion\/","og_locale":"en_GB","og_type":"article","og_title":"Env\u00edos y devoluciones Mogardo | Informaci\u00f3n de pedidos","og_description":"Consulta la informaci\u00f3n sobre env\u00edos y devoluciones en Mogardo: plazos, condiciones y gesti\u00f3n de pedidos online.","og_url":"https:\/\/mogardo.com\/en\/condiciones-de-venta-y-devolucion\/","og_site_name":"MOGARDO - Dise\u00f1os y moda exclusiva","article_modified_time":"2026-01-07T14:49:54+00:00","twitter_card":"summary_large_image","twitter_misc":{"Estimated reading time":"2 minutes"},"schema":{"@context":"https:\/\/schema.org","@graph":[{"@type":"WebPage","@id":"https:\/\/mogardo.com\/condiciones-de-venta-y-devolucion\/","url":"https:\/\/mogardo.com\/condiciones-de-venta-y-devolucion\/","name":"Env\u00edos y devoluciones Mogardo | Informaci\u00f3n de pedidos","isPartOf":{"@id":"https:\/\/mogardo.com\/#website"},"datePublished":"2024-12-02T08:57:07+00:00","dateModified":"2026-01-07T14:49:54+00:00","description":"Consulta la informaci\u00f3n sobre env\u00edos y devoluciones en Mogardo: plazos, condiciones y gesti\u00f3n de pedidos online.","breadcrumb":{"@id":"https:\/\/mogardo.com\/condiciones-de-venta-y-devolucion\/#breadcrumb"},"inLanguage":"en-GB","potentialAction":[{"@type":"ReadAction","target":["https:\/\/mogardo.com\/condiciones-de-venta-y-devolucion\/"]}]},{"@type":"BreadcrumbList","@id":"https:\/\/mogardo.com\/condiciones-de-venta-y-devolucion\/#breadcrumb","itemListElement":[{"@type":"ListItem","position":1,"name":"Portada","item":"https:\/\/mogardo.com\/"},{"@type":"ListItem","position":2,"name":"Env\u00edos y devoluciones"}]},{"@type":"WebSite","@id":"https:\/\/mogardo.com\/#website","url":"https:\/\/mogardo.com\/","name":"MOGARDO IBIZA","description":"At Mogardo, we create exclusive garments that enhance your essence and natural beauty, combining sophisticated design with the highest quality materials.","publisher":{"@id":"https:\/\/mogardo.com\/#organization"},"potentialAction":[{"@type":"SearchAction","target":{"@type":"EntryPoint","urlTemplate":"https:\/\/mogardo.com\/?s={search_term_string}"},"query-input":{"@type":"PropertyValueSpecification","valueRequired":true,"valueName":"search_term_string"}}],"inLanguage":"en-GB"},{"@type":"Organization","@id":"https:\/\/mogardo.com\/#organization","name":"MOGARDO IBIZA","url":"https:\/\/mogardo.com\/","logo":{"@type":"ImageObject","inLanguage":"en-GB","@id":"https:\/\/mogardo.com\/#\/schema\/logo\/image\/","url":"https:\/\/mogardo.com\/wp-content\/uploads\/2024\/12\/MOGARDO_isotipo_negro.png","contentUrl":"https:\/\/mogardo.com\/wp-content\/uploads\/2024\/12\/MOGARDO_isotipo_negro.png","width":1755,"height":1755,"caption":"MOGARDO IBIZA"},"image":{"@id":"https:\/\/mogardo.com\/#\/schema\/logo\/image\/"}}]}},"_links":{"self":[{"href":"https:\/\/mogardo.com\/en\/wp-json\/wp\/v2\/pages\/22196","targetHints":{"allow":["GET"]}}],"collection":[{"href":"https:\/\/mogardo.com\/en\/wp-json\/wp\/v2\/pages"}],"about":[{"href":"https:\/\/mogardo.com\/en\/wp-json\/wp\/v2\/types\/page"}],"author":[{"embeddable":true,"href":"https:\/\/mogardo.com\/en\/wp-json\/wp\/v2\/users\/2"}],"replies":[{"embeddable":true,"href":"https:\/\/mogardo.com\/en\/wp-json\/wp\/v2\/comments?post=22196"}],"version-history":[{"count":17,"href":"https:\/\/mogardo.com\/en\/wp-json\/wp\/v2\/pages\/22196\/revisions"}],"predecessor-version":[{"id":23713,"href":"https:\/\/mogardo.com\/en\/wp-json\/wp\/v2\/pages\/22196\/revisions\/23713"}],"wp:attachment":[{"href":"https:\/\/mogardo.com\/en\/wp-json\/wp\/v2\/media?parent=22196"}],"curies":[{"name":"wp","href":"https:\/\/api.w.org\/{rel}","templated":true}]}}