{"id":22176,"date":"2024-12-02T09:45:57","date_gmt":"2024-12-02T08:45:57","guid":{"rendered":"https:\/\/mogardo.com\/?post_type=product&#038;p=22176"},"modified":"2026-01-02T15:09:15","modified_gmt":"2026-01-02T14:09:15","slug":"personaliza-tu-prenda","status":"publish","type":"product","link":"https:\/\/mogardo.com\/en\/product\/personaliza-tu-prenda\/","title":{"rendered":"Personalize your garment"},"content":{"rendered":"<p>Personalize your Mogardo garment<\/p>\n<p data-start=\"684\" data-end=\"953\">In <strong data-start=\"687\" data-end=\"698\">Mogardo<\/strong>, We believe in fashion that adapts to you. Through our service of <strong data-start=\"772\" data-end=\"802\">garment customization<\/strong>, We offer you the possibility of creating a unique design, designed to reflect your style, your personality and the special occasion for which you envision it.<\/p>\n<p data-start=\"955\" data-end=\"1270\">You will be able to <strong data-start=\"962\" data-end=\"1016\">customize fabrics, colors, finishes and details<\/strong>, We tailor each garment to your preferences and needs. Our process combines design, craftsmanship, and attention to detail to create exclusive pieces, crafted with the same care and sophistication that characterizes all Mogardo collections.<\/p>\n<p data-start=\"1272\" data-end=\"1301\"><strong data-start=\"1272\" data-end=\"1301\">Style and occasions for use<\/strong><\/p>\n<p data-start=\"1303\" data-end=\"1603\">Mogardo&#039;s garment customization is ideal for special events, celebrations, guest outfits, unique occasions, or for those seeking a distinctive, custom-made garment. It&#039;s an experience designed for women who value exclusivity, meticulous design, and fashion with its own unique identity.<\/p>","protected":false},"excerpt":{"rendered":"<p>Personaliza tu prenda Mogardo En Mogardo, creemos en una moda que se adapta a ti. A trav\u00e9s de nuestro servicio de personalizaci\u00f3n de prendas, te ofrecemos la posibilidad de crear un dise\u00f1o \u00fanico, pensado para reflejar tu estilo, tu personalidad y la ocasi\u00f3n especial para la que lo imaginas. Podr\u00e1s personalizar tejidos, colores, acabados y [&hellip;]<\/p>","protected":false},"featured_media":22051,"template":"","meta":{"_joinchat":[]},"product_brand":[],"product_cat":[33],"product_tag":[],"class_list":{"0":"post-22176","1":"product","2":"type-product","3":"status-publish","4":"has-post-thumbnail","6":"product_cat-personaliza-tu-prenda","8":"first","9":"instock","10":"taxable","11":"shipping-taxable","12":"product-type-simple","13":"add-to-wishlist-after_add_to_cart"},"yoast_head":"<!-- This site is optimized with the Yoast SEO plugin v26.2 - https:\/\/yoast.com\/wordpress\/plugins\/seo\/ -->\n<title>Personaliza tu prenda Mogardo | Dise\u00f1o a medida<\/title>\n<meta name=\"description\" content=\"Personaliza tu prenda con Mogardo. Tu estilo e idea a medida: tejidos, colores y detalles exclusivos para crear un dise\u00f1o \u00fanico hecho para ti.\" \/>\n<meta name=\"robots\" content=\"index, follow, max-snippet:-1, max-image-preview:large, max-video-preview:-1\" \/>\n<link rel=\"canonical\" href=\"https:\/\/mogardo.com\/en\/product\/personaliza-tu-prenda\/\" \/>\n<meta property=\"og:locale\" content=\"en_GB\" \/>\n<meta property=\"og:type\" content=\"article\" \/>\n<meta property=\"og:title\" content=\"Personaliza tu prenda Mogardo | Dise\u00f1o a medida\" \/>\n<meta property=\"og:description\" content=\"Personaliza tu prenda con Mogardo. Tu estilo e idea a medida: tejidos, colores y detalles exclusivos para crear un dise\u00f1o \u00fanico hecho para ti.\" \/>\n<meta property=\"og:url\" content=\"https:\/\/mogardo.com\/en\/product\/personaliza-tu-prenda\/\" \/>\n<meta property=\"og:site_name\" content=\"MOGARDO - Dise\u00f1os y moda exclusiva\" \/>\n<meta property=\"article:modified_time\" content=\"2026-01-02T14:09:15+00:00\" \/>\n<meta property=\"og:image\" content=\"https:\/\/mogardo.com\/wp-content\/uploads\/2024\/06\/AZ8_7779-3402.jpg\" \/>\n\t<meta property=\"og:image:width\" content=\"8256\" \/>\n\t<meta property=\"og:image:height\" content=\"5504\" \/>\n\t<meta property=\"og:image:type\" content=\"image\/jpeg\" \/>\n<meta name=\"twitter:card\" content=\"summary_large_image\" \/>\n<meta name=\"twitter:label1\" content=\"Estimated reading time\" \/>\n\t<meta name=\"twitter:data1\" content=\"1 minute\" \/>\n<script type=\"application\/ld+json\" class=\"yoast-schema-graph\">{\"@context\":\"https:\/\/schema.org\",\"@graph\":[{\"@type\":\"WebPage\",\"@id\":\"https:\/\/mogardo.com\/producto\/personaliza-tu-prenda\/\",\"url\":\"https:\/\/mogardo.com\/producto\/personaliza-tu-prenda\/\",\"name\":\"Personaliza tu prenda Mogardo | Dise\u00f1o a medida\",\"isPartOf\":{\"@id\":\"https:\/\/mogardo.com\/#website\"},\"primaryImageOfPage\":{\"@id\":\"https:\/\/mogardo.com\/producto\/personaliza-tu-prenda\/#primaryimage\"},\"image\":{\"@id\":\"https:\/\/mogardo.com\/producto\/personaliza-tu-prenda\/#primaryimage\"},\"thumbnailUrl\":\"https:\/\/mogardo.com\/wp-content\/uploads\/2024\/06\/AZ8_7779-3402.jpg\",\"datePublished\":\"2024-12-02T08:45:57+00:00\",\"dateModified\":\"2026-01-02T14:09:15+00:00\",\"description\":\"Personaliza tu prenda con Mogardo. Tu estilo e idea a medida: tejidos, colores y detalles exclusivos para crear un dise\u00f1o \u00fanico hecho para ti.\",\"breadcrumb\":{\"@id\":\"https:\/\/mogardo.com\/producto\/personaliza-tu-prenda\/#breadcrumb\"},\"inLanguage\":\"en-GB\",\"potentialAction\":[{\"@type\":\"ReadAction\",\"target\":[\"https:\/\/mogardo.com\/producto\/personaliza-tu-prenda\/\"]}]},{\"@type\":\"ImageObject\",\"inLanguage\":\"en-GB\",\"@id\":\"https:\/\/mogardo.com\/producto\/personaliza-tu-prenda\/#primaryimage\",\"url\":\"https:\/\/mogardo.com\/wp-content\/uploads\/2024\/06\/AZ8_7779-3402.jpg\",\"contentUrl\":\"https:\/\/mogardo.com\/wp-content\/uploads\/2024\/06\/AZ8_7779-3402.jpg\",\"width\":8256,\"height\":5504},{\"@type\":\"BreadcrumbList\",\"@id\":\"https:\/\/mogardo.com\/producto\/personaliza-tu-prenda\/#breadcrumb\",\"itemListElement\":[{\"@type\":\"ListItem\",\"position\":1,\"name\":\"Portada\",\"item\":\"https:\/\/mogardo.com\/\"},{\"@type\":\"ListItem\",\"position\":2,\"name\":\"Colecciones\",\"item\":\"https:\/\/mogardo.com\/shop\/\"},{\"@type\":\"ListItem\",\"position\":3,\"name\":\"Personaliza tu prenda\"}]},{\"@type\":\"WebSite\",\"@id\":\"https:\/\/mogardo.com\/#website\",\"url\":\"https:\/\/mogardo.com\/\",\"name\":\"MOGARDO IBIZA\",\"description\":\"En Mogardo creamos prendas exclusivas que realzan tu esencia y belleza natural, fusionando dise\u00f1o sofisticado y materiales de la m\u00e1s alta calidad.\",\"publisher\":{\"@id\":\"https:\/\/mogardo.com\/#organization\"},\"potentialAction\":[{\"@type\":\"SearchAction\",\"target\":{\"@type\":\"EntryPoint\",\"urlTemplate\":\"https:\/\/mogardo.com\/?s={search_term_string}\"},\"query-input\":{\"@type\":\"PropertyValueSpecification\",\"valueRequired\":true,\"valueName\":\"search_term_string\"}}],\"inLanguage\":\"en-GB\"},{\"@type\":\"Organization\",\"@id\":\"https:\/\/mogardo.com\/#organization\",\"name\":\"MOGARDO IBIZA\",\"url\":\"https:\/\/mogardo.com\/\",\"logo\":{\"@type\":\"ImageObject\",\"inLanguage\":\"en-GB\",\"@id\":\"https:\/\/mogardo.com\/#\/schema\/logo\/image\/\",\"url\":\"https:\/\/mogardo.com\/wp-content\/uploads\/2024\/12\/MOGARDO_isotipo_negro.png\",\"contentUrl\":\"https:\/\/mogardo.com\/wp-content\/uploads\/2024\/12\/MOGARDO_isotipo_negro.png\",\"width\":1755,\"height\":1755,\"caption\":\"MOGARDO IBIZA\"},\"image\":{\"@id\":\"https:\/\/mogardo.com\/#\/schema\/logo\/image\/\"}}]}<\/script>\n<!-- \/ Yoast SEO plugin. -->","yoast_head_json":{"title":"Personaliza tu prenda Mogardo | Dise\u00f1o a medida","description":"Personaliza tu prenda con Mogardo. Tu estilo e idea a medida: tejidos, colores y detalles exclusivos para crear un dise\u00f1o \u00fanico hecho para ti.","robots":{"index":"index","follow":"follow","max-snippet":"max-snippet:-1","max-image-preview":"max-image-preview:large","max-video-preview":"max-video-preview:-1"},"canonical":"https:\/\/mogardo.com\/en\/product\/personaliza-tu-prenda\/","og_locale":"en_GB","og_type":"article","og_title":"Personaliza tu prenda Mogardo | Dise\u00f1o a medida","og_description":"Personaliza tu prenda con Mogardo. Tu estilo e idea a medida: tejidos, colores y detalles exclusivos para crear un dise\u00f1o \u00fanico hecho para ti.","og_url":"https:\/\/mogardo.com\/en\/product\/personaliza-tu-prenda\/","og_site_name":"MOGARDO - Dise\u00f1os y moda exclusiva","article_modified_time":"2026-01-02T14:09:15+00:00","og_image":[{"width":8256,"height":5504,"url":"https:\/\/mogardo.com\/wp-content\/uploads\/2024\/06\/AZ8_7779-3402.jpg","type":"image\/jpeg"}],"twitter_card":"summary_large_image","twitter_misc":{"Estimated reading time":"1 minute"},"schema":{"@context":"https:\/\/schema.org","@graph":[{"@type":"WebPage","@id":"https:\/\/mogardo.com\/producto\/personaliza-tu-prenda\/","url":"https:\/\/mogardo.com\/producto\/personaliza-tu-prenda\/","name":"Personaliza tu prenda Mogardo | Dise\u00f1o a medida","isPartOf":{"@id":"https:\/\/mogardo.com\/#website"},"primaryImageOfPage":{"@id":"https:\/\/mogardo.com\/producto\/personaliza-tu-prenda\/#primaryimage"},"image":{"@id":"https:\/\/mogardo.com\/producto\/personaliza-tu-prenda\/#primaryimage"},"thumbnailUrl":"https:\/\/mogardo.com\/wp-content\/uploads\/2024\/06\/AZ8_7779-3402.jpg","datePublished":"2024-12-02T08:45:57+00:00","dateModified":"2026-01-02T14:09:15+00:00","description":"Personaliza tu prenda con Mogardo. Tu estilo e idea a medida: tejidos, colores y detalles exclusivos para crear un dise\u00f1o \u00fanico hecho para ti.","breadcrumb":{"@id":"https:\/\/mogardo.com\/producto\/personaliza-tu-prenda\/#breadcrumb"},"inLanguage":"en-GB","potentialAction":[{"@type":"ReadAction","target":["https:\/\/mogardo.com\/producto\/personaliza-tu-prenda\/"]}]},{"@type":"ImageObject","inLanguage":"en-GB","@id":"https:\/\/mogardo.com\/producto\/personaliza-tu-prenda\/#primaryimage","url":"https:\/\/mogardo.com\/wp-content\/uploads\/2024\/06\/AZ8_7779-3402.jpg","contentUrl":"https:\/\/mogardo.com\/wp-content\/uploads\/2024\/06\/AZ8_7779-3402.jpg","width":8256,"height":5504},{"@type":"BreadcrumbList","@id":"https:\/\/mogardo.com\/producto\/personaliza-tu-prenda\/#breadcrumb","itemListElement":[{"@type":"ListItem","position":1,"name":"Portada","item":"https:\/\/mogardo.com\/"},{"@type":"ListItem","position":2,"name":"Colecciones","item":"https:\/\/mogardo.com\/shop\/"},{"@type":"ListItem","position":3,"name":"Personaliza tu prenda"}]},{"@type":"WebSite","@id":"https:\/\/mogardo.com\/#website","url":"https:\/\/mogardo.com\/","name":"MOGARDO IBIZA","description":"At Mogardo, we create exclusive garments that enhance your essence and natural beauty, combining sophisticated design with the highest quality materials.","publisher":{"@id":"https:\/\/mogardo.com\/#organization"},"potentialAction":[{"@type":"SearchAction","target":{"@type":"EntryPoint","urlTemplate":"https:\/\/mogardo.com\/?s={search_term_string}"},"query-input":{"@type":"PropertyValueSpecification","valueRequired":true,"valueName":"search_term_string"}}],"inLanguage":"en-GB"},{"@type":"Organization","@id":"https:\/\/mogardo.com\/#organization","name":"MOGARDO IBIZA","url":"https:\/\/mogardo.com\/","logo":{"@type":"ImageObject","inLanguage":"en-GB","@id":"https:\/\/mogardo.com\/#\/schema\/logo\/image\/","url":"https:\/\/mogardo.com\/wp-content\/uploads\/2024\/12\/MOGARDO_isotipo_negro.png","contentUrl":"https:\/\/mogardo.com\/wp-content\/uploads\/2024\/12\/MOGARDO_isotipo_negro.png","width":1755,"height":1755,"caption":"MOGARDO IBIZA"},"image":{"@id":"https:\/\/mogardo.com\/#\/schema\/logo\/image\/"}}]}},"_links":{"self":[{"href":"https:\/\/mogardo.com\/en\/wp-json\/wp\/v2\/product\/22176","targetHints":{"allow":["GET"]}}],"collection":[{"href":"https:\/\/mogardo.com\/en\/wp-json\/wp\/v2\/product"}],"about":[{"href":"https:\/\/mogardo.com\/en\/wp-json\/wp\/v2\/types\/product"}],"wp:featuredmedia":[{"embeddable":true,"href":"https:\/\/mogardo.com\/en\/wp-json\/wp\/v2\/media\/22051"}],"wp:attachment":[{"href":"https:\/\/mogardo.com\/en\/wp-json\/wp\/v2\/media?parent=22176"}],"wp:term":[{"taxonomy":"product_brand","embeddable":true,"href":"https:\/\/mogardo.com\/en\/wp-json\/wp\/v2\/product_brand?post=22176"},{"taxonomy":"product_cat","embeddable":true,"href":"https:\/\/mogardo.com\/en\/wp-json\/wp\/v2\/product_cat?post=22176"},{"taxonomy":"product_tag","embeddable":true,"href":"https:\/\/mogardo.com\/en\/wp-json\/wp\/v2\/product_tag?post=22176"}],"curies":[{"name":"wp","href":"https:\/\/api.w.org\/{rel}","templated":true}]}}