{"id":22343,"date":"2024-12-12T12:41:03","date_gmt":"2024-12-12T11:41:03","guid":{"rendered":"https:\/\/mogardo.com\/?post_type=product&#038;p=22343"},"modified":"2026-01-02T14:58:13","modified_gmt":"2026-01-02T13:58:13","slug":"kimono-mikado-rosa","status":"publish","type":"product","link":"https:\/\/mogardo.com\/en\/product\/kimono-mikado-rosa\/","title":{"rendered":"PINK MIKADO KIMONO"},"content":{"rendered":"<p>Elegant pink and black mikado kimono<\/p>\n<p data-start=\"629\" data-end=\"993\">He <strong data-start=\"632\" data-end=\"676\">Women&#039;s pink and black mikado kimono<\/strong> It is a sophisticated piece with a strong visual presence that combines structure, contrast, and handcrafted detail. Made in <strong data-start=\"804\" data-end=\"814\">mikado<\/strong>, Made from a substantial and elegant fabric, this design stands out for the harmony between pink and black, creating a refined and contemporary balance, true to the style of <strong data-start=\"981\" data-end=\"992\">Mogardo<\/strong>.<\/p>\n<p data-start=\"995\" data-end=\"1284\">The <strong data-start=\"999\" data-end=\"1019\">fists with marabou<\/strong> They add texture, movement, and a theatrical flair that elevates the garment, making it a key element of the look. Their fluid yet structured silhouette envelops the figure with character, adding distinction and personality to any outfit.<\/p>\n<p data-start=\"1286\" data-end=\"1315\"><strong data-start=\"1286\" data-end=\"1315\">Style and occasions for use<\/strong><\/p>\n<p data-start=\"1317\" data-end=\"1650\">This <strong data-start=\"1322\" data-end=\"1351\">elegant mikado kimono<\/strong> It&#039;s ideal for completing guest outfits, special events, evening celebrations, or sophisticated looks where you want to stand out with an exclusive garment that has its own unique identity. A collection designed for women who value elegance, contrast, and attention to detail as their personal signature.<\/p>","protected":false},"excerpt":{"rendered":"<p>Kimono mikado rosa y negro elegante El kimono de mikado rosa y negro para mujer es una pieza sofisticada y con fuerte presencia visual que combina estructura, contraste y detalle artesanal. Confeccionado en mikado, un tejido de gran cuerpo y elegancia, este dise\u00f1o destaca por la armon\u00eda entre el rosa y el negro, creando un [&hellip;]<\/p>","protected":false},"featured_media":22368,"template":"","meta":{"_joinchat":[]},"product_brand":[],"product_cat":[41,32],"product_tag":[],"class_list":{"0":"post-22343","1":"product","2":"type-product","3":"status-publish","4":"has-post-thumbnail","6":"product_cat-manifesto","7":"product_cat-mujer","9":"first","10":"instock","11":"taxable","12":"shipping-taxable","13":"purchasable","14":"product-type-simple","15":"add-to-wishlist-after_add_to_cart"},"yoast_head":"<!-- This site is optimized with the Yoast SEO plugin v26.2 - https:\/\/yoast.com\/wordpress\/plugins\/seo\/ -->\n<title>Kimono mikado rosa y negro | Elegancia Mogardo<\/title>\n<meta name=\"description\" content=\"Nueva llegada del kimono en mikado rosa y negro con marab\u00fa en los pu\u00f1os. Dise\u00f1o sofisticado y elegante para looks especiales Mogardo.\" \/>\n<meta name=\"robots\" content=\"index, follow, max-snippet:-1, max-image-preview:large, max-video-preview:-1\" \/>\n<link rel=\"canonical\" href=\"https:\/\/mogardo.com\/en\/product\/kimono-mikado-rosa\/\" \/>\n<meta property=\"og:locale\" content=\"en_GB\" \/>\n<meta property=\"og:type\" content=\"article\" \/>\n<meta property=\"og:title\" content=\"Kimono mikado rosa y negro | Elegancia Mogardo\" \/>\n<meta property=\"og:description\" content=\"Nueva llegada del kimono en mikado rosa y negro con marab\u00fa en los pu\u00f1os. Dise\u00f1o sofisticado y elegante para looks especiales Mogardo.\" \/>\n<meta property=\"og:url\" content=\"https:\/\/mogardo.com\/en\/product\/kimono-mikado-rosa\/\" \/>\n<meta property=\"og:site_name\" content=\"MOGARDO - Dise\u00f1os y moda exclusiva\" \/>\n<meta property=\"article:modified_time\" content=\"2026-01-02T13:58:13+00:00\" \/>\n<meta property=\"og:image\" content=\"https:\/\/mogardo.com\/wp-content\/uploads\/2024\/12\/Diseno-sin-titulo-1.jpg\" \/>\n\t<meta property=\"og:image:width\" content=\"1637\" \/>\n\t<meta property=\"og:image:height\" content=\"2048\" \/>\n\t<meta property=\"og:image:type\" content=\"image\/jpeg\" \/>\n<meta name=\"twitter:card\" content=\"summary_large_image\" \/>\n<meta name=\"twitter:label1\" content=\"Estimated reading time\" \/>\n\t<meta name=\"twitter:data1\" content=\"1 minute\" \/>\n<script type=\"application\/ld+json\" class=\"yoast-schema-graph\">{\"@context\":\"https:\/\/schema.org\",\"@graph\":[{\"@type\":\"WebPage\",\"@id\":\"https:\/\/mogardo.com\/producto\/kimono-mikado-rosa\/\",\"url\":\"https:\/\/mogardo.com\/producto\/kimono-mikado-rosa\/\",\"name\":\"Kimono mikado rosa y negro | Elegancia Mogardo\",\"isPartOf\":{\"@id\":\"https:\/\/mogardo.com\/#website\"},\"primaryImageOfPage\":{\"@id\":\"https:\/\/mogardo.com\/producto\/kimono-mikado-rosa\/#primaryimage\"},\"image\":{\"@id\":\"https:\/\/mogardo.com\/producto\/kimono-mikado-rosa\/#primaryimage\"},\"thumbnailUrl\":\"https:\/\/mogardo.com\/wp-content\/uploads\/2024\/12\/Diseno-sin-titulo-1.jpg\",\"datePublished\":\"2024-12-12T11:41:03+00:00\",\"dateModified\":\"2026-01-02T13:58:13+00:00\",\"description\":\"Nueva llegada del kimono en mikado rosa y negro con marab\u00fa en los pu\u00f1os. Dise\u00f1o sofisticado y elegante para looks especiales Mogardo.\",\"breadcrumb\":{\"@id\":\"https:\/\/mogardo.com\/producto\/kimono-mikado-rosa\/#breadcrumb\"},\"inLanguage\":\"en-GB\",\"potentialAction\":[{\"@type\":\"ReadAction\",\"target\":[\"https:\/\/mogardo.com\/producto\/kimono-mikado-rosa\/\"]}]},{\"@type\":\"ImageObject\",\"inLanguage\":\"en-GB\",\"@id\":\"https:\/\/mogardo.com\/producto\/kimono-mikado-rosa\/#primaryimage\",\"url\":\"https:\/\/mogardo.com\/wp-content\/uploads\/2024\/12\/Diseno-sin-titulo-1.jpg\",\"contentUrl\":\"https:\/\/mogardo.com\/wp-content\/uploads\/2024\/12\/Diseno-sin-titulo-1.jpg\",\"width\":1637,\"height\":2048,\"caption\":\"El kimono de mikado rosa y negro para mujer, con pu\u00f1os con marab\u00fa aportan textura, movimiento y un aire esc\u00e9nico que eleva la prenda, convirti\u00e9ndola en un complemento protagonista dentro del look\"},{\"@type\":\"BreadcrumbList\",\"@id\":\"https:\/\/mogardo.com\/producto\/kimono-mikado-rosa\/#breadcrumb\",\"itemListElement\":[{\"@type\":\"ListItem\",\"position\":1,\"name\":\"Portada\",\"item\":\"https:\/\/mogardo.com\/\"},{\"@type\":\"ListItem\",\"position\":2,\"name\":\"Colecciones\",\"item\":\"https:\/\/mogardo.com\/shop\/\"},{\"@type\":\"ListItem\",\"position\":3,\"name\":\"KIMONO MIKADO ROSA\"}]},{\"@type\":\"WebSite\",\"@id\":\"https:\/\/mogardo.com\/#website\",\"url\":\"https:\/\/mogardo.com\/\",\"name\":\"MOGARDO IBIZA\",\"description\":\"En Mogardo creamos prendas exclusivas que realzan tu esencia y belleza natural, fusionando dise\u00f1o sofisticado y materiales de la m\u00e1s alta calidad.\",\"publisher\":{\"@id\":\"https:\/\/mogardo.com\/#organization\"},\"potentialAction\":[{\"@type\":\"SearchAction\",\"target\":{\"@type\":\"EntryPoint\",\"urlTemplate\":\"https:\/\/mogardo.com\/?s={search_term_string}\"},\"query-input\":{\"@type\":\"PropertyValueSpecification\",\"valueRequired\":true,\"valueName\":\"search_term_string\"}}],\"inLanguage\":\"en-GB\"},{\"@type\":\"Organization\",\"@id\":\"https:\/\/mogardo.com\/#organization\",\"name\":\"MOGARDO IBIZA\",\"url\":\"https:\/\/mogardo.com\/\",\"logo\":{\"@type\":\"ImageObject\",\"inLanguage\":\"en-GB\",\"@id\":\"https:\/\/mogardo.com\/#\/schema\/logo\/image\/\",\"url\":\"https:\/\/mogardo.com\/wp-content\/uploads\/2024\/12\/MOGARDO_isotipo_negro.png\",\"contentUrl\":\"https:\/\/mogardo.com\/wp-content\/uploads\/2024\/12\/MOGARDO_isotipo_negro.png\",\"width\":1755,\"height\":1755,\"caption\":\"MOGARDO IBIZA\"},\"image\":{\"@id\":\"https:\/\/mogardo.com\/#\/schema\/logo\/image\/\"}}]}<\/script>\n<!-- \/ Yoast SEO plugin. -->","yoast_head_json":{"title":"Kimono mikado rosa y negro | Elegancia Mogardo","description":"Nueva llegada del kimono en mikado rosa y negro con marab\u00fa en los pu\u00f1os. Dise\u00f1o sofisticado y elegante para looks especiales Mogardo.","robots":{"index":"index","follow":"follow","max-snippet":"max-snippet:-1","max-image-preview":"max-image-preview:large","max-video-preview":"max-video-preview:-1"},"canonical":"https:\/\/mogardo.com\/en\/product\/kimono-mikado-rosa\/","og_locale":"en_GB","og_type":"article","og_title":"Kimono mikado rosa y negro | Elegancia Mogardo","og_description":"Nueva llegada del kimono en mikado rosa y negro con marab\u00fa en los pu\u00f1os. Dise\u00f1o sofisticado y elegante para looks especiales Mogardo.","og_url":"https:\/\/mogardo.com\/en\/product\/kimono-mikado-rosa\/","og_site_name":"MOGARDO - Dise\u00f1os y moda exclusiva","article_modified_time":"2026-01-02T13:58:13+00:00","og_image":[{"width":1637,"height":2048,"url":"https:\/\/mogardo.com\/wp-content\/uploads\/2024\/12\/Diseno-sin-titulo-1.jpg","type":"image\/jpeg"}],"twitter_card":"summary_large_image","twitter_misc":{"Estimated reading time":"1 minute"},"schema":{"@context":"https:\/\/schema.org","@graph":[{"@type":"WebPage","@id":"https:\/\/mogardo.com\/producto\/kimono-mikado-rosa\/","url":"https:\/\/mogardo.com\/producto\/kimono-mikado-rosa\/","name":"Kimono mikado rosa y negro | Elegancia Mogardo","isPartOf":{"@id":"https:\/\/mogardo.com\/#website"},"primaryImageOfPage":{"@id":"https:\/\/mogardo.com\/producto\/kimono-mikado-rosa\/#primaryimage"},"image":{"@id":"https:\/\/mogardo.com\/producto\/kimono-mikado-rosa\/#primaryimage"},"thumbnailUrl":"https:\/\/mogardo.com\/wp-content\/uploads\/2024\/12\/Diseno-sin-titulo-1.jpg","datePublished":"2024-12-12T11:41:03+00:00","dateModified":"2026-01-02T13:58:13+00:00","description":"Nueva llegada del kimono en mikado rosa y negro con marab\u00fa en los pu\u00f1os. Dise\u00f1o sofisticado y elegante para looks especiales Mogardo.","breadcrumb":{"@id":"https:\/\/mogardo.com\/producto\/kimono-mikado-rosa\/#breadcrumb"},"inLanguage":"en-GB","potentialAction":[{"@type":"ReadAction","target":["https:\/\/mogardo.com\/producto\/kimono-mikado-rosa\/"]}]},{"@type":"ImageObject","inLanguage":"en-GB","@id":"https:\/\/mogardo.com\/producto\/kimono-mikado-rosa\/#primaryimage","url":"https:\/\/mogardo.com\/wp-content\/uploads\/2024\/12\/Diseno-sin-titulo-1.jpg","contentUrl":"https:\/\/mogardo.com\/wp-content\/uploads\/2024\/12\/Diseno-sin-titulo-1.jpg","width":1637,"height":2048,"caption":"El kimono de mikado rosa y negro para mujer, con pu\u00f1os con marab\u00fa aportan textura, movimiento y un aire esc\u00e9nico que eleva la prenda, convirti\u00e9ndola en un complemento protagonista dentro del look"},{"@type":"BreadcrumbList","@id":"https:\/\/mogardo.com\/producto\/kimono-mikado-rosa\/#breadcrumb","itemListElement":[{"@type":"ListItem","position":1,"name":"Portada","item":"https:\/\/mogardo.com\/"},{"@type":"ListItem","position":2,"name":"Colecciones","item":"https:\/\/mogardo.com\/shop\/"},{"@type":"ListItem","position":3,"name":"KIMONO MIKADO ROSA"}]},{"@type":"WebSite","@id":"https:\/\/mogardo.com\/#website","url":"https:\/\/mogardo.com\/","name":"MOGARDO IBIZA","description":"At Mogardo, we create exclusive garments that enhance your essence and natural beauty, combining sophisticated design with the highest quality materials.","publisher":{"@id":"https:\/\/mogardo.com\/#organization"},"potentialAction":[{"@type":"SearchAction","target":{"@type":"EntryPoint","urlTemplate":"https:\/\/mogardo.com\/?s={search_term_string}"},"query-input":{"@type":"PropertyValueSpecification","valueRequired":true,"valueName":"search_term_string"}}],"inLanguage":"en-GB"},{"@type":"Organization","@id":"https:\/\/mogardo.com\/#organization","name":"MOGARDO IBIZA","url":"https:\/\/mogardo.com\/","logo":{"@type":"ImageObject","inLanguage":"en-GB","@id":"https:\/\/mogardo.com\/#\/schema\/logo\/image\/","url":"https:\/\/mogardo.com\/wp-content\/uploads\/2024\/12\/MOGARDO_isotipo_negro.png","contentUrl":"https:\/\/mogardo.com\/wp-content\/uploads\/2024\/12\/MOGARDO_isotipo_negro.png","width":1755,"height":1755,"caption":"MOGARDO IBIZA"},"image":{"@id":"https:\/\/mogardo.com\/#\/schema\/logo\/image\/"}}]}},"_links":{"self":[{"href":"https:\/\/mogardo.com\/en\/wp-json\/wp\/v2\/product\/22343","targetHints":{"allow":["GET"]}}],"collection":[{"href":"https:\/\/mogardo.com\/en\/wp-json\/wp\/v2\/product"}],"about":[{"href":"https:\/\/mogardo.com\/en\/wp-json\/wp\/v2\/types\/product"}],"wp:featuredmedia":[{"embeddable":true,"href":"https:\/\/mogardo.com\/en\/wp-json\/wp\/v2\/media\/22368"}],"wp:attachment":[{"href":"https:\/\/mogardo.com\/en\/wp-json\/wp\/v2\/media?parent=22343"}],"wp:term":[{"taxonomy":"product_brand","embeddable":true,"href":"https:\/\/mogardo.com\/en\/wp-json\/wp\/v2\/product_brand?post=22343"},{"taxonomy":"product_cat","embeddable":true,"href":"https:\/\/mogardo.com\/en\/wp-json\/wp\/v2\/product_cat?post=22343"},{"taxonomy":"product_tag","embeddable":true,"href":"https:\/\/mogardo.com\/en\/wp-json\/wp\/v2\/product_tag?post=22343"}],"curies":[{"name":"wp","href":"https:\/\/api.w.org\/{rel}","templated":true}]}}