{"id":22346,"date":"2024-12-12T12:53:35","date_gmt":"2024-12-12T11:53:35","guid":{"rendered":"https:\/\/mogardo.com\/?post_type=product&#038;p=22346"},"modified":"2026-01-02T14:52:42","modified_gmt":"2026-01-02T13:52:42","slug":"vestido-corsetero","status":"publish","type":"product","link":"https:\/\/mogardo.com\/en\/product\/vestido-corsetero\/","title":{"rendered":"CORSET DRESS"},"content":{"rendered":"<p data-start=\"662\" data-end=\"1031\"><strong data-start=\"665\" data-end=\"706\">Corset dress in mesh<\/strong><\/p>\n<p data-start=\"662\" data-end=\"1031\">He <strong data-start=\"665\" data-end=\"706\">Women&#039;s mesh corset dress<\/strong> It is a striking and sophisticated piece that celebrates the female silhouette through a structured and sensual design. Made in <strong data-start=\"840\" data-end=\"861\">interlaced mesh<\/strong>, This dress stands out for its interplay of lines that run across the body, creating a visual effect that enhances and defines the figure with precision, true to the style of <strong data-start=\"1019\" data-end=\"1030\">Mogardo<\/strong>.<\/p>\n<p data-start=\"1033\" data-end=\"1334\">He <strong data-start=\"1036\" data-end=\"1063\">deep, corseted neckline<\/strong> It becomes the focal point of the design, accentuating the body&#039;s lines and adding character, strength, and femininity. Its contemporary aesthetic and meticulous finish make this dress a powerful garment, designed to stand out with elegance and confidence.<\/p>\n<p data-start=\"1336\" data-end=\"1365\"><strong data-start=\"1336\" data-end=\"1365\">Style and occasions for use<\/strong><\/p>\n<p data-start=\"1367\" data-end=\"1663\">This <strong data-start=\"1372\" data-end=\"1402\">elegant corset dress<\/strong> It&#039;s ideal for evening events, special celebrations, parties, or guest looks where a sensual, sophisticated design with a strong presence is desired. A piece designed for women who embrace bold, structured fashion with their own unique style.<\/p>","protected":false},"excerpt":{"rendered":"<p>Vestido corsetero en malla El vestido corsetero en malla para mujer es una pieza impactante y sofisticada que celebra la silueta femenina a trav\u00e9s de un dise\u00f1o estructurado y sensual. Confeccionado en malla entrelazada, este vestido destaca por su juego de l\u00edneas que recorren el cuerpo, creando un efecto visual que realza y define la [&hellip;]<\/p>","protected":false},"featured_media":22372,"template":"","meta":{"_joinchat":[]},"product_brand":[],"product_cat":[41,32],"product_tag":[],"class_list":{"0":"post-22346","1":"product","2":"type-product","3":"status-publish","4":"has-post-thumbnail","6":"product_cat-manifesto","7":"product_cat-mujer","9":"first","10":"instock","11":"taxable","12":"shipping-taxable","13":"purchasable","14":"product-type-simple","15":"add-to-wishlist-after_add_to_cart"},"yoast_head":"<!-- This site is optimized with the Yoast SEO plugin v26.2 - https:\/\/yoast.com\/wordpress\/plugins\/seo\/ -->\n<title>Vestido corsetero en malla | Dise\u00f1o sensual Mogardo<\/title>\n<meta name=\"description\" content=\"Vestido corsetero en malla entrelazada con gran escote encorsetado que define la silueta. Dise\u00f1o sensual y elegante Mogardo.\" \/>\n<meta name=\"robots\" content=\"index, follow, max-snippet:-1, max-image-preview:large, max-video-preview:-1\" \/>\n<link rel=\"canonical\" href=\"https:\/\/mogardo.com\/en\/product\/vestido-corsetero\/\" \/>\n<meta property=\"og:locale\" content=\"en_GB\" \/>\n<meta property=\"og:type\" content=\"article\" \/>\n<meta property=\"og:title\" content=\"Vestido corsetero en malla | Dise\u00f1o sensual Mogardo\" \/>\n<meta property=\"og:description\" content=\"Vestido corsetero en malla entrelazada con gran escote encorsetado que define la silueta. Dise\u00f1o sensual y elegante Mogardo.\" \/>\n<meta property=\"og:url\" content=\"https:\/\/mogardo.com\/en\/product\/vestido-corsetero\/\" \/>\n<meta property=\"og:site_name\" content=\"MOGARDO - Dise\u00f1os y moda exclusiva\" \/>\n<meta property=\"article:modified_time\" content=\"2026-01-02T13:52:42+00:00\" \/>\n<meta property=\"og:image\" content=\"https:\/\/mogardo.com\/wp-content\/uploads\/2024\/12\/Diseno-sin-titulo-3.jpg\" \/>\n\t<meta property=\"og:image:width\" content=\"1637\" \/>\n\t<meta property=\"og:image:height\" content=\"2048\" \/>\n\t<meta property=\"og:image:type\" content=\"image\/jpeg\" \/>\n<meta name=\"twitter:card\" content=\"summary_large_image\" \/>\n<meta name=\"twitter:label1\" content=\"Estimated reading time\" \/>\n\t<meta name=\"twitter:data1\" content=\"1 minute\" \/>\n<script type=\"application\/ld+json\" class=\"yoast-schema-graph\">{\"@context\":\"https:\/\/schema.org\",\"@graph\":[{\"@type\":\"WebPage\",\"@id\":\"https:\/\/mogardo.com\/producto\/vestido-corsetero\/\",\"url\":\"https:\/\/mogardo.com\/producto\/vestido-corsetero\/\",\"name\":\"Vestido corsetero en malla | Dise\u00f1o sensual Mogardo\",\"isPartOf\":{\"@id\":\"https:\/\/mogardo.com\/#website\"},\"primaryImageOfPage\":{\"@id\":\"https:\/\/mogardo.com\/producto\/vestido-corsetero\/#primaryimage\"},\"image\":{\"@id\":\"https:\/\/mogardo.com\/producto\/vestido-corsetero\/#primaryimage\"},\"thumbnailUrl\":\"https:\/\/mogardo.com\/wp-content\/uploads\/2024\/12\/Diseno-sin-titulo-3.jpg\",\"datePublished\":\"2024-12-12T11:53:35+00:00\",\"dateModified\":\"2026-01-02T13:52:42+00:00\",\"description\":\"Vestido corsetero en malla entrelazada con gran escote encorsetado que define la silueta. Dise\u00f1o sensual y elegante Mogardo.\",\"breadcrumb\":{\"@id\":\"https:\/\/mogardo.com\/producto\/vestido-corsetero\/#breadcrumb\"},\"inLanguage\":\"en-GB\",\"potentialAction\":[{\"@type\":\"ReadAction\",\"target\":[\"https:\/\/mogardo.com\/producto\/vestido-corsetero\/\"]}]},{\"@type\":\"ImageObject\",\"inLanguage\":\"en-GB\",\"@id\":\"https:\/\/mogardo.com\/producto\/vestido-corsetero\/#primaryimage\",\"url\":\"https:\/\/mogardo.com\/wp-content\/uploads\/2024\/12\/Diseno-sin-titulo-3.jpg\",\"contentUrl\":\"https:\/\/mogardo.com\/wp-content\/uploads\/2024\/12\/Diseno-sin-titulo-3.jpg\",\"width\":1637,\"height\":2048,\"caption\":\"El vestido corsetero en malla para mujer, una pieza impactante y sofisticada.\"},{\"@type\":\"BreadcrumbList\",\"@id\":\"https:\/\/mogardo.com\/producto\/vestido-corsetero\/#breadcrumb\",\"itemListElement\":[{\"@type\":\"ListItem\",\"position\":1,\"name\":\"Portada\",\"item\":\"https:\/\/mogardo.com\/\"},{\"@type\":\"ListItem\",\"position\":2,\"name\":\"Colecciones\",\"item\":\"https:\/\/mogardo.com\/shop\/\"},{\"@type\":\"ListItem\",\"position\":3,\"name\":\"VESTIDO CORSETERO\"}]},{\"@type\":\"WebSite\",\"@id\":\"https:\/\/mogardo.com\/#website\",\"url\":\"https:\/\/mogardo.com\/\",\"name\":\"MOGARDO IBIZA\",\"description\":\"En Mogardo creamos prendas exclusivas que realzan tu esencia y belleza natural, fusionando dise\u00f1o sofisticado y materiales de la m\u00e1s alta calidad.\",\"publisher\":{\"@id\":\"https:\/\/mogardo.com\/#organization\"},\"potentialAction\":[{\"@type\":\"SearchAction\",\"target\":{\"@type\":\"EntryPoint\",\"urlTemplate\":\"https:\/\/mogardo.com\/?s={search_term_string}\"},\"query-input\":{\"@type\":\"PropertyValueSpecification\",\"valueRequired\":true,\"valueName\":\"search_term_string\"}}],\"inLanguage\":\"en-GB\"},{\"@type\":\"Organization\",\"@id\":\"https:\/\/mogardo.com\/#organization\",\"name\":\"MOGARDO IBIZA\",\"url\":\"https:\/\/mogardo.com\/\",\"logo\":{\"@type\":\"ImageObject\",\"inLanguage\":\"en-GB\",\"@id\":\"https:\/\/mogardo.com\/#\/schema\/logo\/image\/\",\"url\":\"https:\/\/mogardo.com\/wp-content\/uploads\/2024\/12\/MOGARDO_isotipo_negro.png\",\"contentUrl\":\"https:\/\/mogardo.com\/wp-content\/uploads\/2024\/12\/MOGARDO_isotipo_negro.png\",\"width\":1755,\"height\":1755,\"caption\":\"MOGARDO IBIZA\"},\"image\":{\"@id\":\"https:\/\/mogardo.com\/#\/schema\/logo\/image\/\"}}]}<\/script>\n<!-- \/ Yoast SEO plugin. -->","yoast_head_json":{"title":"Vestido corsetero en malla | Dise\u00f1o sensual Mogardo","description":"Vestido corsetero en malla entrelazada con gran escote encorsetado que define la silueta. Dise\u00f1o sensual y elegante Mogardo.","robots":{"index":"index","follow":"follow","max-snippet":"max-snippet:-1","max-image-preview":"max-image-preview:large","max-video-preview":"max-video-preview:-1"},"canonical":"https:\/\/mogardo.com\/en\/product\/vestido-corsetero\/","og_locale":"en_GB","og_type":"article","og_title":"Vestido corsetero en malla | Dise\u00f1o sensual Mogardo","og_description":"Vestido corsetero en malla entrelazada con gran escote encorsetado que define la silueta. Dise\u00f1o sensual y elegante Mogardo.","og_url":"https:\/\/mogardo.com\/en\/product\/vestido-corsetero\/","og_site_name":"MOGARDO - Dise\u00f1os y moda exclusiva","article_modified_time":"2026-01-02T13:52:42+00:00","og_image":[{"width":1637,"height":2048,"url":"https:\/\/mogardo.com\/wp-content\/uploads\/2024\/12\/Diseno-sin-titulo-3.jpg","type":"image\/jpeg"}],"twitter_card":"summary_large_image","twitter_misc":{"Estimated reading time":"1 minute"},"schema":{"@context":"https:\/\/schema.org","@graph":[{"@type":"WebPage","@id":"https:\/\/mogardo.com\/producto\/vestido-corsetero\/","url":"https:\/\/mogardo.com\/producto\/vestido-corsetero\/","name":"Vestido corsetero en malla | Dise\u00f1o sensual Mogardo","isPartOf":{"@id":"https:\/\/mogardo.com\/#website"},"primaryImageOfPage":{"@id":"https:\/\/mogardo.com\/producto\/vestido-corsetero\/#primaryimage"},"image":{"@id":"https:\/\/mogardo.com\/producto\/vestido-corsetero\/#primaryimage"},"thumbnailUrl":"https:\/\/mogardo.com\/wp-content\/uploads\/2024\/12\/Diseno-sin-titulo-3.jpg","datePublished":"2024-12-12T11:53:35+00:00","dateModified":"2026-01-02T13:52:42+00:00","description":"Vestido corsetero en malla entrelazada con gran escote encorsetado que define la silueta. Dise\u00f1o sensual y elegante Mogardo.","breadcrumb":{"@id":"https:\/\/mogardo.com\/producto\/vestido-corsetero\/#breadcrumb"},"inLanguage":"en-GB","potentialAction":[{"@type":"ReadAction","target":["https:\/\/mogardo.com\/producto\/vestido-corsetero\/"]}]},{"@type":"ImageObject","inLanguage":"en-GB","@id":"https:\/\/mogardo.com\/producto\/vestido-corsetero\/#primaryimage","url":"https:\/\/mogardo.com\/wp-content\/uploads\/2024\/12\/Diseno-sin-titulo-3.jpg","contentUrl":"https:\/\/mogardo.com\/wp-content\/uploads\/2024\/12\/Diseno-sin-titulo-3.jpg","width":1637,"height":2048,"caption":"El vestido corsetero en malla para mujer, una pieza impactante y sofisticada."},{"@type":"BreadcrumbList","@id":"https:\/\/mogardo.com\/producto\/vestido-corsetero\/#breadcrumb","itemListElement":[{"@type":"ListItem","position":1,"name":"Portada","item":"https:\/\/mogardo.com\/"},{"@type":"ListItem","position":2,"name":"Colecciones","item":"https:\/\/mogardo.com\/shop\/"},{"@type":"ListItem","position":3,"name":"VESTIDO CORSETERO"}]},{"@type":"WebSite","@id":"https:\/\/mogardo.com\/#website","url":"https:\/\/mogardo.com\/","name":"MOGARDO IBIZA","description":"At Mogardo, we create exclusive garments that enhance your essence and natural beauty, combining sophisticated design with the highest quality materials.","publisher":{"@id":"https:\/\/mogardo.com\/#organization"},"potentialAction":[{"@type":"SearchAction","target":{"@type":"EntryPoint","urlTemplate":"https:\/\/mogardo.com\/?s={search_term_string}"},"query-input":{"@type":"PropertyValueSpecification","valueRequired":true,"valueName":"search_term_string"}}],"inLanguage":"en-GB"},{"@type":"Organization","@id":"https:\/\/mogardo.com\/#organization","name":"MOGARDO IBIZA","url":"https:\/\/mogardo.com\/","logo":{"@type":"ImageObject","inLanguage":"en-GB","@id":"https:\/\/mogardo.com\/#\/schema\/logo\/image\/","url":"https:\/\/mogardo.com\/wp-content\/uploads\/2024\/12\/MOGARDO_isotipo_negro.png","contentUrl":"https:\/\/mogardo.com\/wp-content\/uploads\/2024\/12\/MOGARDO_isotipo_negro.png","width":1755,"height":1755,"caption":"MOGARDO IBIZA"},"image":{"@id":"https:\/\/mogardo.com\/#\/schema\/logo\/image\/"}}]}},"_links":{"self":[{"href":"https:\/\/mogardo.com\/en\/wp-json\/wp\/v2\/product\/22346","targetHints":{"allow":["GET"]}}],"collection":[{"href":"https:\/\/mogardo.com\/en\/wp-json\/wp\/v2\/product"}],"about":[{"href":"https:\/\/mogardo.com\/en\/wp-json\/wp\/v2\/types\/product"}],"wp:featuredmedia":[{"embeddable":true,"href":"https:\/\/mogardo.com\/en\/wp-json\/wp\/v2\/media\/22372"}],"wp:attachment":[{"href":"https:\/\/mogardo.com\/en\/wp-json\/wp\/v2\/media?parent=22346"}],"wp:term":[{"taxonomy":"product_brand","embeddable":true,"href":"https:\/\/mogardo.com\/en\/wp-json\/wp\/v2\/product_brand?post=22346"},{"taxonomy":"product_cat","embeddable":true,"href":"https:\/\/mogardo.com\/en\/wp-json\/wp\/v2\/product_cat?post=22346"},{"taxonomy":"product_tag","embeddable":true,"href":"https:\/\/mogardo.com\/en\/wp-json\/wp\/v2\/product_tag?post=22346"}],"curies":[{"name":"wp","href":"https:\/\/api.w.org\/{rel}","templated":true}]}}