{"id":22349,"date":"2024-12-12T12:56:46","date_gmt":"2024-12-12T11:56:46","guid":{"rendered":"https:\/\/mogardo.com\/?post_type=product&#038;p=22349"},"modified":"2026-01-02T14:45:34","modified_gmt":"2026-01-02T13:45:34","slug":"vestido-newyork","status":"publish","type":"product","link":"https:\/\/mogardo.com\/en\/product\/vestido-newyork\/","title":{"rendered":"NEW YORK DRESS"},"content":{"rendered":"<p data-start=\"640\" data-end=\"996\">New York dress, mermaid cut<\/p>\n<p data-start=\"640\" data-end=\"996\">He <strong data-start=\"643\" data-end=\"673\">New York mermaid style dress for women<\/strong> It&#039;s an elegant and sophisticated design that combines structure, femininity, and contemporary style in an iconic silhouette. <strong data-start=\"798\" data-end=\"814\">mermaid cut<\/strong>, enhanced by a <strong data-start=\"833\" data-end=\"855\">front opening<\/strong>, It stylizes the figure and adds movement, creating a perfect balance between classic elegance and modernity, true to the style of <strong data-start=\"984\" data-end=\"995\">Mogardo<\/strong>.<\/p>\n<p data-start=\"998\" data-end=\"1310\">He <strong data-start=\"1001\" data-end=\"1019\">round neckline<\/strong> It brings harmony and cleanliness to the design, while the <strong data-start=\"1074\" data-end=\"1096\">puffed sleeves<\/strong> They add volume and character, balancing the silhouette with a refined and modern feel. <strong data-start=\"1182\" data-end=\"1211\">nude tulle inner bodysuit<\/strong> It guarantees comfort and a perfect fit, while maintaining the elegant and refined aesthetic of the set.<\/p>\n<p data-start=\"1312\" data-end=\"1341\"><strong data-start=\"1312\" data-end=\"1341\">Style and occasions for use<\/strong><\/p>\n<p data-start=\"1343\" data-end=\"1635\">This <strong data-start=\"1348\" data-end=\"1384\">elegant mermaid-style dress<\/strong> It&#039;s ideal for weddings, formal events, special celebrations, or guest outfits where sophistication, presence, and a flattering silhouette are desired. A piece designed for women who value confident, feminine elegance with personality.<\/p>","protected":false},"excerpt":{"rendered":"<p>Vestido Newyork corte sirena El vestido Newyork corte sirena para mujer es una propuesta elegante y sofisticada que combina estructura, feminidad y dise\u00f1o contempor\u00e1neo en una silueta ic\u00f3nica. Su corte sirena, realzado por una abertura delantera, estiliza la figura y aporta movimiento, creando un equilibrio perfecto entre elegancia cl\u00e1sica y modernidad, fiel al estilo de [&hellip;]<\/p>","protected":false},"featured_media":22379,"template":"","meta":{"_joinchat":[]},"product_brand":[],"product_cat":[41,32],"product_tag":[],"class_list":{"0":"post-22349","1":"product","2":"type-product","3":"status-publish","4":"has-post-thumbnail","6":"product_cat-manifesto","7":"product_cat-mujer","9":"first","10":"instock","11":"taxable","12":"shipping-taxable","13":"purchasable","14":"product-type-simple","15":"add-to-wishlist-after_add_to_cart"},"yoast_head":"<!-- This site is optimized with the Yoast SEO plugin v26.2 - https:\/\/yoast.com\/wordpress\/plugins\/seo\/ -->\n<title>Vestido Newyork corte sirena | Elegancia Mogardo<\/title>\n<meta name=\"description\" content=\"Vestido Newyork corte de sirena ideal para eventos. Con escote redondo, corte sirena y abertura frontal. Mangas abullonadas y body interior en tul Mogardo.\" \/>\n<meta name=\"robots\" content=\"index, follow, max-snippet:-1, max-image-preview:large, max-video-preview:-1\" \/>\n<link rel=\"canonical\" href=\"https:\/\/mogardo.com\/en\/product\/vestido-newyork\/\" \/>\n<meta property=\"og:locale\" content=\"en_GB\" \/>\n<meta property=\"og:type\" content=\"article\" \/>\n<meta property=\"og:title\" content=\"Vestido Newyork corte sirena | Elegancia Mogardo\" \/>\n<meta property=\"og:description\" content=\"Vestido Newyork corte de sirena ideal para eventos. Con escote redondo, corte sirena y abertura frontal. Mangas abullonadas y body interior en tul Mogardo.\" \/>\n<meta property=\"og:url\" content=\"https:\/\/mogardo.com\/en\/product\/vestido-newyork\/\" \/>\n<meta property=\"og:site_name\" content=\"MOGARDO - Dise\u00f1os y moda exclusiva\" \/>\n<meta property=\"article:modified_time\" content=\"2026-01-02T13:45:34+00:00\" \/>\n<meta property=\"og:image\" content=\"https:\/\/mogardo.com\/wp-content\/uploads\/2024\/12\/1-1.jpg\" \/>\n\t<meta property=\"og:image:width\" content=\"1638\" \/>\n\t<meta property=\"og:image:height\" content=\"2048\" \/>\n\t<meta property=\"og:image:type\" content=\"image\/jpeg\" \/>\n<meta name=\"twitter:card\" content=\"summary_large_image\" \/>\n<meta name=\"twitter:label1\" content=\"Estimated reading time\" \/>\n\t<meta name=\"twitter:data1\" content=\"1 minute\" \/>\n<script type=\"application\/ld+json\" class=\"yoast-schema-graph\">{\"@context\":\"https:\/\/schema.org\",\"@graph\":[{\"@type\":\"WebPage\",\"@id\":\"https:\/\/mogardo.com\/producto\/vestido-newyork\/\",\"url\":\"https:\/\/mogardo.com\/producto\/vestido-newyork\/\",\"name\":\"Vestido Newyork corte sirena | Elegancia Mogardo\",\"isPartOf\":{\"@id\":\"https:\/\/mogardo.com\/#website\"},\"primaryImageOfPage\":{\"@id\":\"https:\/\/mogardo.com\/producto\/vestido-newyork\/#primaryimage\"},\"image\":{\"@id\":\"https:\/\/mogardo.com\/producto\/vestido-newyork\/#primaryimage\"},\"thumbnailUrl\":\"https:\/\/mogardo.com\/wp-content\/uploads\/2024\/12\/1-1.jpg\",\"datePublished\":\"2024-12-12T11:56:46+00:00\",\"dateModified\":\"2026-01-02T13:45:34+00:00\",\"description\":\"Vestido Newyork corte de sirena ideal para eventos. Con escote redondo, corte sirena y abertura frontal. Mangas abullonadas y body interior en tul Mogardo.\",\"breadcrumb\":{\"@id\":\"https:\/\/mogardo.com\/producto\/vestido-newyork\/#breadcrumb\"},\"inLanguage\":\"en-GB\",\"potentialAction\":[{\"@type\":\"ReadAction\",\"target\":[\"https:\/\/mogardo.com\/producto\/vestido-newyork\/\"]}]},{\"@type\":\"ImageObject\",\"inLanguage\":\"en-GB\",\"@id\":\"https:\/\/mogardo.com\/producto\/vestido-newyork\/#primaryimage\",\"url\":\"https:\/\/mogardo.com\/wp-content\/uploads\/2024\/12\/1-1.jpg\",\"contentUrl\":\"https:\/\/mogardo.com\/wp-content\/uploads\/2024\/12\/1-1.jpg\",\"width\":1638,\"height\":2048,\"caption\":\"Vestido Newyork corte sirena para mujer es una propuesta elegante y sofisticada que combina estructura, feminidad y dise\u00f1o contempor\u00e1neo en una silueta ic\u00f3nica.\"},{\"@type\":\"BreadcrumbList\",\"@id\":\"https:\/\/mogardo.com\/producto\/vestido-newyork\/#breadcrumb\",\"itemListElement\":[{\"@type\":\"ListItem\",\"position\":1,\"name\":\"Portada\",\"item\":\"https:\/\/mogardo.com\/\"},{\"@type\":\"ListItem\",\"position\":2,\"name\":\"Colecciones\",\"item\":\"https:\/\/mogardo.com\/shop\/\"},{\"@type\":\"ListItem\",\"position\":3,\"name\":\"VESTIDO NEWYORK\"}]},{\"@type\":\"WebSite\",\"@id\":\"https:\/\/mogardo.com\/#website\",\"url\":\"https:\/\/mogardo.com\/\",\"name\":\"MOGARDO IBIZA\",\"description\":\"En Mogardo creamos prendas exclusivas que realzan tu esencia y belleza natural, fusionando dise\u00f1o sofisticado y materiales de la m\u00e1s alta calidad.\",\"publisher\":{\"@id\":\"https:\/\/mogardo.com\/#organization\"},\"potentialAction\":[{\"@type\":\"SearchAction\",\"target\":{\"@type\":\"EntryPoint\",\"urlTemplate\":\"https:\/\/mogardo.com\/?s={search_term_string}\"},\"query-input\":{\"@type\":\"PropertyValueSpecification\",\"valueRequired\":true,\"valueName\":\"search_term_string\"}}],\"inLanguage\":\"en-GB\"},{\"@type\":\"Organization\",\"@id\":\"https:\/\/mogardo.com\/#organization\",\"name\":\"MOGARDO IBIZA\",\"url\":\"https:\/\/mogardo.com\/\",\"logo\":{\"@type\":\"ImageObject\",\"inLanguage\":\"en-GB\",\"@id\":\"https:\/\/mogardo.com\/#\/schema\/logo\/image\/\",\"url\":\"https:\/\/mogardo.com\/wp-content\/uploads\/2024\/12\/MOGARDO_isotipo_negro.png\",\"contentUrl\":\"https:\/\/mogardo.com\/wp-content\/uploads\/2024\/12\/MOGARDO_isotipo_negro.png\",\"width\":1755,\"height\":1755,\"caption\":\"MOGARDO IBIZA\"},\"image\":{\"@id\":\"https:\/\/mogardo.com\/#\/schema\/logo\/image\/\"}}]}<\/script>\n<!-- \/ Yoast SEO plugin. -->","yoast_head_json":{"title":"Vestido Newyork corte sirena | Elegancia Mogardo","description":"Vestido Newyork corte de sirena ideal para eventos. Con escote redondo, corte sirena y abertura frontal. Mangas abullonadas y body interior en tul Mogardo.","robots":{"index":"index","follow":"follow","max-snippet":"max-snippet:-1","max-image-preview":"max-image-preview:large","max-video-preview":"max-video-preview:-1"},"canonical":"https:\/\/mogardo.com\/en\/product\/vestido-newyork\/","og_locale":"en_GB","og_type":"article","og_title":"Vestido Newyork corte sirena | Elegancia Mogardo","og_description":"Vestido Newyork corte de sirena ideal para eventos. Con escote redondo, corte sirena y abertura frontal. Mangas abullonadas y body interior en tul Mogardo.","og_url":"https:\/\/mogardo.com\/en\/product\/vestido-newyork\/","og_site_name":"MOGARDO - Dise\u00f1os y moda exclusiva","article_modified_time":"2026-01-02T13:45:34+00:00","og_image":[{"width":1638,"height":2048,"url":"https:\/\/mogardo.com\/wp-content\/uploads\/2024\/12\/1-1.jpg","type":"image\/jpeg"}],"twitter_card":"summary_large_image","twitter_misc":{"Estimated reading time":"1 minute"},"schema":{"@context":"https:\/\/schema.org","@graph":[{"@type":"WebPage","@id":"https:\/\/mogardo.com\/producto\/vestido-newyork\/","url":"https:\/\/mogardo.com\/producto\/vestido-newyork\/","name":"Vestido Newyork corte sirena | Elegancia Mogardo","isPartOf":{"@id":"https:\/\/mogardo.com\/#website"},"primaryImageOfPage":{"@id":"https:\/\/mogardo.com\/producto\/vestido-newyork\/#primaryimage"},"image":{"@id":"https:\/\/mogardo.com\/producto\/vestido-newyork\/#primaryimage"},"thumbnailUrl":"https:\/\/mogardo.com\/wp-content\/uploads\/2024\/12\/1-1.jpg","datePublished":"2024-12-12T11:56:46+00:00","dateModified":"2026-01-02T13:45:34+00:00","description":"Vestido Newyork corte de sirena ideal para eventos. Con escote redondo, corte sirena y abertura frontal. Mangas abullonadas y body interior en tul Mogardo.","breadcrumb":{"@id":"https:\/\/mogardo.com\/producto\/vestido-newyork\/#breadcrumb"},"inLanguage":"en-GB","potentialAction":[{"@type":"ReadAction","target":["https:\/\/mogardo.com\/producto\/vestido-newyork\/"]}]},{"@type":"ImageObject","inLanguage":"en-GB","@id":"https:\/\/mogardo.com\/producto\/vestido-newyork\/#primaryimage","url":"https:\/\/mogardo.com\/wp-content\/uploads\/2024\/12\/1-1.jpg","contentUrl":"https:\/\/mogardo.com\/wp-content\/uploads\/2024\/12\/1-1.jpg","width":1638,"height":2048,"caption":"Vestido Newyork corte sirena para mujer es una propuesta elegante y sofisticada que combina estructura, feminidad y dise\u00f1o contempor\u00e1neo en una silueta ic\u00f3nica."},{"@type":"BreadcrumbList","@id":"https:\/\/mogardo.com\/producto\/vestido-newyork\/#breadcrumb","itemListElement":[{"@type":"ListItem","position":1,"name":"Portada","item":"https:\/\/mogardo.com\/"},{"@type":"ListItem","position":2,"name":"Colecciones","item":"https:\/\/mogardo.com\/shop\/"},{"@type":"ListItem","position":3,"name":"VESTIDO NEWYORK"}]},{"@type":"WebSite","@id":"https:\/\/mogardo.com\/#website","url":"https:\/\/mogardo.com\/","name":"MOGARDO IBIZA","description":"At Mogardo, we create exclusive garments that enhance your essence and natural beauty, combining sophisticated design with the highest quality materials.","publisher":{"@id":"https:\/\/mogardo.com\/#organization"},"potentialAction":[{"@type":"SearchAction","target":{"@type":"EntryPoint","urlTemplate":"https:\/\/mogardo.com\/?s={search_term_string}"},"query-input":{"@type":"PropertyValueSpecification","valueRequired":true,"valueName":"search_term_string"}}],"inLanguage":"en-GB"},{"@type":"Organization","@id":"https:\/\/mogardo.com\/#organization","name":"MOGARDO IBIZA","url":"https:\/\/mogardo.com\/","logo":{"@type":"ImageObject","inLanguage":"en-GB","@id":"https:\/\/mogardo.com\/#\/schema\/logo\/image\/","url":"https:\/\/mogardo.com\/wp-content\/uploads\/2024\/12\/MOGARDO_isotipo_negro.png","contentUrl":"https:\/\/mogardo.com\/wp-content\/uploads\/2024\/12\/MOGARDO_isotipo_negro.png","width":1755,"height":1755,"caption":"MOGARDO IBIZA"},"image":{"@id":"https:\/\/mogardo.com\/#\/schema\/logo\/image\/"}}]}},"_links":{"self":[{"href":"https:\/\/mogardo.com\/en\/wp-json\/wp\/v2\/product\/22349","targetHints":{"allow":["GET"]}}],"collection":[{"href":"https:\/\/mogardo.com\/en\/wp-json\/wp\/v2\/product"}],"about":[{"href":"https:\/\/mogardo.com\/en\/wp-json\/wp\/v2\/types\/product"}],"wp:featuredmedia":[{"embeddable":true,"href":"https:\/\/mogardo.com\/en\/wp-json\/wp\/v2\/media\/22379"}],"wp:attachment":[{"href":"https:\/\/mogardo.com\/en\/wp-json\/wp\/v2\/media?parent=22349"}],"wp:term":[{"taxonomy":"product_brand","embeddable":true,"href":"https:\/\/mogardo.com\/en\/wp-json\/wp\/v2\/product_brand?post=22349"},{"taxonomy":"product_cat","embeddable":true,"href":"https:\/\/mogardo.com\/en\/wp-json\/wp\/v2\/product_cat?post=22349"},{"taxonomy":"product_tag","embeddable":true,"href":"https:\/\/mogardo.com\/en\/wp-json\/wp\/v2\/product_tag?post=22349"}],"curies":[{"name":"wp","href":"https:\/\/api.w.org\/{rel}","templated":true}]}}