{"id":22353,"date":"2024-12-12T13:00:06","date_gmt":"2024-12-12T12:00:06","guid":{"rendered":"https:\/\/mogardo.com\/?post_type=product&#038;p=22353"},"modified":"2026-01-02T14:33:58","modified_gmt":"2026-01-02T13:33:58","slug":"conjunto-mini-black","status":"publish","type":"product","link":"https:\/\/mogardo.com\/en\/product\/conjunto-mini-black\/","title":{"rendered":"MINI BLACK SET"},"content":{"rendered":"<p>Elegant sequined mini black set<\/p>\n<p data-start=\"656\" data-end=\"989\">He <strong data-start=\"659\" data-end=\"709\">Women&#039;s Mini Black Sequin Set<\/strong> It&#039;s a bold and sophisticated proposal that embraces elegant evening wear with character. Made in <strong data-start=\"820\" data-end=\"843\">sequined tulle<\/strong>, This set combines sensuality and contemporary design in a light and feminine silhouette, reflecting the current and refined style of <strong data-start=\"977\" data-end=\"988\">Mogardo<\/strong>.<\/p>\n<p data-start=\"991\" data-end=\"1319\">He <strong data-start=\"994\" data-end=\"1012\">asymmetrical top<\/strong> It adds a modern, structural touch that enhances the torso, while the <strong data-start=\"1088\" data-end=\"1113\">mini sarong-style skirt<\/strong> It adds movement and a suggestive air to the ensemble. The subtle shimmer of the sequins envelops the design with an elegant and eye-catching finish, making it a piece designed to stand out.<\/p>\n<p data-start=\"1321\" data-end=\"1350\"><strong data-start=\"1321\" data-end=\"1350\">Style and occasions for use<\/strong><\/p>\n<p data-start=\"1352\" data-end=\"1650\">This <strong data-start=\"1357\" data-end=\"1401\">elegant tulle set with sequins<\/strong> It&#039;s ideal for evening parties, special events, celebrations, or sophisticated looks where prominence and sensuality go hand in hand. A perfect choice for women who want to stand out with a modern, feminine, and distinctive design.<\/p>","protected":false},"excerpt":{"rendered":"<p>Conjunto Mini Black con lentejuelas elegante El conjunto Mini Black con lentejuelas para mujer es una propuesta atrevida y sofisticada que apuesta por una elegancia nocturna con car\u00e1cter. Confeccionado en tul con lentejuelas, este conjunto combina sensualidad y dise\u00f1o contempor\u00e1neo en una silueta ligera y femenina, reflejando el estilo actual y cuidado de Mogardo. El [&hellip;]<\/p>","protected":false},"featured_media":22389,"template":"","meta":{"_joinchat":[]},"product_brand":[],"product_cat":[41,32],"product_tag":[],"class_list":{"0":"post-22353","1":"product","2":"type-product","3":"status-publish","4":"has-post-thumbnail","6":"product_cat-manifesto","7":"product_cat-mujer","9":"first","10":"instock","11":"taxable","12":"shipping-taxable","13":"purchasable","14":"product-type-simple","15":"add-to-wishlist-after_add_to_cart"},"yoast_head":"<!-- This site is optimized with the Yoast SEO plugin v26.2 - https:\/\/yoast.com\/wordpress\/plugins\/seo\/ -->\n<title>Conjunto Mini Black lentejuelas | Noche Mogardo<\/title>\n<meta name=\"description\" content=\"Elige lo mejor en elegancia para la noche con el conjunto Mini Black en tul con lentejuelas, top asim\u00e9trico y mini pareo. Dise\u00f1o sexy y sofisticado Mogardo.\" \/>\n<meta name=\"robots\" content=\"index, follow, max-snippet:-1, max-image-preview:large, max-video-preview:-1\" \/>\n<link rel=\"canonical\" href=\"https:\/\/mogardo.com\/en\/product\/conjunto-mini-black\/\" \/>\n<meta property=\"og:locale\" content=\"en_GB\" \/>\n<meta property=\"og:type\" content=\"article\" \/>\n<meta property=\"og:title\" content=\"Conjunto Mini Black lentejuelas | Noche Mogardo\" \/>\n<meta property=\"og:description\" content=\"Elige lo mejor en elegancia para la noche con el conjunto Mini Black en tul con lentejuelas, top asim\u00e9trico y mini pareo. Dise\u00f1o sexy y sofisticado Mogardo.\" \/>\n<meta property=\"og:url\" content=\"https:\/\/mogardo.com\/en\/product\/conjunto-mini-black\/\" \/>\n<meta property=\"og:site_name\" content=\"MOGARDO - Dise\u00f1os y moda exclusiva\" \/>\n<meta property=\"article:modified_time\" content=\"2026-01-02T13:33:58+00:00\" \/>\n<meta property=\"og:image\" content=\"https:\/\/mogardo.com\/wp-content\/uploads\/2024\/12\/1-5.jpg\" \/>\n\t<meta property=\"og:image:width\" content=\"1638\" \/>\n\t<meta property=\"og:image:height\" content=\"2048\" \/>\n\t<meta property=\"og:image:type\" content=\"image\/jpeg\" \/>\n<meta name=\"twitter:card\" content=\"summary_large_image\" \/>\n<meta name=\"twitter:label1\" content=\"Estimated reading time\" \/>\n\t<meta name=\"twitter:data1\" content=\"1 minute\" \/>\n<script type=\"application\/ld+json\" class=\"yoast-schema-graph\">{\"@context\":\"https:\/\/schema.org\",\"@graph\":[{\"@type\":\"WebPage\",\"@id\":\"https:\/\/mogardo.com\/producto\/conjunto-mini-black\/\",\"url\":\"https:\/\/mogardo.com\/producto\/conjunto-mini-black\/\",\"name\":\"Conjunto Mini Black lentejuelas | Noche Mogardo\",\"isPartOf\":{\"@id\":\"https:\/\/mogardo.com\/#website\"},\"primaryImageOfPage\":{\"@id\":\"https:\/\/mogardo.com\/producto\/conjunto-mini-black\/#primaryimage\"},\"image\":{\"@id\":\"https:\/\/mogardo.com\/producto\/conjunto-mini-black\/#primaryimage\"},\"thumbnailUrl\":\"https:\/\/mogardo.com\/wp-content\/uploads\/2024\/12\/1-5.jpg\",\"datePublished\":\"2024-12-12T12:00:06+00:00\",\"dateModified\":\"2026-01-02T13:33:58+00:00\",\"description\":\"Elige lo mejor en elegancia para la noche con el conjunto Mini Black en tul con lentejuelas, top asim\u00e9trico y mini pareo. Dise\u00f1o sexy y sofisticado Mogardo.\",\"breadcrumb\":{\"@id\":\"https:\/\/mogardo.com\/producto\/conjunto-mini-black\/#breadcrumb\"},\"inLanguage\":\"en-GB\",\"potentialAction\":[{\"@type\":\"ReadAction\",\"target\":[\"https:\/\/mogardo.com\/producto\/conjunto-mini-black\/\"]}]},{\"@type\":\"ImageObject\",\"inLanguage\":\"en-GB\",\"@id\":\"https:\/\/mogardo.com\/producto\/conjunto-mini-black\/#primaryimage\",\"url\":\"https:\/\/mogardo.com\/wp-content\/uploads\/2024\/12\/1-5.jpg\",\"contentUrl\":\"https:\/\/mogardo.com\/wp-content\/uploads\/2024\/12\/1-5.jpg\",\"width\":1638,\"height\":2048,\"caption\":\"conjunto Mini Black con lentejuelas, con top asim\u00e9trico aporta un punto moderno y estructural que realza el torso, mientras que la mini falda tipo pareo a\u00f1ade movimiento y un aire sugerente al conjunto.\"},{\"@type\":\"BreadcrumbList\",\"@id\":\"https:\/\/mogardo.com\/producto\/conjunto-mini-black\/#breadcrumb\",\"itemListElement\":[{\"@type\":\"ListItem\",\"position\":1,\"name\":\"Portada\",\"item\":\"https:\/\/mogardo.com\/\"},{\"@type\":\"ListItem\",\"position\":2,\"name\":\"Colecciones\",\"item\":\"https:\/\/mogardo.com\/shop\/\"},{\"@type\":\"ListItem\",\"position\":3,\"name\":\"CONJUNTO MINI BLACK\"}]},{\"@type\":\"WebSite\",\"@id\":\"https:\/\/mogardo.com\/#website\",\"url\":\"https:\/\/mogardo.com\/\",\"name\":\"MOGARDO IBIZA\",\"description\":\"En Mogardo creamos prendas exclusivas que realzan tu esencia y belleza natural, fusionando dise\u00f1o sofisticado y materiales de la m\u00e1s alta calidad.\",\"publisher\":{\"@id\":\"https:\/\/mogardo.com\/#organization\"},\"potentialAction\":[{\"@type\":\"SearchAction\",\"target\":{\"@type\":\"EntryPoint\",\"urlTemplate\":\"https:\/\/mogardo.com\/?s={search_term_string}\"},\"query-input\":{\"@type\":\"PropertyValueSpecification\",\"valueRequired\":true,\"valueName\":\"search_term_string\"}}],\"inLanguage\":\"en-GB\"},{\"@type\":\"Organization\",\"@id\":\"https:\/\/mogardo.com\/#organization\",\"name\":\"MOGARDO IBIZA\",\"url\":\"https:\/\/mogardo.com\/\",\"logo\":{\"@type\":\"ImageObject\",\"inLanguage\":\"en-GB\",\"@id\":\"https:\/\/mogardo.com\/#\/schema\/logo\/image\/\",\"url\":\"https:\/\/mogardo.com\/wp-content\/uploads\/2024\/12\/MOGARDO_isotipo_negro.png\",\"contentUrl\":\"https:\/\/mogardo.com\/wp-content\/uploads\/2024\/12\/MOGARDO_isotipo_negro.png\",\"width\":1755,\"height\":1755,\"caption\":\"MOGARDO IBIZA\"},\"image\":{\"@id\":\"https:\/\/mogardo.com\/#\/schema\/logo\/image\/\"}}]}<\/script>\n<!-- \/ Yoast SEO plugin. -->","yoast_head_json":{"title":"Conjunto Mini Black lentejuelas | Noche Mogardo","description":"Elige lo mejor en elegancia para la noche con el conjunto Mini Black en tul con lentejuelas, top asim\u00e9trico y mini pareo. Dise\u00f1o sexy y sofisticado Mogardo.","robots":{"index":"index","follow":"follow","max-snippet":"max-snippet:-1","max-image-preview":"max-image-preview:large","max-video-preview":"max-video-preview:-1"},"canonical":"https:\/\/mogardo.com\/en\/product\/conjunto-mini-black\/","og_locale":"en_GB","og_type":"article","og_title":"Conjunto Mini Black lentejuelas | Noche Mogardo","og_description":"Elige lo mejor en elegancia para la noche con el conjunto Mini Black en tul con lentejuelas, top asim\u00e9trico y mini pareo. Dise\u00f1o sexy y sofisticado Mogardo.","og_url":"https:\/\/mogardo.com\/en\/product\/conjunto-mini-black\/","og_site_name":"MOGARDO - Dise\u00f1os y moda exclusiva","article_modified_time":"2026-01-02T13:33:58+00:00","og_image":[{"width":1638,"height":2048,"url":"https:\/\/mogardo.com\/wp-content\/uploads\/2024\/12\/1-5.jpg","type":"image\/jpeg"}],"twitter_card":"summary_large_image","twitter_misc":{"Estimated reading time":"1 minute"},"schema":{"@context":"https:\/\/schema.org","@graph":[{"@type":"WebPage","@id":"https:\/\/mogardo.com\/producto\/conjunto-mini-black\/","url":"https:\/\/mogardo.com\/producto\/conjunto-mini-black\/","name":"Conjunto Mini Black lentejuelas | Noche Mogardo","isPartOf":{"@id":"https:\/\/mogardo.com\/#website"},"primaryImageOfPage":{"@id":"https:\/\/mogardo.com\/producto\/conjunto-mini-black\/#primaryimage"},"image":{"@id":"https:\/\/mogardo.com\/producto\/conjunto-mini-black\/#primaryimage"},"thumbnailUrl":"https:\/\/mogardo.com\/wp-content\/uploads\/2024\/12\/1-5.jpg","datePublished":"2024-12-12T12:00:06+00:00","dateModified":"2026-01-02T13:33:58+00:00","description":"Elige lo mejor en elegancia para la noche con el conjunto Mini Black en tul con lentejuelas, top asim\u00e9trico y mini pareo. Dise\u00f1o sexy y sofisticado Mogardo.","breadcrumb":{"@id":"https:\/\/mogardo.com\/producto\/conjunto-mini-black\/#breadcrumb"},"inLanguage":"en-GB","potentialAction":[{"@type":"ReadAction","target":["https:\/\/mogardo.com\/producto\/conjunto-mini-black\/"]}]},{"@type":"ImageObject","inLanguage":"en-GB","@id":"https:\/\/mogardo.com\/producto\/conjunto-mini-black\/#primaryimage","url":"https:\/\/mogardo.com\/wp-content\/uploads\/2024\/12\/1-5.jpg","contentUrl":"https:\/\/mogardo.com\/wp-content\/uploads\/2024\/12\/1-5.jpg","width":1638,"height":2048,"caption":"conjunto Mini Black con lentejuelas, con top asim\u00e9trico aporta un punto moderno y estructural que realza el torso, mientras que la mini falda tipo pareo a\u00f1ade movimiento y un aire sugerente al conjunto."},{"@type":"BreadcrumbList","@id":"https:\/\/mogardo.com\/producto\/conjunto-mini-black\/#breadcrumb","itemListElement":[{"@type":"ListItem","position":1,"name":"Portada","item":"https:\/\/mogardo.com\/"},{"@type":"ListItem","position":2,"name":"Colecciones","item":"https:\/\/mogardo.com\/shop\/"},{"@type":"ListItem","position":3,"name":"CONJUNTO MINI BLACK"}]},{"@type":"WebSite","@id":"https:\/\/mogardo.com\/#website","url":"https:\/\/mogardo.com\/","name":"MOGARDO IBIZA","description":"At Mogardo, we create exclusive garments that enhance your essence and natural beauty, combining sophisticated design with the highest quality materials.","publisher":{"@id":"https:\/\/mogardo.com\/#organization"},"potentialAction":[{"@type":"SearchAction","target":{"@type":"EntryPoint","urlTemplate":"https:\/\/mogardo.com\/?s={search_term_string}"},"query-input":{"@type":"PropertyValueSpecification","valueRequired":true,"valueName":"search_term_string"}}],"inLanguage":"en-GB"},{"@type":"Organization","@id":"https:\/\/mogardo.com\/#organization","name":"MOGARDO IBIZA","url":"https:\/\/mogardo.com\/","logo":{"@type":"ImageObject","inLanguage":"en-GB","@id":"https:\/\/mogardo.com\/#\/schema\/logo\/image\/","url":"https:\/\/mogardo.com\/wp-content\/uploads\/2024\/12\/MOGARDO_isotipo_negro.png","contentUrl":"https:\/\/mogardo.com\/wp-content\/uploads\/2024\/12\/MOGARDO_isotipo_negro.png","width":1755,"height":1755,"caption":"MOGARDO IBIZA"},"image":{"@id":"https:\/\/mogardo.com\/#\/schema\/logo\/image\/"}}]}},"_links":{"self":[{"href":"https:\/\/mogardo.com\/en\/wp-json\/wp\/v2\/product\/22353","targetHints":{"allow":["GET"]}}],"collection":[{"href":"https:\/\/mogardo.com\/en\/wp-json\/wp\/v2\/product"}],"about":[{"href":"https:\/\/mogardo.com\/en\/wp-json\/wp\/v2\/types\/product"}],"wp:featuredmedia":[{"embeddable":true,"href":"https:\/\/mogardo.com\/en\/wp-json\/wp\/v2\/media\/22389"}],"wp:attachment":[{"href":"https:\/\/mogardo.com\/en\/wp-json\/wp\/v2\/media?parent=22353"}],"wp:term":[{"taxonomy":"product_brand","embeddable":true,"href":"https:\/\/mogardo.com\/en\/wp-json\/wp\/v2\/product_brand?post=22353"},{"taxonomy":"product_cat","embeddable":true,"href":"https:\/\/mogardo.com\/en\/wp-json\/wp\/v2\/product_cat?post=22353"},{"taxonomy":"product_tag","embeddable":true,"href":"https:\/\/mogardo.com\/en\/wp-json\/wp\/v2\/product_tag?post=22353"}],"curies":[{"name":"wp","href":"https:\/\/api.w.org\/{rel}","templated":true}]}}