{"id":23584,"date":"2025-07-18T18:26:31","date_gmt":"2025-07-18T16:26:31","guid":{"rendered":"https:\/\/mogardo.com\/?post_type=product&#038;p=23584"},"modified":"2025-12-17T17:10:31","modified_gmt":"2025-12-17T16:10:31","slug":"vestido-noir","status":"publish","type":"product","link":"https:\/\/mogardo.com\/en\/product\/vestido-noir\/","title":{"rendered":"NOIR DRESS"},"content":{"rendered":"<p data-start=\"623\" data-end=\"912\">He <strong data-start=\"626\" data-end=\"664\">Noir dress with guipure lace for women<\/strong> It is a sophisticated and distinctive piece that embraces a sensual and contemporary elegance. Its meticulous design combines clean lines with strategic details, creating a striking and feminine silhouette, true to the brand&#039;s signature style. <strong data-start=\"900\" data-end=\"911\">Mogardo<\/strong>.<\/p>\n<p data-start=\"914\" data-end=\"1234\">The <strong data-start=\"918\" data-end=\"949\">large side openings<\/strong> They add movement and a bold visual effect that stylizes the figure, while the <strong data-start=\"1038\" data-end=\"1060\">Guipure details<\/strong> They add texture and refinement to the design. This contrast between structure and fluidity makes the Noir dress a statement piece, designed to stand out with elegance.<\/p>\n<p data-start=\"1236\" data-end=\"1265\"><strong data-start=\"1236\" data-end=\"1265\">Style and occasions for use<\/strong><\/p>\n<p data-start=\"1267\" data-end=\"1546\">This <strong data-start=\"1272\" data-end=\"1306\">elegant dress with slits<\/strong> It&#039;s ideal for evening events, special celebrations, sophisticated dinners, or guest looks with a modern and sensual flair. The Noir Guipure dress is a design created for women seeking a statement piece with personality and a distinctive elegance.<\/p>","protected":false},"excerpt":{"rendered":"<p>El vestido Noir con guipur para mujer es una pieza sofisticada y con car\u00e1cter que apuesta por una elegancia sensual y contempor\u00e1nea. Su dise\u00f1o cuidado combina l\u00edneas limpias con detalles estrat\u00e9gicos, creando una silueta impactante y femenina, fiel al estilo distintivo de Mogardo. Las grandes aberturas laterales aportan movimiento y un efecto visual atrevido que [&hellip;]<\/p>","protected":false},"featured_media":23585,"template":"","meta":{"_joinchat":[]},"product_brand":[],"product_cat":[32,47],"product_tag":[],"class_list":{"0":"post-23584","1":"product","2":"type-product","3":"status-publish","4":"has-post-thumbnail","6":"product_cat-mujer","7":"product_cat-raices-mujer","9":"first","10":"instock","11":"taxable","12":"shipping-taxable","13":"purchasable","14":"product-type-simple","15":"add-to-wishlist-after_add_to_cart"},"yoast_head":"<!-- This site is optimized with the Yoast SEO plugin v26.2 - https:\/\/yoast.com\/wordpress\/plugins\/seo\/ -->\n<title>Vestido Noir guipur | Dise\u00f1o elegante Mogardo<\/title>\n<meta name=\"description\" content=\"Descubre el nuevo vestido Noir con grandes aberturas laterales y detalles de guipur. Dise\u00f1o sofisticado y sensual para eventos de Mogardo.\" \/>\n<meta name=\"robots\" content=\"index, follow, max-snippet:-1, max-image-preview:large, max-video-preview:-1\" \/>\n<link rel=\"canonical\" href=\"https:\/\/mogardo.com\/en\/product\/vestido-noir\/\" \/>\n<meta property=\"og:locale\" content=\"en_GB\" \/>\n<meta property=\"og:type\" content=\"article\" \/>\n<meta property=\"og:title\" content=\"Vestido Noir guipur | Dise\u00f1o elegante Mogardo\" \/>\n<meta property=\"og:description\" content=\"Descubre el nuevo vestido Noir con grandes aberturas laterales y detalles de guipur. Dise\u00f1o sofisticado y sensual para eventos de Mogardo.\" \/>\n<meta property=\"og:url\" content=\"https:\/\/mogardo.com\/en\/product\/vestido-noir\/\" \/>\n<meta property=\"og:site_name\" content=\"MOGARDO - Dise\u00f1os y moda exclusiva\" \/>\n<meta property=\"article:modified_time\" content=\"2025-12-17T16:10:31+00:00\" \/>\n<meta property=\"og:image\" content=\"https:\/\/mogardo.com\/wp-content\/uploads\/2025\/07\/IMG_0297-scaled.jpeg\" \/>\n\t<meta property=\"og:image:width\" content=\"1707\" \/>\n\t<meta property=\"og:image:height\" content=\"2560\" \/>\n\t<meta property=\"og:image:type\" content=\"image\/jpeg\" \/>\n<meta name=\"twitter:card\" content=\"summary_large_image\" \/>\n<meta name=\"twitter:label1\" content=\"Estimated reading time\" \/>\n\t<meta name=\"twitter:data1\" content=\"1 minute\" \/>\n<script type=\"application\/ld+json\" class=\"yoast-schema-graph\">{\"@context\":\"https:\/\/schema.org\",\"@graph\":[{\"@type\":\"WebPage\",\"@id\":\"https:\/\/mogardo.com\/producto\/vestido-noir\/\",\"url\":\"https:\/\/mogardo.com\/producto\/vestido-noir\/\",\"name\":\"Vestido Noir guipur | Dise\u00f1o elegante Mogardo\",\"isPartOf\":{\"@id\":\"https:\/\/mogardo.com\/#website\"},\"primaryImageOfPage\":{\"@id\":\"https:\/\/mogardo.com\/producto\/vestido-noir\/#primaryimage\"},\"image\":{\"@id\":\"https:\/\/mogardo.com\/producto\/vestido-noir\/#primaryimage\"},\"thumbnailUrl\":\"https:\/\/mogardo.com\/wp-content\/uploads\/2025\/07\/IMG_0297-scaled.jpeg\",\"datePublished\":\"2025-07-18T16:26:31+00:00\",\"dateModified\":\"2025-12-17T16:10:31+00:00\",\"description\":\"Descubre el nuevo vestido Noir con grandes aberturas laterales y detalles de guipur. Dise\u00f1o sofisticado y sensual para eventos de Mogardo.\",\"breadcrumb\":{\"@id\":\"https:\/\/mogardo.com\/producto\/vestido-noir\/#breadcrumb\"},\"inLanguage\":\"en-GB\",\"potentialAction\":[{\"@type\":\"ReadAction\",\"target\":[\"https:\/\/mogardo.com\/producto\/vestido-noir\/\"]}]},{\"@type\":\"ImageObject\",\"inLanguage\":\"en-GB\",\"@id\":\"https:\/\/mogardo.com\/producto\/vestido-noir\/#primaryimage\",\"url\":\"https:\/\/mogardo.com\/wp-content\/uploads\/2025\/07\/IMG_0297-scaled.jpeg\",\"contentUrl\":\"https:\/\/mogardo.com\/wp-content\/uploads\/2025\/07\/IMG_0297-scaled.jpeg\",\"width\":1707,\"height\":2560,\"caption\":\"El vestido Noir con guipur para mujer es una pieza sofisticada y con car\u00e1cter que apuesta por una elegancia sensual y contempor\u00e1nea. Su dise\u00f1o cuidado combina l\u00edneas limpias con detalles estrat\u00e9gicos, creando una silueta impactante y femenina, fiel al estilo distintivo de Mogardo.\"},{\"@type\":\"BreadcrumbList\",\"@id\":\"https:\/\/mogardo.com\/producto\/vestido-noir\/#breadcrumb\",\"itemListElement\":[{\"@type\":\"ListItem\",\"position\":1,\"name\":\"Portada\",\"item\":\"https:\/\/mogardo.com\/\"},{\"@type\":\"ListItem\",\"position\":2,\"name\":\"Colecciones\",\"item\":\"https:\/\/mogardo.com\/shop\/\"},{\"@type\":\"ListItem\",\"position\":3,\"name\":\"VESTIDO NOIR\"}]},{\"@type\":\"WebSite\",\"@id\":\"https:\/\/mogardo.com\/#website\",\"url\":\"https:\/\/mogardo.com\/\",\"name\":\"MOGARDO IBIZA\",\"description\":\"En Mogardo creamos prendas exclusivas que realzan tu esencia y belleza natural, fusionando dise\u00f1o sofisticado y materiales de la m\u00e1s alta calidad.\",\"publisher\":{\"@id\":\"https:\/\/mogardo.com\/#organization\"},\"potentialAction\":[{\"@type\":\"SearchAction\",\"target\":{\"@type\":\"EntryPoint\",\"urlTemplate\":\"https:\/\/mogardo.com\/?s={search_term_string}\"},\"query-input\":{\"@type\":\"PropertyValueSpecification\",\"valueRequired\":true,\"valueName\":\"search_term_string\"}}],\"inLanguage\":\"en-GB\"},{\"@type\":\"Organization\",\"@id\":\"https:\/\/mogardo.com\/#organization\",\"name\":\"MOGARDO IBIZA\",\"url\":\"https:\/\/mogardo.com\/\",\"logo\":{\"@type\":\"ImageObject\",\"inLanguage\":\"en-GB\",\"@id\":\"https:\/\/mogardo.com\/#\/schema\/logo\/image\/\",\"url\":\"https:\/\/mogardo.com\/wp-content\/uploads\/2024\/12\/MOGARDO_isotipo_negro.png\",\"contentUrl\":\"https:\/\/mogardo.com\/wp-content\/uploads\/2024\/12\/MOGARDO_isotipo_negro.png\",\"width\":1755,\"height\":1755,\"caption\":\"MOGARDO IBIZA\"},\"image\":{\"@id\":\"https:\/\/mogardo.com\/#\/schema\/logo\/image\/\"}}]}<\/script>\n<!-- \/ Yoast SEO plugin. -->","yoast_head_json":{"title":"Vestido Noir guipur | Dise\u00f1o elegante Mogardo","description":"Descubre el nuevo vestido Noir con grandes aberturas laterales y detalles de guipur. Dise\u00f1o sofisticado y sensual para eventos de Mogardo.","robots":{"index":"index","follow":"follow","max-snippet":"max-snippet:-1","max-image-preview":"max-image-preview:large","max-video-preview":"max-video-preview:-1"},"canonical":"https:\/\/mogardo.com\/en\/product\/vestido-noir\/","og_locale":"en_GB","og_type":"article","og_title":"Vestido Noir guipur | Dise\u00f1o elegante Mogardo","og_description":"Descubre el nuevo vestido Noir con grandes aberturas laterales y detalles de guipur. Dise\u00f1o sofisticado y sensual para eventos de Mogardo.","og_url":"https:\/\/mogardo.com\/en\/product\/vestido-noir\/","og_site_name":"MOGARDO - Dise\u00f1os y moda exclusiva","article_modified_time":"2025-12-17T16:10:31+00:00","og_image":[{"width":1707,"height":2560,"url":"https:\/\/mogardo.com\/wp-content\/uploads\/2025\/07\/IMG_0297-scaled.jpeg","type":"image\/jpeg"}],"twitter_card":"summary_large_image","twitter_misc":{"Estimated reading time":"1 minute"},"schema":{"@context":"https:\/\/schema.org","@graph":[{"@type":"WebPage","@id":"https:\/\/mogardo.com\/producto\/vestido-noir\/","url":"https:\/\/mogardo.com\/producto\/vestido-noir\/","name":"Vestido Noir guipur | Dise\u00f1o elegante Mogardo","isPartOf":{"@id":"https:\/\/mogardo.com\/#website"},"primaryImageOfPage":{"@id":"https:\/\/mogardo.com\/producto\/vestido-noir\/#primaryimage"},"image":{"@id":"https:\/\/mogardo.com\/producto\/vestido-noir\/#primaryimage"},"thumbnailUrl":"https:\/\/mogardo.com\/wp-content\/uploads\/2025\/07\/IMG_0297-scaled.jpeg","datePublished":"2025-07-18T16:26:31+00:00","dateModified":"2025-12-17T16:10:31+00:00","description":"Descubre el nuevo vestido Noir con grandes aberturas laterales y detalles de guipur. Dise\u00f1o sofisticado y sensual para eventos de Mogardo.","breadcrumb":{"@id":"https:\/\/mogardo.com\/producto\/vestido-noir\/#breadcrumb"},"inLanguage":"en-GB","potentialAction":[{"@type":"ReadAction","target":["https:\/\/mogardo.com\/producto\/vestido-noir\/"]}]},{"@type":"ImageObject","inLanguage":"en-GB","@id":"https:\/\/mogardo.com\/producto\/vestido-noir\/#primaryimage","url":"https:\/\/mogardo.com\/wp-content\/uploads\/2025\/07\/IMG_0297-scaled.jpeg","contentUrl":"https:\/\/mogardo.com\/wp-content\/uploads\/2025\/07\/IMG_0297-scaled.jpeg","width":1707,"height":2560,"caption":"El vestido Noir con guipur para mujer es una pieza sofisticada y con car\u00e1cter que apuesta por una elegancia sensual y contempor\u00e1nea. Su dise\u00f1o cuidado combina l\u00edneas limpias con detalles estrat\u00e9gicos, creando una silueta impactante y femenina, fiel al estilo distintivo de Mogardo."},{"@type":"BreadcrumbList","@id":"https:\/\/mogardo.com\/producto\/vestido-noir\/#breadcrumb","itemListElement":[{"@type":"ListItem","position":1,"name":"Portada","item":"https:\/\/mogardo.com\/"},{"@type":"ListItem","position":2,"name":"Colecciones","item":"https:\/\/mogardo.com\/shop\/"},{"@type":"ListItem","position":3,"name":"VESTIDO NOIR"}]},{"@type":"WebSite","@id":"https:\/\/mogardo.com\/#website","url":"https:\/\/mogardo.com\/","name":"MOGARDO IBIZA","description":"At Mogardo, we create exclusive garments that enhance your essence and natural beauty, combining sophisticated design with the highest quality materials.","publisher":{"@id":"https:\/\/mogardo.com\/#organization"},"potentialAction":[{"@type":"SearchAction","target":{"@type":"EntryPoint","urlTemplate":"https:\/\/mogardo.com\/?s={search_term_string}"},"query-input":{"@type":"PropertyValueSpecification","valueRequired":true,"valueName":"search_term_string"}}],"inLanguage":"en-GB"},{"@type":"Organization","@id":"https:\/\/mogardo.com\/#organization","name":"MOGARDO IBIZA","url":"https:\/\/mogardo.com\/","logo":{"@type":"ImageObject","inLanguage":"en-GB","@id":"https:\/\/mogardo.com\/#\/schema\/logo\/image\/","url":"https:\/\/mogardo.com\/wp-content\/uploads\/2024\/12\/MOGARDO_isotipo_negro.png","contentUrl":"https:\/\/mogardo.com\/wp-content\/uploads\/2024\/12\/MOGARDO_isotipo_negro.png","width":1755,"height":1755,"caption":"MOGARDO IBIZA"},"image":{"@id":"https:\/\/mogardo.com\/#\/schema\/logo\/image\/"}}]}},"_links":{"self":[{"href":"https:\/\/mogardo.com\/en\/wp-json\/wp\/v2\/product\/23584","targetHints":{"allow":["GET"]}}],"collection":[{"href":"https:\/\/mogardo.com\/en\/wp-json\/wp\/v2\/product"}],"about":[{"href":"https:\/\/mogardo.com\/en\/wp-json\/wp\/v2\/types\/product"}],"wp:featuredmedia":[{"embeddable":true,"href":"https:\/\/mogardo.com\/en\/wp-json\/wp\/v2\/media\/23585"}],"wp:attachment":[{"href":"https:\/\/mogardo.com\/en\/wp-json\/wp\/v2\/media?parent=23584"}],"wp:term":[{"taxonomy":"product_brand","embeddable":true,"href":"https:\/\/mogardo.com\/en\/wp-json\/wp\/v2\/product_brand?post=23584"},{"taxonomy":"product_cat","embeddable":true,"href":"https:\/\/mogardo.com\/en\/wp-json\/wp\/v2\/product_cat?post=23584"},{"taxonomy":"product_tag","embeddable":true,"href":"https:\/\/mogardo.com\/en\/wp-json\/wp\/v2\/product_tag?post=23584"}],"curies":[{"name":"wp","href":"https:\/\/api.w.org\/{rel}","templated":true}]}}