{"id":23586,"date":"2025-07-18T18:31:22","date_gmt":"2025-07-18T16:31:22","guid":{"rendered":"https:\/\/mogardo.com\/?post_type=product&#038;p=23586"},"modified":"2025-12-17T17:03:20","modified_gmt":"2025-12-17T16:03:20","slug":"noir-cover-up","status":"publish","type":"product","link":"https:\/\/mogardo.com\/en\/product\/noir-cover-up\/","title":{"rendered":"NOIR COVER UP"},"content":{"rendered":"<p data-start=\"649\" data-end=\"1047\">He <strong data-start=\"652\" data-end=\"699\">Noir Cover Up black crochet for women<\/strong> It is a handcrafted piece with a strong aesthetic identity, designed to add character and sophistication to special looks. <strong data-start=\"821\" data-end=\"837\">Handmade<\/strong>, This cover-up stands out for its meticulous work in <strong data-start=\"887\" data-end=\"906\">black crochet<\/strong>, where the <strong data-start=\"918\" data-end=\"936\">large flowers<\/strong> They become the central element of the design, reflecting the attention to detail characteristic of <strong data-start=\"1035\" data-end=\"1046\">Mogardo<\/strong>.<\/p>\n<p data-start=\"1049\" data-end=\"1345\">The <strong data-start=\"1052\" data-end=\"1072\">flared sleeve<\/strong> It adds movement and a flowing silhouette, creating a balance between artisanal tradition and contemporary style. Its lightweight structure allows it to be layered elegantly over dresses, outfits, or more minimalist garments, adding texture and personality to the look.<\/p>\n<p data-start=\"1347\" data-end=\"1376\"><strong data-start=\"1347\" data-end=\"1376\">Style and occasions for use<\/strong><\/p>\n<p data-start=\"1378\" data-end=\"1632\">This <strong data-start=\"652\" data-end=\"699\">Black Cover Up crochet netgro<\/strong>\u00a0It&#039;s ideal for special events, celebrations, evening wear, or guest looks with a bohemian and sophisticated flair. A garment designed for women seeking an exclusive, handcrafted design with a striking presence.<\/p>","protected":false},"excerpt":{"rendered":"<p>El Noir Cover Up de ganchillo negro para mujer es una pieza artesanal con fuerte identidad est\u00e9tica, dise\u00f1ada para aportar car\u00e1cter y sofisticaci\u00f3n a looks especiales. Hecho a mano, este cover up destaca por su cuidado trabajo en ganchillo negro, donde las grandes flores se convierten en el elemento protagonista del dise\u00f1o, reflejando la atenci\u00f3n [&hellip;]<\/p>","protected":false},"featured_media":23587,"template":"","meta":{"_joinchat":[]},"product_brand":[],"product_cat":[32,47],"product_tag":[],"class_list":{"0":"post-23586","1":"product","2":"type-product","3":"status-publish","4":"has-post-thumbnail","6":"product_cat-mujer","7":"product_cat-raices-mujer","9":"first","10":"instock","11":"taxable","12":"shipping-taxable","13":"purchasable","14":"product-type-simple","15":"add-to-wishlist-after_add_to_cart"},"yoast_head":"<!-- This site is optimized with the Yoast SEO plugin v26.2 - https:\/\/yoast.com\/wordpress\/plugins\/seo\/ -->\n<title>Noir Cover Up ganchillo negro | Dise\u00f1o artesanal Mogardo<\/title>\n<meta name=\"description\" content=\"Noir Cover Up en ganchillo negro hecho a mano con grandes flores y manga acampanada. Dise\u00f1o artesanal y elegante Mogardo.\" \/>\n<meta name=\"robots\" content=\"index, follow, max-snippet:-1, max-image-preview:large, max-video-preview:-1\" \/>\n<link rel=\"canonical\" href=\"https:\/\/mogardo.com\/en\/product\/noir-cover-up\/\" \/>\n<meta property=\"og:locale\" content=\"en_GB\" \/>\n<meta property=\"og:type\" content=\"article\" \/>\n<meta property=\"og:title\" content=\"Noir Cover Up ganchillo negro | Dise\u00f1o artesanal Mogardo\" \/>\n<meta property=\"og:description\" content=\"Noir Cover Up en ganchillo negro hecho a mano con grandes flores y manga acampanada. Dise\u00f1o artesanal y elegante Mogardo.\" \/>\n<meta property=\"og:url\" content=\"https:\/\/mogardo.com\/en\/product\/noir-cover-up\/\" \/>\n<meta property=\"og:site_name\" content=\"MOGARDO - Dise\u00f1os y moda exclusiva\" \/>\n<meta property=\"article:modified_time\" content=\"2025-12-17T16:03:20+00:00\" \/>\n<meta property=\"og:image\" content=\"https:\/\/mogardo.com\/wp-content\/uploads\/2025\/07\/IMG_0298-scaled.jpeg\" \/>\n\t<meta property=\"og:image:width\" content=\"1707\" \/>\n\t<meta property=\"og:image:height\" content=\"2560\" \/>\n\t<meta property=\"og:image:type\" content=\"image\/jpeg\" \/>\n<meta name=\"twitter:card\" content=\"summary_large_image\" \/>\n<meta name=\"twitter:label1\" content=\"Estimated reading time\" \/>\n\t<meta name=\"twitter:data1\" content=\"1 minute\" \/>\n<script type=\"application\/ld+json\" class=\"yoast-schema-graph\">{\"@context\":\"https:\/\/schema.org\",\"@graph\":[{\"@type\":\"WebPage\",\"@id\":\"https:\/\/mogardo.com\/producto\/noir-cover-up\/\",\"url\":\"https:\/\/mogardo.com\/producto\/noir-cover-up\/\",\"name\":\"Noir Cover Up ganchillo negro | Dise\u00f1o artesanal Mogardo\",\"isPartOf\":{\"@id\":\"https:\/\/mogardo.com\/#website\"},\"primaryImageOfPage\":{\"@id\":\"https:\/\/mogardo.com\/producto\/noir-cover-up\/#primaryimage\"},\"image\":{\"@id\":\"https:\/\/mogardo.com\/producto\/noir-cover-up\/#primaryimage\"},\"thumbnailUrl\":\"https:\/\/mogardo.com\/wp-content\/uploads\/2025\/07\/IMG_0298-scaled.jpeg\",\"datePublished\":\"2025-07-18T16:31:22+00:00\",\"dateModified\":\"2025-12-17T16:03:20+00:00\",\"description\":\"Noir Cover Up en ganchillo negro hecho a mano con grandes flores y manga acampanada. Dise\u00f1o artesanal y elegante Mogardo.\",\"breadcrumb\":{\"@id\":\"https:\/\/mogardo.com\/producto\/noir-cover-up\/#breadcrumb\"},\"inLanguage\":\"en-GB\",\"potentialAction\":[{\"@type\":\"ReadAction\",\"target\":[\"https:\/\/mogardo.com\/producto\/noir-cover-up\/\"]}]},{\"@type\":\"ImageObject\",\"inLanguage\":\"en-GB\",\"@id\":\"https:\/\/mogardo.com\/producto\/noir-cover-up\/#primaryimage\",\"url\":\"https:\/\/mogardo.com\/wp-content\/uploads\/2025\/07\/IMG_0298-scaled.jpeg\",\"contentUrl\":\"https:\/\/mogardo.com\/wp-content\/uploads\/2025\/07\/IMG_0298-scaled.jpeg\",\"width\":1707,\"height\":2560,\"caption\":\"Noir Cover Up de ganchillo negro para mujer es una pieza artesanal con fuerte identidad est\u00e9tica\"},{\"@type\":\"BreadcrumbList\",\"@id\":\"https:\/\/mogardo.com\/producto\/noir-cover-up\/#breadcrumb\",\"itemListElement\":[{\"@type\":\"ListItem\",\"position\":1,\"name\":\"Portada\",\"item\":\"https:\/\/mogardo.com\/\"},{\"@type\":\"ListItem\",\"position\":2,\"name\":\"Colecciones\",\"item\":\"https:\/\/mogardo.com\/shop\/\"},{\"@type\":\"ListItem\",\"position\":3,\"name\":\"NOIR COVER UP\"}]},{\"@type\":\"WebSite\",\"@id\":\"https:\/\/mogardo.com\/#website\",\"url\":\"https:\/\/mogardo.com\/\",\"name\":\"MOGARDO IBIZA\",\"description\":\"En Mogardo creamos prendas exclusivas que realzan tu esencia y belleza natural, fusionando dise\u00f1o sofisticado y materiales de la m\u00e1s alta calidad.\",\"publisher\":{\"@id\":\"https:\/\/mogardo.com\/#organization\"},\"potentialAction\":[{\"@type\":\"SearchAction\",\"target\":{\"@type\":\"EntryPoint\",\"urlTemplate\":\"https:\/\/mogardo.com\/?s={search_term_string}\"},\"query-input\":{\"@type\":\"PropertyValueSpecification\",\"valueRequired\":true,\"valueName\":\"search_term_string\"}}],\"inLanguage\":\"en-GB\"},{\"@type\":\"Organization\",\"@id\":\"https:\/\/mogardo.com\/#organization\",\"name\":\"MOGARDO IBIZA\",\"url\":\"https:\/\/mogardo.com\/\",\"logo\":{\"@type\":\"ImageObject\",\"inLanguage\":\"en-GB\",\"@id\":\"https:\/\/mogardo.com\/#\/schema\/logo\/image\/\",\"url\":\"https:\/\/mogardo.com\/wp-content\/uploads\/2024\/12\/MOGARDO_isotipo_negro.png\",\"contentUrl\":\"https:\/\/mogardo.com\/wp-content\/uploads\/2024\/12\/MOGARDO_isotipo_negro.png\",\"width\":1755,\"height\":1755,\"caption\":\"MOGARDO IBIZA\"},\"image\":{\"@id\":\"https:\/\/mogardo.com\/#\/schema\/logo\/image\/\"}}]}<\/script>\n<!-- \/ Yoast SEO plugin. -->","yoast_head_json":{"title":"Noir Cover Up ganchillo negro | Dise\u00f1o artesanal Mogardo","description":"Noir Cover Up en ganchillo negro hecho a mano con grandes flores y manga acampanada. Dise\u00f1o artesanal y elegante Mogardo.","robots":{"index":"index","follow":"follow","max-snippet":"max-snippet:-1","max-image-preview":"max-image-preview:large","max-video-preview":"max-video-preview:-1"},"canonical":"https:\/\/mogardo.com\/en\/product\/noir-cover-up\/","og_locale":"en_GB","og_type":"article","og_title":"Noir Cover Up ganchillo negro | Dise\u00f1o artesanal Mogardo","og_description":"Noir Cover Up en ganchillo negro hecho a mano con grandes flores y manga acampanada. Dise\u00f1o artesanal y elegante Mogardo.","og_url":"https:\/\/mogardo.com\/en\/product\/noir-cover-up\/","og_site_name":"MOGARDO - Dise\u00f1os y moda exclusiva","article_modified_time":"2025-12-17T16:03:20+00:00","og_image":[{"width":1707,"height":2560,"url":"https:\/\/mogardo.com\/wp-content\/uploads\/2025\/07\/IMG_0298-scaled.jpeg","type":"image\/jpeg"}],"twitter_card":"summary_large_image","twitter_misc":{"Estimated reading time":"1 minute"},"schema":{"@context":"https:\/\/schema.org","@graph":[{"@type":"WebPage","@id":"https:\/\/mogardo.com\/producto\/noir-cover-up\/","url":"https:\/\/mogardo.com\/producto\/noir-cover-up\/","name":"Noir Cover Up ganchillo negro | Dise\u00f1o artesanal Mogardo","isPartOf":{"@id":"https:\/\/mogardo.com\/#website"},"primaryImageOfPage":{"@id":"https:\/\/mogardo.com\/producto\/noir-cover-up\/#primaryimage"},"image":{"@id":"https:\/\/mogardo.com\/producto\/noir-cover-up\/#primaryimage"},"thumbnailUrl":"https:\/\/mogardo.com\/wp-content\/uploads\/2025\/07\/IMG_0298-scaled.jpeg","datePublished":"2025-07-18T16:31:22+00:00","dateModified":"2025-12-17T16:03:20+00:00","description":"Noir Cover Up en ganchillo negro hecho a mano con grandes flores y manga acampanada. Dise\u00f1o artesanal y elegante Mogardo.","breadcrumb":{"@id":"https:\/\/mogardo.com\/producto\/noir-cover-up\/#breadcrumb"},"inLanguage":"en-GB","potentialAction":[{"@type":"ReadAction","target":["https:\/\/mogardo.com\/producto\/noir-cover-up\/"]}]},{"@type":"ImageObject","inLanguage":"en-GB","@id":"https:\/\/mogardo.com\/producto\/noir-cover-up\/#primaryimage","url":"https:\/\/mogardo.com\/wp-content\/uploads\/2025\/07\/IMG_0298-scaled.jpeg","contentUrl":"https:\/\/mogardo.com\/wp-content\/uploads\/2025\/07\/IMG_0298-scaled.jpeg","width":1707,"height":2560,"caption":"Noir Cover Up de ganchillo negro para mujer es una pieza artesanal con fuerte identidad est\u00e9tica"},{"@type":"BreadcrumbList","@id":"https:\/\/mogardo.com\/producto\/noir-cover-up\/#breadcrumb","itemListElement":[{"@type":"ListItem","position":1,"name":"Portada","item":"https:\/\/mogardo.com\/"},{"@type":"ListItem","position":2,"name":"Colecciones","item":"https:\/\/mogardo.com\/shop\/"},{"@type":"ListItem","position":3,"name":"NOIR COVER UP"}]},{"@type":"WebSite","@id":"https:\/\/mogardo.com\/#website","url":"https:\/\/mogardo.com\/","name":"MOGARDO IBIZA","description":"At Mogardo, we create exclusive garments that enhance your essence and natural beauty, combining sophisticated design with the highest quality materials.","publisher":{"@id":"https:\/\/mogardo.com\/#organization"},"potentialAction":[{"@type":"SearchAction","target":{"@type":"EntryPoint","urlTemplate":"https:\/\/mogardo.com\/?s={search_term_string}"},"query-input":{"@type":"PropertyValueSpecification","valueRequired":true,"valueName":"search_term_string"}}],"inLanguage":"en-GB"},{"@type":"Organization","@id":"https:\/\/mogardo.com\/#organization","name":"MOGARDO IBIZA","url":"https:\/\/mogardo.com\/","logo":{"@type":"ImageObject","inLanguage":"en-GB","@id":"https:\/\/mogardo.com\/#\/schema\/logo\/image\/","url":"https:\/\/mogardo.com\/wp-content\/uploads\/2024\/12\/MOGARDO_isotipo_negro.png","contentUrl":"https:\/\/mogardo.com\/wp-content\/uploads\/2024\/12\/MOGARDO_isotipo_negro.png","width":1755,"height":1755,"caption":"MOGARDO IBIZA"},"image":{"@id":"https:\/\/mogardo.com\/#\/schema\/logo\/image\/"}}]}},"_links":{"self":[{"href":"https:\/\/mogardo.com\/en\/wp-json\/wp\/v2\/product\/23586","targetHints":{"allow":["GET"]}}],"collection":[{"href":"https:\/\/mogardo.com\/en\/wp-json\/wp\/v2\/product"}],"about":[{"href":"https:\/\/mogardo.com\/en\/wp-json\/wp\/v2\/types\/product"}],"wp:featuredmedia":[{"embeddable":true,"href":"https:\/\/mogardo.com\/en\/wp-json\/wp\/v2\/media\/23587"}],"wp:attachment":[{"href":"https:\/\/mogardo.com\/en\/wp-json\/wp\/v2\/media?parent=23586"}],"wp:term":[{"taxonomy":"product_brand","embeddable":true,"href":"https:\/\/mogardo.com\/en\/wp-json\/wp\/v2\/product_brand?post=23586"},{"taxonomy":"product_cat","embeddable":true,"href":"https:\/\/mogardo.com\/en\/wp-json\/wp\/v2\/product_cat?post=23586"},{"taxonomy":"product_tag","embeddable":true,"href":"https:\/\/mogardo.com\/en\/wp-json\/wp\/v2\/product_tag?post=23586"}],"curies":[{"name":"wp","href":"https:\/\/api.w.org\/{rel}","templated":true}]}}