{"id":23588,"date":"2025-07-18T18:39:36","date_gmt":"2025-07-18T16:39:36","guid":{"rendered":"https:\/\/mogardo.com\/?post_type=product&#038;p=23588"},"modified":"2025-12-17T16:58:08","modified_gmt":"2025-12-17T15:58:08","slug":"dos-piezas-noir","status":"publish","type":"product","link":"https:\/\/mogardo.com\/en\/product\/dos-piezas-noir\/","title":{"rendered":"TWO NOIR PIECES"},"content":{"rendered":"<p data-start=\"645\" data-end=\"997\">Two pieces Noir guipure<\/p>\n<p data-start=\"645\" data-end=\"997\">He <strong data-start=\"648\" data-end=\"689\">two-piece Noir with guipure for women<\/strong> It is a sophisticated and contemporary proposal that reinterprets elegance through a modern and distinctive aesthetic. Composed of <strong data-start=\"822\" data-end=\"843\">baggy trousers<\/strong> and <strong data-start=\"846\" data-end=\"869\">triangular bralette<\/strong>, This set stands out for its balance between comfort, design and sensuality, reflecting the distinctive style of <strong data-start=\"985\" data-end=\"996\">Mogardo<\/strong>.<\/p>\n<p data-start=\"999\" data-end=\"1305\">He <strong data-start=\"1002\" data-end=\"1023\">baggy trousers<\/strong> It adds volume and movement, creating a fluid and modern silhouette, while the <strong data-start=\"1106\" data-end=\"1129\">triangular bralette<\/strong> It defines the torso with a delicate and feminine air. <strong data-start=\"1183\" data-end=\"1205\">Guipure details<\/strong> They add texture and refinement to the whole, elevating the design with a careful and sophisticated finish.<\/p>\n<p data-start=\"1307\" data-end=\"1336\"><strong data-start=\"1307\" data-end=\"1336\">Style and occasions for use<\/strong><\/p>\n<p data-start=\"1338\" data-end=\"1611\">This <strong data-start=\"1343\" data-end=\"1378\">elegant two-piece set<\/strong> It&#039;s ideal for special events, sophisticated dinners, evening celebrations, or guest looks with a modern flair. A collection designed for women seeking a style with personality, presence, and a distinctive elegance.<\/p>","protected":false},"excerpt":{"rendered":"<p>Dos piezas Noir guipur El dos piezas Noir con guipur para mujer es una propuesta sofisticada y contempor\u00e1nea que reinterpreta la elegancia desde una est\u00e9tica moderna y con car\u00e1cter. Compuesto por pantal\u00f3n bombacho y bralette triangular, este conjunto destaca por su equilibrio entre comodidad, dise\u00f1o y sensualidad, reflejando el estilo distintivo de Mogardo. El pantal\u00f3n [&hellip;]<\/p>","protected":false},"featured_media":23589,"template":"","meta":{"_joinchat":[]},"product_brand":[],"product_cat":[32,47],"product_tag":[],"class_list":{"0":"post-23588","1":"product","2":"type-product","3":"status-publish","4":"has-post-thumbnail","6":"product_cat-mujer","7":"product_cat-raices-mujer","9":"first","10":"instock","11":"taxable","12":"shipping-taxable","13":"purchasable","14":"product-type-simple","15":"add-to-wishlist-after_add_to_cart"},"yoast_head":"<!-- This site is optimized with the Yoast SEO plugin v26.2 - https:\/\/yoast.com\/wordpress\/plugins\/seo\/ -->\n<title>Dos piezas Noir guipur | Dise\u00f1o sofisticado Mogardo<\/title>\n<meta name=\"description\" content=\"Dos piezas Noir con pantal\u00f3n bombacho y bralette triangular con detalles de guipur. Look sofisticado y actual de Mogardo.\" \/>\n<meta name=\"robots\" content=\"index, follow, max-snippet:-1, max-image-preview:large, max-video-preview:-1\" \/>\n<link rel=\"canonical\" href=\"https:\/\/mogardo.com\/en\/product\/dos-piezas-noir\/\" \/>\n<meta property=\"og:locale\" content=\"en_GB\" \/>\n<meta property=\"og:type\" content=\"article\" \/>\n<meta property=\"og:title\" content=\"Dos piezas Noir guipur | Dise\u00f1o sofisticado Mogardo\" \/>\n<meta property=\"og:description\" content=\"Dos piezas Noir con pantal\u00f3n bombacho y bralette triangular con detalles de guipur. Look sofisticado y actual de Mogardo.\" \/>\n<meta property=\"og:url\" content=\"https:\/\/mogardo.com\/en\/product\/dos-piezas-noir\/\" \/>\n<meta property=\"og:site_name\" content=\"MOGARDO - Dise\u00f1os y moda exclusiva\" \/>\n<meta property=\"article:modified_time\" content=\"2025-12-17T15:58:08+00:00\" \/>\n<meta property=\"og:image\" content=\"https:\/\/mogardo.com\/wp-content\/uploads\/2025\/07\/IMG_0299-scaled.jpeg\" \/>\n\t<meta property=\"og:image:width\" content=\"1707\" \/>\n\t<meta property=\"og:image:height\" content=\"2560\" \/>\n\t<meta property=\"og:image:type\" content=\"image\/jpeg\" \/>\n<meta name=\"twitter:card\" content=\"summary_large_image\" \/>\n<meta name=\"twitter:label1\" content=\"Estimated reading time\" \/>\n\t<meta name=\"twitter:data1\" content=\"1 minute\" \/>\n<script type=\"application\/ld+json\" class=\"yoast-schema-graph\">{\"@context\":\"https:\/\/schema.org\",\"@graph\":[{\"@type\":\"WebPage\",\"@id\":\"https:\/\/mogardo.com\/producto\/dos-piezas-noir\/\",\"url\":\"https:\/\/mogardo.com\/producto\/dos-piezas-noir\/\",\"name\":\"Dos piezas Noir guipur | Dise\u00f1o sofisticado Mogardo\",\"isPartOf\":{\"@id\":\"https:\/\/mogardo.com\/#website\"},\"primaryImageOfPage\":{\"@id\":\"https:\/\/mogardo.com\/producto\/dos-piezas-noir\/#primaryimage\"},\"image\":{\"@id\":\"https:\/\/mogardo.com\/producto\/dos-piezas-noir\/#primaryimage\"},\"thumbnailUrl\":\"https:\/\/mogardo.com\/wp-content\/uploads\/2025\/07\/IMG_0299-scaled.jpeg\",\"datePublished\":\"2025-07-18T16:39:36+00:00\",\"dateModified\":\"2025-12-17T15:58:08+00:00\",\"description\":\"Dos piezas Noir con pantal\u00f3n bombacho y bralette triangular con detalles de guipur. Look sofisticado y actual de Mogardo.\",\"breadcrumb\":{\"@id\":\"https:\/\/mogardo.com\/producto\/dos-piezas-noir\/#breadcrumb\"},\"inLanguage\":\"en-GB\",\"potentialAction\":[{\"@type\":\"ReadAction\",\"target\":[\"https:\/\/mogardo.com\/producto\/dos-piezas-noir\/\"]}]},{\"@type\":\"ImageObject\",\"inLanguage\":\"en-GB\",\"@id\":\"https:\/\/mogardo.com\/producto\/dos-piezas-noir\/#primaryimage\",\"url\":\"https:\/\/mogardo.com\/wp-content\/uploads\/2025\/07\/IMG_0299-scaled.jpeg\",\"contentUrl\":\"https:\/\/mogardo.com\/wp-content\/uploads\/2025\/07\/IMG_0299-scaled.jpeg\",\"width\":1707,\"height\":2560,\"caption\":\"El dos piezas Noir con guipur para mujer es una propuesta sofisticada y contempor\u00e1nea que reinterpreta la elegancia desde una est\u00e9tica moderna y con car\u00e1cter.\"},{\"@type\":\"BreadcrumbList\",\"@id\":\"https:\/\/mogardo.com\/producto\/dos-piezas-noir\/#breadcrumb\",\"itemListElement\":[{\"@type\":\"ListItem\",\"position\":1,\"name\":\"Portada\",\"item\":\"https:\/\/mogardo.com\/\"},{\"@type\":\"ListItem\",\"position\":2,\"name\":\"Colecciones\",\"item\":\"https:\/\/mogardo.com\/shop\/\"},{\"@type\":\"ListItem\",\"position\":3,\"name\":\"DOS PIEZAS NOIR\"}]},{\"@type\":\"WebSite\",\"@id\":\"https:\/\/mogardo.com\/#website\",\"url\":\"https:\/\/mogardo.com\/\",\"name\":\"MOGARDO IBIZA\",\"description\":\"En Mogardo creamos prendas exclusivas que realzan tu esencia y belleza natural, fusionando dise\u00f1o sofisticado y materiales de la m\u00e1s alta calidad.\",\"publisher\":{\"@id\":\"https:\/\/mogardo.com\/#organization\"},\"potentialAction\":[{\"@type\":\"SearchAction\",\"target\":{\"@type\":\"EntryPoint\",\"urlTemplate\":\"https:\/\/mogardo.com\/?s={search_term_string}\"},\"query-input\":{\"@type\":\"PropertyValueSpecification\",\"valueRequired\":true,\"valueName\":\"search_term_string\"}}],\"inLanguage\":\"en-GB\"},{\"@type\":\"Organization\",\"@id\":\"https:\/\/mogardo.com\/#organization\",\"name\":\"MOGARDO IBIZA\",\"url\":\"https:\/\/mogardo.com\/\",\"logo\":{\"@type\":\"ImageObject\",\"inLanguage\":\"en-GB\",\"@id\":\"https:\/\/mogardo.com\/#\/schema\/logo\/image\/\",\"url\":\"https:\/\/mogardo.com\/wp-content\/uploads\/2024\/12\/MOGARDO_isotipo_negro.png\",\"contentUrl\":\"https:\/\/mogardo.com\/wp-content\/uploads\/2024\/12\/MOGARDO_isotipo_negro.png\",\"width\":1755,\"height\":1755,\"caption\":\"MOGARDO IBIZA\"},\"image\":{\"@id\":\"https:\/\/mogardo.com\/#\/schema\/logo\/image\/\"}}]}<\/script>\n<!-- \/ Yoast SEO plugin. -->","yoast_head_json":{"title":"Dos piezas Noir guipur | Dise\u00f1o sofisticado Mogardo","description":"Dos piezas Noir con pantal\u00f3n bombacho y bralette triangular con detalles de guipur. Look sofisticado y actual de Mogardo.","robots":{"index":"index","follow":"follow","max-snippet":"max-snippet:-1","max-image-preview":"max-image-preview:large","max-video-preview":"max-video-preview:-1"},"canonical":"https:\/\/mogardo.com\/en\/product\/dos-piezas-noir\/","og_locale":"en_GB","og_type":"article","og_title":"Dos piezas Noir guipur | Dise\u00f1o sofisticado Mogardo","og_description":"Dos piezas Noir con pantal\u00f3n bombacho y bralette triangular con detalles de guipur. Look sofisticado y actual de Mogardo.","og_url":"https:\/\/mogardo.com\/en\/product\/dos-piezas-noir\/","og_site_name":"MOGARDO - Dise\u00f1os y moda exclusiva","article_modified_time":"2025-12-17T15:58:08+00:00","og_image":[{"width":1707,"height":2560,"url":"https:\/\/mogardo.com\/wp-content\/uploads\/2025\/07\/IMG_0299-scaled.jpeg","type":"image\/jpeg"}],"twitter_card":"summary_large_image","twitter_misc":{"Estimated reading time":"1 minute"},"schema":{"@context":"https:\/\/schema.org","@graph":[{"@type":"WebPage","@id":"https:\/\/mogardo.com\/producto\/dos-piezas-noir\/","url":"https:\/\/mogardo.com\/producto\/dos-piezas-noir\/","name":"Dos piezas Noir guipur | Dise\u00f1o sofisticado Mogardo","isPartOf":{"@id":"https:\/\/mogardo.com\/#website"},"primaryImageOfPage":{"@id":"https:\/\/mogardo.com\/producto\/dos-piezas-noir\/#primaryimage"},"image":{"@id":"https:\/\/mogardo.com\/producto\/dos-piezas-noir\/#primaryimage"},"thumbnailUrl":"https:\/\/mogardo.com\/wp-content\/uploads\/2025\/07\/IMG_0299-scaled.jpeg","datePublished":"2025-07-18T16:39:36+00:00","dateModified":"2025-12-17T15:58:08+00:00","description":"Dos piezas Noir con pantal\u00f3n bombacho y bralette triangular con detalles de guipur. Look sofisticado y actual de Mogardo.","breadcrumb":{"@id":"https:\/\/mogardo.com\/producto\/dos-piezas-noir\/#breadcrumb"},"inLanguage":"en-GB","potentialAction":[{"@type":"ReadAction","target":["https:\/\/mogardo.com\/producto\/dos-piezas-noir\/"]}]},{"@type":"ImageObject","inLanguage":"en-GB","@id":"https:\/\/mogardo.com\/producto\/dos-piezas-noir\/#primaryimage","url":"https:\/\/mogardo.com\/wp-content\/uploads\/2025\/07\/IMG_0299-scaled.jpeg","contentUrl":"https:\/\/mogardo.com\/wp-content\/uploads\/2025\/07\/IMG_0299-scaled.jpeg","width":1707,"height":2560,"caption":"El dos piezas Noir con guipur para mujer es una propuesta sofisticada y contempor\u00e1nea que reinterpreta la elegancia desde una est\u00e9tica moderna y con car\u00e1cter."},{"@type":"BreadcrumbList","@id":"https:\/\/mogardo.com\/producto\/dos-piezas-noir\/#breadcrumb","itemListElement":[{"@type":"ListItem","position":1,"name":"Portada","item":"https:\/\/mogardo.com\/"},{"@type":"ListItem","position":2,"name":"Colecciones","item":"https:\/\/mogardo.com\/shop\/"},{"@type":"ListItem","position":3,"name":"DOS PIEZAS NOIR"}]},{"@type":"WebSite","@id":"https:\/\/mogardo.com\/#website","url":"https:\/\/mogardo.com\/","name":"MOGARDO IBIZA","description":"At Mogardo, we create exclusive garments that enhance your essence and natural beauty, combining sophisticated design with the highest quality materials.","publisher":{"@id":"https:\/\/mogardo.com\/#organization"},"potentialAction":[{"@type":"SearchAction","target":{"@type":"EntryPoint","urlTemplate":"https:\/\/mogardo.com\/?s={search_term_string}"},"query-input":{"@type":"PropertyValueSpecification","valueRequired":true,"valueName":"search_term_string"}}],"inLanguage":"en-GB"},{"@type":"Organization","@id":"https:\/\/mogardo.com\/#organization","name":"MOGARDO IBIZA","url":"https:\/\/mogardo.com\/","logo":{"@type":"ImageObject","inLanguage":"en-GB","@id":"https:\/\/mogardo.com\/#\/schema\/logo\/image\/","url":"https:\/\/mogardo.com\/wp-content\/uploads\/2024\/12\/MOGARDO_isotipo_negro.png","contentUrl":"https:\/\/mogardo.com\/wp-content\/uploads\/2024\/12\/MOGARDO_isotipo_negro.png","width":1755,"height":1755,"caption":"MOGARDO IBIZA"},"image":{"@id":"https:\/\/mogardo.com\/#\/schema\/logo\/image\/"}}]}},"_links":{"self":[{"href":"https:\/\/mogardo.com\/en\/wp-json\/wp\/v2\/product\/23588","targetHints":{"allow":["GET"]}}],"collection":[{"href":"https:\/\/mogardo.com\/en\/wp-json\/wp\/v2\/product"}],"about":[{"href":"https:\/\/mogardo.com\/en\/wp-json\/wp\/v2\/types\/product"}],"wp:featuredmedia":[{"embeddable":true,"href":"https:\/\/mogardo.com\/en\/wp-json\/wp\/v2\/media\/23589"}],"wp:attachment":[{"href":"https:\/\/mogardo.com\/en\/wp-json\/wp\/v2\/media?parent=23588"}],"wp:term":[{"taxonomy":"product_brand","embeddable":true,"href":"https:\/\/mogardo.com\/en\/wp-json\/wp\/v2\/product_brand?post=23588"},{"taxonomy":"product_cat","embeddable":true,"href":"https:\/\/mogardo.com\/en\/wp-json\/wp\/v2\/product_cat?post=23588"},{"taxonomy":"product_tag","embeddable":true,"href":"https:\/\/mogardo.com\/en\/wp-json\/wp\/v2\/product_tag?post=23588"}],"curies":[{"name":"wp","href":"https:\/\/api.w.org\/{rel}","templated":true}]}}