{"id":23592,"date":"2025-07-18T18:50:02","date_gmt":"2025-07-18T16:50:02","guid":{"rendered":"https:\/\/mogardo.com\/?post_type=product&#038;p=23592"},"modified":"2025-12-12T17:01:45","modified_gmt":"2025-12-12T16:01:45","slug":"vestido-jazmin","status":"publish","type":"product","link":"https:\/\/mogardo.com\/en\/product\/vestido-jazmin\/","title":{"rendered":"JASMINE DRESS"},"content":{"rendered":"<p><strong>Elegant white mini Jasmine dress<\/strong><\/p>\n<p data-start=\"623\" data-end=\"948\">He <strong data-start=\"626\" data-end=\"662\">White Jasmine dress for women<\/strong> It&#039;s a fresh, feminine, and sophisticated piece that embraces understated elegance. Made in <strong data-start=\"769\" data-end=\"788\">elastic fabric<\/strong>, this <strong data-start=\"795\" data-end=\"820\">fitted mini dress<\/strong> It adapts to the silhouette naturally, enhancing the figure comfortably and elegantly, true to the refined style of <strong data-start=\"936\" data-end=\"947\">Mogardo<\/strong>.<\/p>\n<p data-start=\"950\" data-end=\"1271\">He <strong data-start=\"953\" data-end=\"982\">deep backless design<\/strong> It becomes the focal point of the design, providing a sensual and refined contrast that elevates the garment with a modern and contemporary feel. Its white tone and minimalist lines make this dress a versatile and timeless option, perfect for polished looks with a touch of sophistication.<\/p>\n<p data-start=\"1273\" data-end=\"1302\"><strong data-start=\"1273\" data-end=\"1302\">Style and occasions for use<\/strong><\/p>\n<p data-start=\"1304\" data-end=\"1590\">This <strong data-start=\"1309\" data-end=\"1341\">elegant white mini dress<\/strong> It&#039;s ideal for special dinners, celebrations, daytime events, or evening looks with a fresh and feminine touch. A garment designed for women seeking a simple yet striking design, where elegance and sensuality coexist in perfect balance.<\/p>","protected":false},"excerpt":{"rendered":"<p>Vestido Jazm\u00edn blanco mini elegante El vestido Jazm\u00edn blanco para mujer es una pieza fresca, femenina y sofisticada que apuesta por la sencillez bien entendida. Confeccionado en tejido el\u00e1stico, este mini vestido ajustado se adapta a la silueta con naturalidad, realzando la figura de forma c\u00f3moda y elegante, fiel al estilo depurado de Mogardo. El [&hellip;]<\/p>","protected":false},"featured_media":23593,"template":"","meta":{"_joinchat":[]},"product_brand":[],"product_cat":[32,47],"product_tag":[],"class_list":{"0":"post-23592","1":"product","2":"type-product","3":"status-publish","4":"has-post-thumbnail","6":"product_cat-mujer","7":"product_cat-raices-mujer","9":"first","10":"instock","11":"taxable","12":"shipping-taxable","13":"purchasable","14":"product-type-simple","15":"add-to-wishlist-after_add_to_cart"},"yoast_head":"<!-- This site is optimized with the Yoast SEO plugin v26.2 - https:\/\/yoast.com\/wordpress\/plugins\/seo\/ -->\n<title>Vestido Jazm\u00edn blanco | Dise\u00f1o sofisticado Mogardo<\/title>\n<meta name=\"description\" content=\"Vestido Jazm\u00edn blanco mini ajustado con tejido el\u00e1stico y gran escote en la espalda. Dise\u00f1o femenino y elegante Mogardo. Apuesta por la sencillez\" \/>\n<meta name=\"robots\" content=\"index, follow, max-snippet:-1, max-image-preview:large, max-video-preview:-1\" \/>\n<link rel=\"canonical\" href=\"https:\/\/mogardo.com\/en\/product\/vestido-jazmin\/\" \/>\n<meta property=\"og:locale\" content=\"en_GB\" \/>\n<meta property=\"og:type\" content=\"article\" \/>\n<meta property=\"og:title\" content=\"Vestido Jazm\u00edn blanco | Dise\u00f1o sofisticado Mogardo\" \/>\n<meta property=\"og:description\" content=\"Vestido Jazm\u00edn blanco mini ajustado con tejido el\u00e1stico y gran escote en la espalda. Dise\u00f1o femenino y elegante Mogardo. Apuesta por la sencillez\" \/>\n<meta property=\"og:url\" content=\"https:\/\/mogardo.com\/en\/product\/vestido-jazmin\/\" \/>\n<meta property=\"og:site_name\" content=\"MOGARDO - Dise\u00f1os y moda exclusiva\" \/>\n<meta property=\"article:modified_time\" content=\"2025-12-12T16:01:45+00:00\" \/>\n<meta property=\"og:image\" content=\"https:\/\/mogardo.com\/wp-content\/uploads\/2025\/07\/IMG_0301-scaled.jpeg\" \/>\n\t<meta property=\"og:image:width\" content=\"1707\" \/>\n\t<meta property=\"og:image:height\" content=\"2560\" \/>\n\t<meta property=\"og:image:type\" content=\"image\/jpeg\" \/>\n<meta name=\"twitter:card\" content=\"summary_large_image\" \/>\n<meta name=\"twitter:label1\" content=\"Estimated reading time\" \/>\n\t<meta name=\"twitter:data1\" content=\"1 minute\" \/>\n<script type=\"application\/ld+json\" class=\"yoast-schema-graph\">{\"@context\":\"https:\/\/schema.org\",\"@graph\":[{\"@type\":\"WebPage\",\"@id\":\"https:\/\/mogardo.com\/producto\/vestido-jazmin\/\",\"url\":\"https:\/\/mogardo.com\/producto\/vestido-jazmin\/\",\"name\":\"Vestido Jazm\u00edn blanco | Dise\u00f1o sofisticado Mogardo\",\"isPartOf\":{\"@id\":\"https:\/\/mogardo.com\/#website\"},\"primaryImageOfPage\":{\"@id\":\"https:\/\/mogardo.com\/producto\/vestido-jazmin\/#primaryimage\"},\"image\":{\"@id\":\"https:\/\/mogardo.com\/producto\/vestido-jazmin\/#primaryimage\"},\"thumbnailUrl\":\"https:\/\/mogardo.com\/wp-content\/uploads\/2025\/07\/IMG_0301-scaled.jpeg\",\"datePublished\":\"2025-07-18T16:50:02+00:00\",\"dateModified\":\"2025-12-12T16:01:45+00:00\",\"description\":\"Vestido Jazm\u00edn blanco mini ajustado con tejido el\u00e1stico y gran escote en la espalda. Dise\u00f1o femenino y elegante Mogardo. Apuesta por la sencillez\",\"breadcrumb\":{\"@id\":\"https:\/\/mogardo.com\/producto\/vestido-jazmin\/#breadcrumb\"},\"inLanguage\":\"en-GB\",\"potentialAction\":[{\"@type\":\"ReadAction\",\"target\":[\"https:\/\/mogardo.com\/producto\/vestido-jazmin\/\"]}]},{\"@type\":\"ImageObject\",\"inLanguage\":\"en-GB\",\"@id\":\"https:\/\/mogardo.com\/producto\/vestido-jazmin\/#primaryimage\",\"url\":\"https:\/\/mogardo.com\/wp-content\/uploads\/2025\/07\/IMG_0301-scaled.jpeg\",\"contentUrl\":\"https:\/\/mogardo.com\/wp-content\/uploads\/2025\/07\/IMG_0301-scaled.jpeg\",\"width\":1707,\"height\":2560,\"caption\":\"El vestido Jazm\u00edn blanco para mujer es una pieza fresca, femenina y sofisticada que apuesta por la sencillez bien entendida.\"},{\"@type\":\"BreadcrumbList\",\"@id\":\"https:\/\/mogardo.com\/producto\/vestido-jazmin\/#breadcrumb\",\"itemListElement\":[{\"@type\":\"ListItem\",\"position\":1,\"name\":\"Portada\",\"item\":\"https:\/\/mogardo.com\/\"},{\"@type\":\"ListItem\",\"position\":2,\"name\":\"Colecciones\",\"item\":\"https:\/\/mogardo.com\/shop\/\"},{\"@type\":\"ListItem\",\"position\":3,\"name\":\"VESTIDO JAZM\u00cdN\"}]},{\"@type\":\"WebSite\",\"@id\":\"https:\/\/mogardo.com\/#website\",\"url\":\"https:\/\/mogardo.com\/\",\"name\":\"MOGARDO IBIZA\",\"description\":\"En Mogardo creamos prendas exclusivas que realzan tu esencia y belleza natural, fusionando dise\u00f1o sofisticado y materiales de la m\u00e1s alta calidad.\",\"publisher\":{\"@id\":\"https:\/\/mogardo.com\/#organization\"},\"potentialAction\":[{\"@type\":\"SearchAction\",\"target\":{\"@type\":\"EntryPoint\",\"urlTemplate\":\"https:\/\/mogardo.com\/?s={search_term_string}\"},\"query-input\":{\"@type\":\"PropertyValueSpecification\",\"valueRequired\":true,\"valueName\":\"search_term_string\"}}],\"inLanguage\":\"en-GB\"},{\"@type\":\"Organization\",\"@id\":\"https:\/\/mogardo.com\/#organization\",\"name\":\"MOGARDO IBIZA\",\"url\":\"https:\/\/mogardo.com\/\",\"logo\":{\"@type\":\"ImageObject\",\"inLanguage\":\"en-GB\",\"@id\":\"https:\/\/mogardo.com\/#\/schema\/logo\/image\/\",\"url\":\"https:\/\/mogardo.com\/wp-content\/uploads\/2024\/12\/MOGARDO_isotipo_negro.png\",\"contentUrl\":\"https:\/\/mogardo.com\/wp-content\/uploads\/2024\/12\/MOGARDO_isotipo_negro.png\",\"width\":1755,\"height\":1755,\"caption\":\"MOGARDO IBIZA\"},\"image\":{\"@id\":\"https:\/\/mogardo.com\/#\/schema\/logo\/image\/\"}}]}<\/script>\n<!-- \/ Yoast SEO plugin. -->","yoast_head_json":{"title":"Vestido Jazm\u00edn blanco | Dise\u00f1o sofisticado Mogardo","description":"Vestido Jazm\u00edn blanco mini ajustado con tejido el\u00e1stico y gran escote en la espalda. Dise\u00f1o femenino y elegante Mogardo. Apuesta por la sencillez","robots":{"index":"index","follow":"follow","max-snippet":"max-snippet:-1","max-image-preview":"max-image-preview:large","max-video-preview":"max-video-preview:-1"},"canonical":"https:\/\/mogardo.com\/en\/product\/vestido-jazmin\/","og_locale":"en_GB","og_type":"article","og_title":"Vestido Jazm\u00edn blanco | Dise\u00f1o sofisticado Mogardo","og_description":"Vestido Jazm\u00edn blanco mini ajustado con tejido el\u00e1stico y gran escote en la espalda. Dise\u00f1o femenino y elegante Mogardo. Apuesta por la sencillez","og_url":"https:\/\/mogardo.com\/en\/product\/vestido-jazmin\/","og_site_name":"MOGARDO - Dise\u00f1os y moda exclusiva","article_modified_time":"2025-12-12T16:01:45+00:00","og_image":[{"width":1707,"height":2560,"url":"https:\/\/mogardo.com\/wp-content\/uploads\/2025\/07\/IMG_0301-scaled.jpeg","type":"image\/jpeg"}],"twitter_card":"summary_large_image","twitter_misc":{"Estimated reading time":"1 minute"},"schema":{"@context":"https:\/\/schema.org","@graph":[{"@type":"WebPage","@id":"https:\/\/mogardo.com\/producto\/vestido-jazmin\/","url":"https:\/\/mogardo.com\/producto\/vestido-jazmin\/","name":"Vestido Jazm\u00edn blanco | Dise\u00f1o sofisticado Mogardo","isPartOf":{"@id":"https:\/\/mogardo.com\/#website"},"primaryImageOfPage":{"@id":"https:\/\/mogardo.com\/producto\/vestido-jazmin\/#primaryimage"},"image":{"@id":"https:\/\/mogardo.com\/producto\/vestido-jazmin\/#primaryimage"},"thumbnailUrl":"https:\/\/mogardo.com\/wp-content\/uploads\/2025\/07\/IMG_0301-scaled.jpeg","datePublished":"2025-07-18T16:50:02+00:00","dateModified":"2025-12-12T16:01:45+00:00","description":"Vestido Jazm\u00edn blanco mini ajustado con tejido el\u00e1stico y gran escote en la espalda. Dise\u00f1o femenino y elegante Mogardo. Apuesta por la sencillez","breadcrumb":{"@id":"https:\/\/mogardo.com\/producto\/vestido-jazmin\/#breadcrumb"},"inLanguage":"en-GB","potentialAction":[{"@type":"ReadAction","target":["https:\/\/mogardo.com\/producto\/vestido-jazmin\/"]}]},{"@type":"ImageObject","inLanguage":"en-GB","@id":"https:\/\/mogardo.com\/producto\/vestido-jazmin\/#primaryimage","url":"https:\/\/mogardo.com\/wp-content\/uploads\/2025\/07\/IMG_0301-scaled.jpeg","contentUrl":"https:\/\/mogardo.com\/wp-content\/uploads\/2025\/07\/IMG_0301-scaled.jpeg","width":1707,"height":2560,"caption":"El vestido Jazm\u00edn blanco para mujer es una pieza fresca, femenina y sofisticada que apuesta por la sencillez bien entendida."},{"@type":"BreadcrumbList","@id":"https:\/\/mogardo.com\/producto\/vestido-jazmin\/#breadcrumb","itemListElement":[{"@type":"ListItem","position":1,"name":"Portada","item":"https:\/\/mogardo.com\/"},{"@type":"ListItem","position":2,"name":"Colecciones","item":"https:\/\/mogardo.com\/shop\/"},{"@type":"ListItem","position":3,"name":"VESTIDO JAZM\u00cdN"}]},{"@type":"WebSite","@id":"https:\/\/mogardo.com\/#website","url":"https:\/\/mogardo.com\/","name":"MOGARDO IBIZA","description":"At Mogardo, we create exclusive garments that enhance your essence and natural beauty, combining sophisticated design with the highest quality materials.","publisher":{"@id":"https:\/\/mogardo.com\/#organization"},"potentialAction":[{"@type":"SearchAction","target":{"@type":"EntryPoint","urlTemplate":"https:\/\/mogardo.com\/?s={search_term_string}"},"query-input":{"@type":"PropertyValueSpecification","valueRequired":true,"valueName":"search_term_string"}}],"inLanguage":"en-GB"},{"@type":"Organization","@id":"https:\/\/mogardo.com\/#organization","name":"MOGARDO IBIZA","url":"https:\/\/mogardo.com\/","logo":{"@type":"ImageObject","inLanguage":"en-GB","@id":"https:\/\/mogardo.com\/#\/schema\/logo\/image\/","url":"https:\/\/mogardo.com\/wp-content\/uploads\/2024\/12\/MOGARDO_isotipo_negro.png","contentUrl":"https:\/\/mogardo.com\/wp-content\/uploads\/2024\/12\/MOGARDO_isotipo_negro.png","width":1755,"height":1755,"caption":"MOGARDO IBIZA"},"image":{"@id":"https:\/\/mogardo.com\/#\/schema\/logo\/image\/"}}]}},"_links":{"self":[{"href":"https:\/\/mogardo.com\/en\/wp-json\/wp\/v2\/product\/23592","targetHints":{"allow":["GET"]}}],"collection":[{"href":"https:\/\/mogardo.com\/en\/wp-json\/wp\/v2\/product"}],"about":[{"href":"https:\/\/mogardo.com\/en\/wp-json\/wp\/v2\/types\/product"}],"wp:featuredmedia":[{"embeddable":true,"href":"https:\/\/mogardo.com\/en\/wp-json\/wp\/v2\/media\/23593"}],"wp:attachment":[{"href":"https:\/\/mogardo.com\/en\/wp-json\/wp\/v2\/media?parent=23592"}],"wp:term":[{"taxonomy":"product_brand","embeddable":true,"href":"https:\/\/mogardo.com\/en\/wp-json\/wp\/v2\/product_brand?post=23592"},{"taxonomy":"product_cat","embeddable":true,"href":"https:\/\/mogardo.com\/en\/wp-json\/wp\/v2\/product_cat?post=23592"},{"taxonomy":"product_tag","embeddable":true,"href":"https:\/\/mogardo.com\/en\/wp-json\/wp\/v2\/product_tag?post=23592"}],"curies":[{"name":"wp","href":"https:\/\/api.w.org\/{rel}","templated":true}]}}