{"id":23601,"date":"2025-07-18T19:40:12","date_gmt":"2025-07-18T17:40:12","guid":{"rendered":"https:\/\/mogardo.com\/?post_type=product&#038;p=23601"},"modified":"2025-12-12T16:52:58","modified_gmt":"2025-12-12T15:52:58","slug":"kimono-chocolat","status":"publish","type":"product","link":"https:\/\/mogardo.com\/en\/product\/kimono-chocolat\/","title":{"rendered":"CHOCOLATE KIMONO"},"content":{"rendered":"<p><strong>Elegant jacquard kimono with chocolate fabric<\/strong><\/p>\n<p data-start=\"631\" data-end=\"964\">He <strong data-start=\"634\" data-end=\"676\">Chocolat jacquard kimono for women<\/strong> It&#039;s a sophisticated and versatile garment that adds elegance and personality to any look. Made of <strong data-start=\"785\" data-end=\"804\">brown jacquard<\/strong>, This design is distinguished by its <strong data-start=\"839\" data-end=\"872\">subtle turquoise sparkles<\/strong>, which provide luminosity and a refined contrast, characteristic of the style of <strong data-start=\"952\" data-end=\"963\">Mogardo<\/strong>.<\/p>\n<p data-start=\"966\" data-end=\"1244\">Its fluid and elegant silhouette naturally hugs the figure, making it an ideal piece to elevate evening outfits or add an exclusive touch to simpler looks. The jacquard fabric provides texture and visual richness, creating a timeless garment with character.<\/p>\n<p data-start=\"1246\" data-end=\"1275\"><strong data-start=\"1246\" data-end=\"1275\">Style and occasions for use<\/strong><\/p>\n<p data-start=\"1277\" data-end=\"1566\">This <strong data-start=\"1282\" data-end=\"1312\">Elegant kimono for women<\/strong> It&#039;s perfect for completing guest looks, special events, sophisticated dinners, or evening celebrations. It can be worn over dresses, outfits, or more minimalist garments, offering versatility without sacrificing an elegant and distinctive style.<\/p>","protected":false},"excerpt":{"rendered":"<p>Kimono Chocolat en jacquard elegante El kimono Chocolat en jacquard para mujer es una prenda sofisticada y vers\u00e1til que aporta elegancia y personalidad a cualquier look. Confeccionado en jacquard marr\u00f3n, este dise\u00f1o se distingue por sus sutiles destellos en turquesa, que aportan luminosidad y un contraste refinado, caracter\u00edstico del estilo de Mogardo. Su silueta fluida [&hellip;]<\/p>","protected":false},"featured_media":23602,"template":"","meta":{"_joinchat":[]},"product_brand":[],"product_cat":[32,47],"product_tag":[],"class_list":{"0":"post-23601","1":"product","2":"type-product","3":"status-publish","4":"has-post-thumbnail","6":"product_cat-mujer","7":"product_cat-raices-mujer","9":"first","10":"instock","11":"taxable","12":"shipping-taxable","13":"purchasable","14":"product-type-simple","15":"add-to-wishlist-after_add_to_cart"},"yoast_head":"<!-- This site is optimized with the Yoast SEO plugin v26.2 - https:\/\/yoast.com\/wordpress\/plugins\/seo\/ -->\n<title>Kimono Chocolat jacquard | Elegancia Mogardo<\/title>\n<meta name=\"description\" content=\"Kimono Chocolat en jacquard marr\u00f3n con destellos turquesa. Dise\u00f1o elegante y sofisticado para looks especiales de Mogardo.\" \/>\n<meta name=\"robots\" content=\"index, follow, max-snippet:-1, max-image-preview:large, max-video-preview:-1\" \/>\n<link rel=\"canonical\" href=\"https:\/\/mogardo.com\/en\/product\/kimono-chocolat\/\" \/>\n<meta property=\"og:locale\" content=\"en_GB\" \/>\n<meta property=\"og:type\" content=\"article\" \/>\n<meta property=\"og:title\" content=\"Kimono Chocolat jacquard | Elegancia Mogardo\" \/>\n<meta property=\"og:description\" content=\"Kimono Chocolat en jacquard marr\u00f3n con destellos turquesa. Dise\u00f1o elegante y sofisticado para looks especiales de Mogardo.\" \/>\n<meta property=\"og:url\" content=\"https:\/\/mogardo.com\/en\/product\/kimono-chocolat\/\" \/>\n<meta property=\"og:site_name\" content=\"MOGARDO - Dise\u00f1os y moda exclusiva\" \/>\n<meta property=\"article:modified_time\" content=\"2025-12-12T15:52:58+00:00\" \/>\n<meta property=\"og:image\" content=\"https:\/\/mogardo.com\/wp-content\/uploads\/2025\/07\/IMG_0305-scaled.jpeg\" \/>\n\t<meta property=\"og:image:width\" content=\"1707\" \/>\n\t<meta property=\"og:image:height\" content=\"2560\" \/>\n\t<meta property=\"og:image:type\" content=\"image\/jpeg\" \/>\n<meta name=\"twitter:card\" content=\"summary_large_image\" \/>\n<meta name=\"twitter:label1\" content=\"Estimated reading time\" \/>\n\t<meta name=\"twitter:data1\" content=\"1 minute\" \/>\n<script type=\"application\/ld+json\" class=\"yoast-schema-graph\">{\"@context\":\"https:\/\/schema.org\",\"@graph\":[{\"@type\":\"WebPage\",\"@id\":\"https:\/\/mogardo.com\/producto\/kimono-chocolat\/\",\"url\":\"https:\/\/mogardo.com\/producto\/kimono-chocolat\/\",\"name\":\"Kimono Chocolat jacquard | Elegancia Mogardo\",\"isPartOf\":{\"@id\":\"https:\/\/mogardo.com\/#website\"},\"primaryImageOfPage\":{\"@id\":\"https:\/\/mogardo.com\/producto\/kimono-chocolat\/#primaryimage\"},\"image\":{\"@id\":\"https:\/\/mogardo.com\/producto\/kimono-chocolat\/#primaryimage\"},\"thumbnailUrl\":\"https:\/\/mogardo.com\/wp-content\/uploads\/2025\/07\/IMG_0305-scaled.jpeg\",\"datePublished\":\"2025-07-18T17:40:12+00:00\",\"dateModified\":\"2025-12-12T15:52:58+00:00\",\"description\":\"Kimono Chocolat en jacquard marr\u00f3n con destellos turquesa. Dise\u00f1o elegante y sofisticado para looks especiales de Mogardo.\",\"breadcrumb\":{\"@id\":\"https:\/\/mogardo.com\/producto\/kimono-chocolat\/#breadcrumb\"},\"inLanguage\":\"en-GB\",\"potentialAction\":[{\"@type\":\"ReadAction\",\"target\":[\"https:\/\/mogardo.com\/producto\/kimono-chocolat\/\"]}]},{\"@type\":\"ImageObject\",\"inLanguage\":\"en-GB\",\"@id\":\"https:\/\/mogardo.com\/producto\/kimono-chocolat\/#primaryimage\",\"url\":\"https:\/\/mogardo.com\/wp-content\/uploads\/2025\/07\/IMG_0305-scaled.jpeg\",\"contentUrl\":\"https:\/\/mogardo.com\/wp-content\/uploads\/2025\/07\/IMG_0305-scaled.jpeg\",\"width\":1707,\"height\":2560,\"caption\":\"El kimono Chocolat en jacquard para mujer es una prenda sofisticada y vers\u00e1til que aporta elegancia y personalidad a cualquier look.\"},{\"@type\":\"BreadcrumbList\",\"@id\":\"https:\/\/mogardo.com\/producto\/kimono-chocolat\/#breadcrumb\",\"itemListElement\":[{\"@type\":\"ListItem\",\"position\":1,\"name\":\"Portada\",\"item\":\"https:\/\/mogardo.com\/\"},{\"@type\":\"ListItem\",\"position\":2,\"name\":\"Colecciones\",\"item\":\"https:\/\/mogardo.com\/shop\/\"},{\"@type\":\"ListItem\",\"position\":3,\"name\":\"KIMONO CHOCOLAT\"}]},{\"@type\":\"WebSite\",\"@id\":\"https:\/\/mogardo.com\/#website\",\"url\":\"https:\/\/mogardo.com\/\",\"name\":\"MOGARDO IBIZA\",\"description\":\"En Mogardo creamos prendas exclusivas que realzan tu esencia y belleza natural, fusionando dise\u00f1o sofisticado y materiales de la m\u00e1s alta calidad.\",\"publisher\":{\"@id\":\"https:\/\/mogardo.com\/#organization\"},\"potentialAction\":[{\"@type\":\"SearchAction\",\"target\":{\"@type\":\"EntryPoint\",\"urlTemplate\":\"https:\/\/mogardo.com\/?s={search_term_string}\"},\"query-input\":{\"@type\":\"PropertyValueSpecification\",\"valueRequired\":true,\"valueName\":\"search_term_string\"}}],\"inLanguage\":\"en-GB\"},{\"@type\":\"Organization\",\"@id\":\"https:\/\/mogardo.com\/#organization\",\"name\":\"MOGARDO IBIZA\",\"url\":\"https:\/\/mogardo.com\/\",\"logo\":{\"@type\":\"ImageObject\",\"inLanguage\":\"en-GB\",\"@id\":\"https:\/\/mogardo.com\/#\/schema\/logo\/image\/\",\"url\":\"https:\/\/mogardo.com\/wp-content\/uploads\/2024\/12\/MOGARDO_isotipo_negro.png\",\"contentUrl\":\"https:\/\/mogardo.com\/wp-content\/uploads\/2024\/12\/MOGARDO_isotipo_negro.png\",\"width\":1755,\"height\":1755,\"caption\":\"MOGARDO IBIZA\"},\"image\":{\"@id\":\"https:\/\/mogardo.com\/#\/schema\/logo\/image\/\"}}]}<\/script>\n<!-- \/ Yoast SEO plugin. -->","yoast_head_json":{"title":"Kimono Chocolat jacquard | Elegancia Mogardo","description":"Kimono Chocolat en jacquard marr\u00f3n con destellos turquesa. Dise\u00f1o elegante y sofisticado para looks especiales de Mogardo.","robots":{"index":"index","follow":"follow","max-snippet":"max-snippet:-1","max-image-preview":"max-image-preview:large","max-video-preview":"max-video-preview:-1"},"canonical":"https:\/\/mogardo.com\/en\/product\/kimono-chocolat\/","og_locale":"en_GB","og_type":"article","og_title":"Kimono Chocolat jacquard | Elegancia Mogardo","og_description":"Kimono Chocolat en jacquard marr\u00f3n con destellos turquesa. Dise\u00f1o elegante y sofisticado para looks especiales de Mogardo.","og_url":"https:\/\/mogardo.com\/en\/product\/kimono-chocolat\/","og_site_name":"MOGARDO - Dise\u00f1os y moda exclusiva","article_modified_time":"2025-12-12T15:52:58+00:00","og_image":[{"width":1707,"height":2560,"url":"https:\/\/mogardo.com\/wp-content\/uploads\/2025\/07\/IMG_0305-scaled.jpeg","type":"image\/jpeg"}],"twitter_card":"summary_large_image","twitter_misc":{"Estimated reading time":"1 minute"},"schema":{"@context":"https:\/\/schema.org","@graph":[{"@type":"WebPage","@id":"https:\/\/mogardo.com\/producto\/kimono-chocolat\/","url":"https:\/\/mogardo.com\/producto\/kimono-chocolat\/","name":"Kimono Chocolat jacquard | Elegancia Mogardo","isPartOf":{"@id":"https:\/\/mogardo.com\/#website"},"primaryImageOfPage":{"@id":"https:\/\/mogardo.com\/producto\/kimono-chocolat\/#primaryimage"},"image":{"@id":"https:\/\/mogardo.com\/producto\/kimono-chocolat\/#primaryimage"},"thumbnailUrl":"https:\/\/mogardo.com\/wp-content\/uploads\/2025\/07\/IMG_0305-scaled.jpeg","datePublished":"2025-07-18T17:40:12+00:00","dateModified":"2025-12-12T15:52:58+00:00","description":"Kimono Chocolat en jacquard marr\u00f3n con destellos turquesa. Dise\u00f1o elegante y sofisticado para looks especiales de Mogardo.","breadcrumb":{"@id":"https:\/\/mogardo.com\/producto\/kimono-chocolat\/#breadcrumb"},"inLanguage":"en-GB","potentialAction":[{"@type":"ReadAction","target":["https:\/\/mogardo.com\/producto\/kimono-chocolat\/"]}]},{"@type":"ImageObject","inLanguage":"en-GB","@id":"https:\/\/mogardo.com\/producto\/kimono-chocolat\/#primaryimage","url":"https:\/\/mogardo.com\/wp-content\/uploads\/2025\/07\/IMG_0305-scaled.jpeg","contentUrl":"https:\/\/mogardo.com\/wp-content\/uploads\/2025\/07\/IMG_0305-scaled.jpeg","width":1707,"height":2560,"caption":"El kimono Chocolat en jacquard para mujer es una prenda sofisticada y vers\u00e1til que aporta elegancia y personalidad a cualquier look."},{"@type":"BreadcrumbList","@id":"https:\/\/mogardo.com\/producto\/kimono-chocolat\/#breadcrumb","itemListElement":[{"@type":"ListItem","position":1,"name":"Portada","item":"https:\/\/mogardo.com\/"},{"@type":"ListItem","position":2,"name":"Colecciones","item":"https:\/\/mogardo.com\/shop\/"},{"@type":"ListItem","position":3,"name":"KIMONO CHOCOLAT"}]},{"@type":"WebSite","@id":"https:\/\/mogardo.com\/#website","url":"https:\/\/mogardo.com\/","name":"MOGARDO IBIZA","description":"At Mogardo, we create exclusive garments that enhance your essence and natural beauty, combining sophisticated design with the highest quality materials.","publisher":{"@id":"https:\/\/mogardo.com\/#organization"},"potentialAction":[{"@type":"SearchAction","target":{"@type":"EntryPoint","urlTemplate":"https:\/\/mogardo.com\/?s={search_term_string}"},"query-input":{"@type":"PropertyValueSpecification","valueRequired":true,"valueName":"search_term_string"}}],"inLanguage":"en-GB"},{"@type":"Organization","@id":"https:\/\/mogardo.com\/#organization","name":"MOGARDO IBIZA","url":"https:\/\/mogardo.com\/","logo":{"@type":"ImageObject","inLanguage":"en-GB","@id":"https:\/\/mogardo.com\/#\/schema\/logo\/image\/","url":"https:\/\/mogardo.com\/wp-content\/uploads\/2024\/12\/MOGARDO_isotipo_negro.png","contentUrl":"https:\/\/mogardo.com\/wp-content\/uploads\/2024\/12\/MOGARDO_isotipo_negro.png","width":1755,"height":1755,"caption":"MOGARDO IBIZA"},"image":{"@id":"https:\/\/mogardo.com\/#\/schema\/logo\/image\/"}}]}},"_links":{"self":[{"href":"https:\/\/mogardo.com\/en\/wp-json\/wp\/v2\/product\/23601","targetHints":{"allow":["GET"]}}],"collection":[{"href":"https:\/\/mogardo.com\/en\/wp-json\/wp\/v2\/product"}],"about":[{"href":"https:\/\/mogardo.com\/en\/wp-json\/wp\/v2\/types\/product"}],"wp:featuredmedia":[{"embeddable":true,"href":"https:\/\/mogardo.com\/en\/wp-json\/wp\/v2\/media\/23602"}],"wp:attachment":[{"href":"https:\/\/mogardo.com\/en\/wp-json\/wp\/v2\/media?parent=23601"}],"wp:term":[{"taxonomy":"product_brand","embeddable":true,"href":"https:\/\/mogardo.com\/en\/wp-json\/wp\/v2\/product_brand?post=23601"},{"taxonomy":"product_cat","embeddable":true,"href":"https:\/\/mogardo.com\/en\/wp-json\/wp\/v2\/product_cat?post=23601"},{"taxonomy":"product_tag","embeddable":true,"href":"https:\/\/mogardo.com\/en\/wp-json\/wp\/v2\/product_tag?post=23601"}],"curies":[{"name":"wp","href":"https:\/\/api.w.org\/{rel}","templated":true}]}}