{"id":23603,"date":"2025-07-18T19:51:00","date_gmt":"2025-07-18T17:51:00","guid":{"rendered":"https:\/\/mogardo.com\/?post_type=product&#038;p=23603"},"modified":"2025-12-12T16:51:37","modified_gmt":"2025-12-12T15:51:37","slug":"greek-chocolat","status":"publish","type":"product","link":"https:\/\/mogardo.com\/en\/product\/greek-chocolat\/","title":{"rendered":"GREEK CHOCOLAT"},"content":{"rendered":"<p data-start=\"663\" data-end=\"994\"><strong>Elegant sequined Greek Chocolat dress<\/strong><\/p>\n<p data-start=\"663\" data-end=\"994\">He <strong data-start=\"666\" data-end=\"719\">Greek Chocolat sequined dress for women<\/strong> It is a sophisticated and immersive proposal that combines classic inspiration and contemporary design. Made in <strong data-start=\"835\" data-end=\"866\">brown sequined tulle<\/strong>, This dress stands out for its fluid elegance and feminine silhouette, designed for <strong data-start=\"949\" data-end=\"993\">evening events and special occasions<\/strong>.<\/p>\n<p data-start=\"996\" data-end=\"1322\">He <strong data-start=\"999\" data-end=\"1035\">Greek design worn over one shoulder<\/strong> It provides a delicate and stylish finish, while the <strong data-start=\"1093\" data-end=\"1116\">bare back<\/strong> It adds a sensual and refined touch. The fall of the <strong data-start=\"1165\" data-end=\"1188\">sequined tulle<\/strong> It envelops the figure with movement and luminosity, enhancing the silhouette with naturalness and sophistication, true to the style of <strong data-start=\"1310\" data-end=\"1321\">Mogardo<\/strong>.<\/p>\n<p data-start=\"1324\" data-end=\"1353\"><strong data-start=\"1324\" data-end=\"1353\">Style and occasions for use<\/strong><\/p>\n<p data-start=\"1355\" data-end=\"1664\">This <strong data-start=\"1360\" data-end=\"1396\">elegant sequined dress<\/strong> It&#039;s ideal as <strong data-start=\"1411\" data-end=\"1434\">guest dress<\/strong> For evening weddings, exclusive parties, galas, or special celebrations. A piece designed for women seeking a <strong data-start=\"1555\" data-end=\"1601\">sophisticated, feminine look with presence<\/strong>, where elegance and character combine perfectly.<\/p>","protected":false},"excerpt":{"rendered":"<p>Vestido Greek Chocolat con lentejuelas elegante El vestido Greek Chocolat con lentejuelas para mujer es una propuesta sofisticada y envolvente que combina inspiraci\u00f3n cl\u00e1sica y dise\u00f1o contempor\u00e1neo. Confeccionado en tul de lentejuelas marrones, este vestido destaca por su elegancia fluida y su silueta femenina, pensada para eventos nocturnos y ocasiones especiales. El dise\u00f1o griego cogido [&hellip;]<\/p>","protected":false},"featured_media":23604,"template":"","meta":{"_joinchat":[]},"product_brand":[],"product_cat":[32,47],"product_tag":[],"class_list":{"0":"post-23603","1":"product","2":"type-product","3":"status-publish","4":"has-post-thumbnail","6":"product_cat-mujer","7":"product_cat-raices-mujer","9":"first","10":"instock","11":"taxable","12":"shipping-taxable","13":"purchasable","14":"product-type-simple","15":"add-to-wishlist-after_add_to_cart"},"yoast_head":"<!-- This site is optimized with the Yoast SEO plugin v26.2 - https:\/\/yoast.com\/wordpress\/plugins\/seo\/ -->\n<title>Vestido Greek Chocolat lentejuelas | Elegancia Mogardo<\/title>\n<meta name=\"description\" content=\"Vestido Greek Chocolat de lentejuelas marrones en tul, dise\u00f1o griego a un hombro y espalda descubierta. Elegancia nocturna Mogardo.\" \/>\n<meta name=\"robots\" content=\"index, follow, max-snippet:-1, max-image-preview:large, max-video-preview:-1\" \/>\n<link rel=\"canonical\" href=\"https:\/\/mogardo.com\/en\/product\/greek-chocolat\/\" \/>\n<meta property=\"og:locale\" content=\"en_GB\" \/>\n<meta property=\"og:type\" content=\"article\" \/>\n<meta property=\"og:title\" content=\"Vestido Greek Chocolat lentejuelas | Elegancia Mogardo\" \/>\n<meta property=\"og:description\" content=\"Vestido Greek Chocolat de lentejuelas marrones en tul, dise\u00f1o griego a un hombro y espalda descubierta. Elegancia nocturna Mogardo.\" \/>\n<meta property=\"og:url\" content=\"https:\/\/mogardo.com\/en\/product\/greek-chocolat\/\" \/>\n<meta property=\"og:site_name\" content=\"MOGARDO - Dise\u00f1os y moda exclusiva\" \/>\n<meta property=\"article:modified_time\" content=\"2025-12-12T15:51:37+00:00\" \/>\n<meta property=\"og:image\" content=\"https:\/\/mogardo.com\/wp-content\/uploads\/2025\/07\/IMG_0306-scaled.jpeg\" \/>\n\t<meta property=\"og:image:width\" content=\"1707\" \/>\n\t<meta property=\"og:image:height\" content=\"2560\" \/>\n\t<meta property=\"og:image:type\" content=\"image\/jpeg\" \/>\n<meta name=\"twitter:card\" content=\"summary_large_image\" \/>\n<meta name=\"twitter:label1\" content=\"Estimated reading time\" \/>\n\t<meta name=\"twitter:data1\" content=\"1 minute\" \/>\n<script type=\"application\/ld+json\" class=\"yoast-schema-graph\">{\"@context\":\"https:\/\/schema.org\",\"@graph\":[{\"@type\":\"WebPage\",\"@id\":\"https:\/\/mogardo.com\/producto\/greek-chocolat\/\",\"url\":\"https:\/\/mogardo.com\/producto\/greek-chocolat\/\",\"name\":\"Vestido Greek Chocolat lentejuelas | Elegancia Mogardo\",\"isPartOf\":{\"@id\":\"https:\/\/mogardo.com\/#website\"},\"primaryImageOfPage\":{\"@id\":\"https:\/\/mogardo.com\/producto\/greek-chocolat\/#primaryimage\"},\"image\":{\"@id\":\"https:\/\/mogardo.com\/producto\/greek-chocolat\/#primaryimage\"},\"thumbnailUrl\":\"https:\/\/mogardo.com\/wp-content\/uploads\/2025\/07\/IMG_0306-scaled.jpeg\",\"datePublished\":\"2025-07-18T17:51:00+00:00\",\"dateModified\":\"2025-12-12T15:51:37+00:00\",\"description\":\"Vestido Greek Chocolat de lentejuelas marrones en tul, dise\u00f1o griego a un hombro y espalda descubierta. Elegancia nocturna Mogardo.\",\"breadcrumb\":{\"@id\":\"https:\/\/mogardo.com\/producto\/greek-chocolat\/#breadcrumb\"},\"inLanguage\":\"en-GB\",\"potentialAction\":[{\"@type\":\"ReadAction\",\"target\":[\"https:\/\/mogardo.com\/producto\/greek-chocolat\/\"]}]},{\"@type\":\"ImageObject\",\"inLanguage\":\"en-GB\",\"@id\":\"https:\/\/mogardo.com\/producto\/greek-chocolat\/#primaryimage\",\"url\":\"https:\/\/mogardo.com\/wp-content\/uploads\/2025\/07\/IMG_0306-scaled.jpeg\",\"contentUrl\":\"https:\/\/mogardo.com\/wp-content\/uploads\/2025\/07\/IMG_0306-scaled.jpeg\",\"width\":1707,\"height\":2560,\"caption\":\"El vestido Greek Chocolat con lentejuelas para mujer es una propuesta sofisticada y envolvente que combina inspiraci\u00f3n cl\u00e1sica y dise\u00f1o contempor\u00e1neo. Confeccionado en tul de lentejuelas marrones,\"},{\"@type\":\"BreadcrumbList\",\"@id\":\"https:\/\/mogardo.com\/producto\/greek-chocolat\/#breadcrumb\",\"itemListElement\":[{\"@type\":\"ListItem\",\"position\":1,\"name\":\"Portada\",\"item\":\"https:\/\/mogardo.com\/\"},{\"@type\":\"ListItem\",\"position\":2,\"name\":\"Colecciones\",\"item\":\"https:\/\/mogardo.com\/shop\/\"},{\"@type\":\"ListItem\",\"position\":3,\"name\":\"GREEK CHOCOLAT\"}]},{\"@type\":\"WebSite\",\"@id\":\"https:\/\/mogardo.com\/#website\",\"url\":\"https:\/\/mogardo.com\/\",\"name\":\"MOGARDO IBIZA\",\"description\":\"En Mogardo creamos prendas exclusivas que realzan tu esencia y belleza natural, fusionando dise\u00f1o sofisticado y materiales de la m\u00e1s alta calidad.\",\"publisher\":{\"@id\":\"https:\/\/mogardo.com\/#organization\"},\"potentialAction\":[{\"@type\":\"SearchAction\",\"target\":{\"@type\":\"EntryPoint\",\"urlTemplate\":\"https:\/\/mogardo.com\/?s={search_term_string}\"},\"query-input\":{\"@type\":\"PropertyValueSpecification\",\"valueRequired\":true,\"valueName\":\"search_term_string\"}}],\"inLanguage\":\"en-GB\"},{\"@type\":\"Organization\",\"@id\":\"https:\/\/mogardo.com\/#organization\",\"name\":\"MOGARDO IBIZA\",\"url\":\"https:\/\/mogardo.com\/\",\"logo\":{\"@type\":\"ImageObject\",\"inLanguage\":\"en-GB\",\"@id\":\"https:\/\/mogardo.com\/#\/schema\/logo\/image\/\",\"url\":\"https:\/\/mogardo.com\/wp-content\/uploads\/2024\/12\/MOGARDO_isotipo_negro.png\",\"contentUrl\":\"https:\/\/mogardo.com\/wp-content\/uploads\/2024\/12\/MOGARDO_isotipo_negro.png\",\"width\":1755,\"height\":1755,\"caption\":\"MOGARDO IBIZA\"},\"image\":{\"@id\":\"https:\/\/mogardo.com\/#\/schema\/logo\/image\/\"}}]}<\/script>\n<!-- \/ Yoast SEO plugin. -->","yoast_head_json":{"title":"Vestido Greek Chocolat lentejuelas | Elegancia Mogardo","description":"Vestido Greek Chocolat de lentejuelas marrones en tul, dise\u00f1o griego a un hombro y espalda descubierta. Elegancia nocturna Mogardo.","robots":{"index":"index","follow":"follow","max-snippet":"max-snippet:-1","max-image-preview":"max-image-preview:large","max-video-preview":"max-video-preview:-1"},"canonical":"https:\/\/mogardo.com\/en\/product\/greek-chocolat\/","og_locale":"en_GB","og_type":"article","og_title":"Vestido Greek Chocolat lentejuelas | Elegancia Mogardo","og_description":"Vestido Greek Chocolat de lentejuelas marrones en tul, dise\u00f1o griego a un hombro y espalda descubierta. Elegancia nocturna Mogardo.","og_url":"https:\/\/mogardo.com\/en\/product\/greek-chocolat\/","og_site_name":"MOGARDO - Dise\u00f1os y moda exclusiva","article_modified_time":"2025-12-12T15:51:37+00:00","og_image":[{"width":1707,"height":2560,"url":"https:\/\/mogardo.com\/wp-content\/uploads\/2025\/07\/IMG_0306-scaled.jpeg","type":"image\/jpeg"}],"twitter_card":"summary_large_image","twitter_misc":{"Estimated reading time":"1 minute"},"schema":{"@context":"https:\/\/schema.org","@graph":[{"@type":"WebPage","@id":"https:\/\/mogardo.com\/producto\/greek-chocolat\/","url":"https:\/\/mogardo.com\/producto\/greek-chocolat\/","name":"Vestido Greek Chocolat lentejuelas | Elegancia Mogardo","isPartOf":{"@id":"https:\/\/mogardo.com\/#website"},"primaryImageOfPage":{"@id":"https:\/\/mogardo.com\/producto\/greek-chocolat\/#primaryimage"},"image":{"@id":"https:\/\/mogardo.com\/producto\/greek-chocolat\/#primaryimage"},"thumbnailUrl":"https:\/\/mogardo.com\/wp-content\/uploads\/2025\/07\/IMG_0306-scaled.jpeg","datePublished":"2025-07-18T17:51:00+00:00","dateModified":"2025-12-12T15:51:37+00:00","description":"Vestido Greek Chocolat de lentejuelas marrones en tul, dise\u00f1o griego a un hombro y espalda descubierta. Elegancia nocturna Mogardo.","breadcrumb":{"@id":"https:\/\/mogardo.com\/producto\/greek-chocolat\/#breadcrumb"},"inLanguage":"en-GB","potentialAction":[{"@type":"ReadAction","target":["https:\/\/mogardo.com\/producto\/greek-chocolat\/"]}]},{"@type":"ImageObject","inLanguage":"en-GB","@id":"https:\/\/mogardo.com\/producto\/greek-chocolat\/#primaryimage","url":"https:\/\/mogardo.com\/wp-content\/uploads\/2025\/07\/IMG_0306-scaled.jpeg","contentUrl":"https:\/\/mogardo.com\/wp-content\/uploads\/2025\/07\/IMG_0306-scaled.jpeg","width":1707,"height":2560,"caption":"El vestido Greek Chocolat con lentejuelas para mujer es una propuesta sofisticada y envolvente que combina inspiraci\u00f3n cl\u00e1sica y dise\u00f1o contempor\u00e1neo. Confeccionado en tul de lentejuelas marrones,"},{"@type":"BreadcrumbList","@id":"https:\/\/mogardo.com\/producto\/greek-chocolat\/#breadcrumb","itemListElement":[{"@type":"ListItem","position":1,"name":"Portada","item":"https:\/\/mogardo.com\/"},{"@type":"ListItem","position":2,"name":"Colecciones","item":"https:\/\/mogardo.com\/shop\/"},{"@type":"ListItem","position":3,"name":"GREEK CHOCOLAT"}]},{"@type":"WebSite","@id":"https:\/\/mogardo.com\/#website","url":"https:\/\/mogardo.com\/","name":"MOGARDO IBIZA","description":"At Mogardo, we create exclusive garments that enhance your essence and natural beauty, combining sophisticated design with the highest quality materials.","publisher":{"@id":"https:\/\/mogardo.com\/#organization"},"potentialAction":[{"@type":"SearchAction","target":{"@type":"EntryPoint","urlTemplate":"https:\/\/mogardo.com\/?s={search_term_string}"},"query-input":{"@type":"PropertyValueSpecification","valueRequired":true,"valueName":"search_term_string"}}],"inLanguage":"en-GB"},{"@type":"Organization","@id":"https:\/\/mogardo.com\/#organization","name":"MOGARDO IBIZA","url":"https:\/\/mogardo.com\/","logo":{"@type":"ImageObject","inLanguage":"en-GB","@id":"https:\/\/mogardo.com\/#\/schema\/logo\/image\/","url":"https:\/\/mogardo.com\/wp-content\/uploads\/2024\/12\/MOGARDO_isotipo_negro.png","contentUrl":"https:\/\/mogardo.com\/wp-content\/uploads\/2024\/12\/MOGARDO_isotipo_negro.png","width":1755,"height":1755,"caption":"MOGARDO IBIZA"},"image":{"@id":"https:\/\/mogardo.com\/#\/schema\/logo\/image\/"}}]}},"_links":{"self":[{"href":"https:\/\/mogardo.com\/en\/wp-json\/wp\/v2\/product\/23603","targetHints":{"allow":["GET"]}}],"collection":[{"href":"https:\/\/mogardo.com\/en\/wp-json\/wp\/v2\/product"}],"about":[{"href":"https:\/\/mogardo.com\/en\/wp-json\/wp\/v2\/types\/product"}],"wp:featuredmedia":[{"embeddable":true,"href":"https:\/\/mogardo.com\/en\/wp-json\/wp\/v2\/media\/23604"}],"wp:attachment":[{"href":"https:\/\/mogardo.com\/en\/wp-json\/wp\/v2\/media?parent=23603"}],"wp:term":[{"taxonomy":"product_brand","embeddable":true,"href":"https:\/\/mogardo.com\/en\/wp-json\/wp\/v2\/product_brand?post=23603"},{"taxonomy":"product_cat","embeddable":true,"href":"https:\/\/mogardo.com\/en\/wp-json\/wp\/v2\/product_cat?post=23603"},{"taxonomy":"product_tag","embeddable":true,"href":"https:\/\/mogardo.com\/en\/wp-json\/wp\/v2\/product_tag?post=23603"}],"curies":[{"name":"wp","href":"https:\/\/api.w.org\/{rel}","templated":true}]}}