{"id":23611,"date":"2025-07-18T20:12:53","date_gmt":"2025-07-18T18:12:53","guid":{"rendered":"https:\/\/mogardo.com\/?post_type=product&#038;p=23611"},"modified":"2025-12-12T16:47:13","modified_gmt":"2025-12-12T15:47:13","slug":"vestido-carmin","status":"publish","type":"product","link":"https:\/\/mogardo.com\/en\/product\/vestido-carmin\/","title":{"rendered":"CARMINE DRESS"},"content":{"rendered":"<p><strong>Elegant guipure lace maxi dress in crimson<\/strong><\/p>\n<p data-start=\"725\" data-end=\"974\">He <strong data-start=\"728\" data-end=\"762\">long crimson guipure dress<\/strong> It&#039;s a sophisticated piece designed for women who want to stand out with elegance and personality. Its deep crimson hue adds strength and femininity, making it a perfect choice for special occasions.<\/p>\n<p data-start=\"976\" data-end=\"1264\">He <strong data-start=\"979\" data-end=\"1014\">asymmetrical neckline at the back<\/strong> It adds a sensual and exclusive touch, while the <strong data-start=\"1067\" data-end=\"1087\">side opening<\/strong> It slims the silhouette and adds movement. <strong data-start=\"1133\" data-end=\"1160\">structured shoulder pads<\/strong> They balance design and <strong data-start=\"1187\" data-end=\"1209\">guipure belt<\/strong> It defines the waist with a refined and harmonious finish.<\/p>\n<p data-start=\"1271\" data-end=\"1302\"><strong>Style and occasions for use<\/strong><\/p>\n<p data-start=\"1304\" data-end=\"1525\">This <strong data-start=\"1309\" data-end=\"1342\">elegant crimson long dress<\/strong> It&#039;s ideal as <strong data-start=\"1357\" data-end=\"1380\">guest dress<\/strong> For weddings, galas, formal dinners, or evening events. A design conceived for a <strong data-start=\"1463\" data-end=\"1492\">sophisticated women&#039;s fashion<\/strong>, well cared for and with its own identity.<\/p>","protected":false},"excerpt":{"rendered":"<p>Vestido largo carm\u00edn de guipur elegante El vestido largo carm\u00edn de guipur es una pieza sofisticada dise\u00f1ada para mujeres que buscan destacar con elegancia y personalidad. Su tono carm\u00edn intenso aporta fuerza y feminidad, convirti\u00e9ndolo en una opci\u00f3n perfecta para ocasiones especiales. El escote asim\u00e9trico en la espalda a\u00f1ade un toque sensual y exclusivo, mientras [&hellip;]<\/p>","protected":false},"featured_media":23612,"template":"","meta":{"_joinchat":[]},"product_brand":[],"product_cat":[32,47],"product_tag":[],"class_list":{"0":"post-23611","1":"product","2":"type-product","3":"status-publish","4":"has-post-thumbnail","6":"product_cat-mujer","7":"product_cat-raices-mujer","9":"first","10":"instock","11":"taxable","12":"shipping-taxable","13":"purchasable","14":"product-type-simple","15":"add-to-wishlist-after_add_to_cart"},"yoast_head":"<!-- This site is optimized with the Yoast SEO plugin v26.2 - https:\/\/yoast.com\/wordpress\/plugins\/seo\/ -->\n<title>Vestido largo carm\u00edn guipur | Elegancia sofisticada<\/title>\n<meta name=\"description\" content=\"Vestido largo carm\u00edn guipur con escote asim\u00e9trico en espalda, abertura lateral y cintur\u00f3n. Elegancia para eventos formales.\" \/>\n<meta name=\"robots\" content=\"index, follow, max-snippet:-1, max-image-preview:large, max-video-preview:-1\" \/>\n<link rel=\"canonical\" href=\"https:\/\/mogardo.com\/en\/product\/vestido-carmin\/\" \/>\n<meta property=\"og:locale\" content=\"en_GB\" \/>\n<meta property=\"og:type\" content=\"article\" \/>\n<meta property=\"og:title\" content=\"Vestido largo carm\u00edn guipur | Elegancia sofisticada\" \/>\n<meta property=\"og:description\" content=\"Vestido largo carm\u00edn guipur con escote asim\u00e9trico en espalda, abertura lateral y cintur\u00f3n. Elegancia para eventos formales.\" \/>\n<meta property=\"og:url\" content=\"https:\/\/mogardo.com\/en\/product\/vestido-carmin\/\" \/>\n<meta property=\"og:site_name\" content=\"MOGARDO - Dise\u00f1os y moda exclusiva\" \/>\n<meta property=\"article:modified_time\" content=\"2025-12-12T15:47:13+00:00\" \/>\n<meta property=\"og:image\" content=\"https:\/\/mogardo.com\/wp-content\/uploads\/2025\/07\/IMG_0310-scaled.jpeg\" \/>\n\t<meta property=\"og:image:width\" content=\"1707\" \/>\n\t<meta property=\"og:image:height\" content=\"2560\" \/>\n\t<meta property=\"og:image:type\" content=\"image\/jpeg\" \/>\n<meta name=\"twitter:card\" content=\"summary_large_image\" \/>\n<meta name=\"twitter:label1\" content=\"Estimated reading time\" \/>\n\t<meta name=\"twitter:data1\" content=\"1 minute\" \/>\n<script type=\"application\/ld+json\" class=\"yoast-schema-graph\">{\"@context\":\"https:\/\/schema.org\",\"@graph\":[{\"@type\":\"WebPage\",\"@id\":\"https:\/\/mogardo.com\/producto\/vestido-carmin\/\",\"url\":\"https:\/\/mogardo.com\/producto\/vestido-carmin\/\",\"name\":\"Vestido largo carm\u00edn guipur | Elegancia sofisticada\",\"isPartOf\":{\"@id\":\"https:\/\/mogardo.com\/#website\"},\"primaryImageOfPage\":{\"@id\":\"https:\/\/mogardo.com\/producto\/vestido-carmin\/#primaryimage\"},\"image\":{\"@id\":\"https:\/\/mogardo.com\/producto\/vestido-carmin\/#primaryimage\"},\"thumbnailUrl\":\"https:\/\/mogardo.com\/wp-content\/uploads\/2025\/07\/IMG_0310-scaled.jpeg\",\"datePublished\":\"2025-07-18T18:12:53+00:00\",\"dateModified\":\"2025-12-12T15:47:13+00:00\",\"description\":\"Vestido largo carm\u00edn guipur con escote asim\u00e9trico en espalda, abertura lateral y cintur\u00f3n. Elegancia para eventos formales.\",\"breadcrumb\":{\"@id\":\"https:\/\/mogardo.com\/producto\/vestido-carmin\/#breadcrumb\"},\"inLanguage\":\"en-GB\",\"potentialAction\":[{\"@type\":\"ReadAction\",\"target\":[\"https:\/\/mogardo.com\/producto\/vestido-carmin\/\"]}]},{\"@type\":\"ImageObject\",\"inLanguage\":\"en-GB\",\"@id\":\"https:\/\/mogardo.com\/producto\/vestido-carmin\/#primaryimage\",\"url\":\"https:\/\/mogardo.com\/wp-content\/uploads\/2025\/07\/IMG_0310-scaled.jpeg\",\"contentUrl\":\"https:\/\/mogardo.com\/wp-content\/uploads\/2025\/07\/IMG_0310-scaled.jpeg\",\"width\":1707,\"height\":2560,\"caption\":\"Vestido largo carm\u00edn elegante es ideal como vestido de invitada para bodas, galas, cenas formales o eventos nocturnos.\"},{\"@type\":\"BreadcrumbList\",\"@id\":\"https:\/\/mogardo.com\/producto\/vestido-carmin\/#breadcrumb\",\"itemListElement\":[{\"@type\":\"ListItem\",\"position\":1,\"name\":\"Portada\",\"item\":\"https:\/\/mogardo.com\/\"},{\"@type\":\"ListItem\",\"position\":2,\"name\":\"Colecciones\",\"item\":\"https:\/\/mogardo.com\/shop\/\"},{\"@type\":\"ListItem\",\"position\":3,\"name\":\"VESTIDO CARM\u00cdN\"}]},{\"@type\":\"WebSite\",\"@id\":\"https:\/\/mogardo.com\/#website\",\"url\":\"https:\/\/mogardo.com\/\",\"name\":\"MOGARDO IBIZA\",\"description\":\"En Mogardo creamos prendas exclusivas que realzan tu esencia y belleza natural, fusionando dise\u00f1o sofisticado y materiales de la m\u00e1s alta calidad.\",\"publisher\":{\"@id\":\"https:\/\/mogardo.com\/#organization\"},\"potentialAction\":[{\"@type\":\"SearchAction\",\"target\":{\"@type\":\"EntryPoint\",\"urlTemplate\":\"https:\/\/mogardo.com\/?s={search_term_string}\"},\"query-input\":{\"@type\":\"PropertyValueSpecification\",\"valueRequired\":true,\"valueName\":\"search_term_string\"}}],\"inLanguage\":\"en-GB\"},{\"@type\":\"Organization\",\"@id\":\"https:\/\/mogardo.com\/#organization\",\"name\":\"MOGARDO IBIZA\",\"url\":\"https:\/\/mogardo.com\/\",\"logo\":{\"@type\":\"ImageObject\",\"inLanguage\":\"en-GB\",\"@id\":\"https:\/\/mogardo.com\/#\/schema\/logo\/image\/\",\"url\":\"https:\/\/mogardo.com\/wp-content\/uploads\/2024\/12\/MOGARDO_isotipo_negro.png\",\"contentUrl\":\"https:\/\/mogardo.com\/wp-content\/uploads\/2024\/12\/MOGARDO_isotipo_negro.png\",\"width\":1755,\"height\":1755,\"caption\":\"MOGARDO IBIZA\"},\"image\":{\"@id\":\"https:\/\/mogardo.com\/#\/schema\/logo\/image\/\"}}]}<\/script>\n<!-- \/ Yoast SEO plugin. -->","yoast_head_json":{"title":"Vestido largo carm\u00edn guipur | Elegancia sofisticada","description":"Vestido largo carm\u00edn guipur con escote asim\u00e9trico en espalda, abertura lateral y cintur\u00f3n. Elegancia para eventos formales.","robots":{"index":"index","follow":"follow","max-snippet":"max-snippet:-1","max-image-preview":"max-image-preview:large","max-video-preview":"max-video-preview:-1"},"canonical":"https:\/\/mogardo.com\/en\/product\/vestido-carmin\/","og_locale":"en_GB","og_type":"article","og_title":"Vestido largo carm\u00edn guipur | Elegancia sofisticada","og_description":"Vestido largo carm\u00edn guipur con escote asim\u00e9trico en espalda, abertura lateral y cintur\u00f3n. Elegancia para eventos formales.","og_url":"https:\/\/mogardo.com\/en\/product\/vestido-carmin\/","og_site_name":"MOGARDO - Dise\u00f1os y moda exclusiva","article_modified_time":"2025-12-12T15:47:13+00:00","og_image":[{"width":1707,"height":2560,"url":"https:\/\/mogardo.com\/wp-content\/uploads\/2025\/07\/IMG_0310-scaled.jpeg","type":"image\/jpeg"}],"twitter_card":"summary_large_image","twitter_misc":{"Estimated reading time":"1 minute"},"schema":{"@context":"https:\/\/schema.org","@graph":[{"@type":"WebPage","@id":"https:\/\/mogardo.com\/producto\/vestido-carmin\/","url":"https:\/\/mogardo.com\/producto\/vestido-carmin\/","name":"Vestido largo carm\u00edn guipur | Elegancia sofisticada","isPartOf":{"@id":"https:\/\/mogardo.com\/#website"},"primaryImageOfPage":{"@id":"https:\/\/mogardo.com\/producto\/vestido-carmin\/#primaryimage"},"image":{"@id":"https:\/\/mogardo.com\/producto\/vestido-carmin\/#primaryimage"},"thumbnailUrl":"https:\/\/mogardo.com\/wp-content\/uploads\/2025\/07\/IMG_0310-scaled.jpeg","datePublished":"2025-07-18T18:12:53+00:00","dateModified":"2025-12-12T15:47:13+00:00","description":"Vestido largo carm\u00edn guipur con escote asim\u00e9trico en espalda, abertura lateral y cintur\u00f3n. Elegancia para eventos formales.","breadcrumb":{"@id":"https:\/\/mogardo.com\/producto\/vestido-carmin\/#breadcrumb"},"inLanguage":"en-GB","potentialAction":[{"@type":"ReadAction","target":["https:\/\/mogardo.com\/producto\/vestido-carmin\/"]}]},{"@type":"ImageObject","inLanguage":"en-GB","@id":"https:\/\/mogardo.com\/producto\/vestido-carmin\/#primaryimage","url":"https:\/\/mogardo.com\/wp-content\/uploads\/2025\/07\/IMG_0310-scaled.jpeg","contentUrl":"https:\/\/mogardo.com\/wp-content\/uploads\/2025\/07\/IMG_0310-scaled.jpeg","width":1707,"height":2560,"caption":"Vestido largo carm\u00edn elegante es ideal como vestido de invitada para bodas, galas, cenas formales o eventos nocturnos."},{"@type":"BreadcrumbList","@id":"https:\/\/mogardo.com\/producto\/vestido-carmin\/#breadcrumb","itemListElement":[{"@type":"ListItem","position":1,"name":"Portada","item":"https:\/\/mogardo.com\/"},{"@type":"ListItem","position":2,"name":"Colecciones","item":"https:\/\/mogardo.com\/shop\/"},{"@type":"ListItem","position":3,"name":"VESTIDO CARM\u00cdN"}]},{"@type":"WebSite","@id":"https:\/\/mogardo.com\/#website","url":"https:\/\/mogardo.com\/","name":"MOGARDO IBIZA","description":"At Mogardo, we create exclusive garments that enhance your essence and natural beauty, combining sophisticated design with the highest quality materials.","publisher":{"@id":"https:\/\/mogardo.com\/#organization"},"potentialAction":[{"@type":"SearchAction","target":{"@type":"EntryPoint","urlTemplate":"https:\/\/mogardo.com\/?s={search_term_string}"},"query-input":{"@type":"PropertyValueSpecification","valueRequired":true,"valueName":"search_term_string"}}],"inLanguage":"en-GB"},{"@type":"Organization","@id":"https:\/\/mogardo.com\/#organization","name":"MOGARDO IBIZA","url":"https:\/\/mogardo.com\/","logo":{"@type":"ImageObject","inLanguage":"en-GB","@id":"https:\/\/mogardo.com\/#\/schema\/logo\/image\/","url":"https:\/\/mogardo.com\/wp-content\/uploads\/2024\/12\/MOGARDO_isotipo_negro.png","contentUrl":"https:\/\/mogardo.com\/wp-content\/uploads\/2024\/12\/MOGARDO_isotipo_negro.png","width":1755,"height":1755,"caption":"MOGARDO IBIZA"},"image":{"@id":"https:\/\/mogardo.com\/#\/schema\/logo\/image\/"}}]}},"_links":{"self":[{"href":"https:\/\/mogardo.com\/en\/wp-json\/wp\/v2\/product\/23611","targetHints":{"allow":["GET"]}}],"collection":[{"href":"https:\/\/mogardo.com\/en\/wp-json\/wp\/v2\/product"}],"about":[{"href":"https:\/\/mogardo.com\/en\/wp-json\/wp\/v2\/types\/product"}],"wp:featuredmedia":[{"embeddable":true,"href":"https:\/\/mogardo.com\/en\/wp-json\/wp\/v2\/media\/23612"}],"wp:attachment":[{"href":"https:\/\/mogardo.com\/en\/wp-json\/wp\/v2\/media?parent=23611"}],"wp:term":[{"taxonomy":"product_brand","embeddable":true,"href":"https:\/\/mogardo.com\/en\/wp-json\/wp\/v2\/product_brand?post=23611"},{"taxonomy":"product_cat","embeddable":true,"href":"https:\/\/mogardo.com\/en\/wp-json\/wp\/v2\/product_cat?post=23611"},{"taxonomy":"product_tag","embeddable":true,"href":"https:\/\/mogardo.com\/en\/wp-json\/wp\/v2\/product_tag?post=23611"}],"curies":[{"name":"wp","href":"https:\/\/api.w.org\/{rel}","templated":true}]}}