{"id":21890,"date":"2024-05-18T18:27:10","date_gmt":"2024-05-18T16:27:10","guid":{"rendered":"https:\/\/ultbit.com\/monicagarzon\/?page_id=21890"},"modified":"2026-01-19T16:46:25","modified_gmt":"2026-01-19T15:46:25","slug":"aviso-legal","status":"publish","type":"page","link":"https:\/\/mogardo.com\/es\/aviso-legal\/","title":{"rendered":"Aviso legal"},"content":{"rendered":"\t\t<div data-elementor-type=\"wp-page\" data-elementor-id=\"21890\" class=\"elementor elementor-21890\" data-elementor-post-type=\"page\">\n\t\t\t\t\t\t<section class=\"elementor-section elementor-top-section elementor-element elementor-element-e3b6570 elementor-section-items-stretch elementor-section-height-min-height elementor-section-boxed elementor-section-height-default\" data-id=\"e3b6570\" data-element_type=\"section\" data-settings=\"{&quot;background_background&quot;:&quot;classic&quot;}\">\n\t\t\t\t\t\t\t<div class=\"elementor-background-overlay\"><\/div>\n\t\t\t\t\t\t\t<div class=\"elementor-container elementor-column-gap-no\">\n\t\t\t\t\t<div class=\"elementor-column elementor-col-100 elementor-top-column elementor-element elementor-element-d65ee0a\" data-id=\"d65ee0a\" data-element_type=\"column\" data-settings=\"{&quot;background_background&quot;:&quot;classic&quot;}\">\n\t\t\t<div class=\"elementor-widget-wrap elementor-element-populated\">\n\t\t\t\t\t<div class=\"elementor-background-overlay\"><\/div>\n\t\t\t\t\t\t<section class=\"elementor-section elementor-inner-section elementor-element elementor-element-9fc4dd5 elementor-section-full_width elementor-reverse-tablet elementor-reverse-mobile elementor-section-height-default elementor-section-height-default\" data-id=\"9fc4dd5\" data-element_type=\"section\">\n\t\t\t\t\t\t\t<div class=\"elementor-background-overlay\"><\/div>\n\t\t\t\t\t\t\t<div class=\"elementor-container elementor-column-gap-no\">\n\t\t\t\t\t<div class=\"elementor-column elementor-col-50 elementor-inner-column elementor-element elementor-element-c967870\" data-id=\"c967870\" data-element_type=\"column\" data-settings=\"{&quot;background_background&quot;:&quot;classic&quot;}\">\n\t\t\t<div class=\"elementor-widget-wrap elementor-element-populated\">\n\t\t\t\t\t\t<div class=\"elementor-element elementor-element-623a226 animated-fast elementor-widget__width-auto incomplete-box elementor-widget-mobile__width-inherit elementor-invisible elementor-widget elementor-widget-heading\" data-id=\"623a226\" data-element_type=\"widget\" data-settings=\"{&quot;_animation&quot;:&quot;fadeInLeft&quot;,&quot;_animation_mobile&quot;:&quot;none&quot;}\" data-widget_type=\"heading.default\">\n\t\t\t\t<div class=\"elementor-widget-container\">\n\t\t\t\t\t<h2 class=\"elementor-heading-title elementor-size-default\">AVISO LEGAL<\/h2>\t\t\t\t<\/div>\n\t\t\t\t<\/div>\n\t\t\t\t\t<\/div>\n\t\t<\/div>\n\t\t\t\t<div class=\"elementor-column elementor-col-50 elementor-inner-column elementor-element elementor-element-e8963a3\" data-id=\"e8963a3\" data-element_type=\"column\" data-settings=\"{&quot;background_background&quot;:&quot;classic&quot;}\">\n\t\t\t<div class=\"elementor-widget-wrap elementor-element-populated\">\n\t\t\t\t\t\t\t<\/div>\n\t\t<\/div>\n\t\t\t\t\t<\/div>\n\t\t<\/section>\n\t\t\t\t\t<\/div>\n\t\t<\/div>\n\t\t\t\t\t<\/div>\n\t\t<\/section>\n\t\t\t\t<section class=\"elementor-section elementor-top-section elementor-element elementor-element-7f1b794 elementor-section-boxed elementor-section-height-default elementor-section-height-default\" data-id=\"7f1b794\" data-element_type=\"section\" data-settings=\"{&quot;background_background&quot;:&quot;classic&quot;}\">\n\t\t\t\t\t\t\t<div class=\"elementor-background-overlay\"><\/div>\n\t\t\t\t\t\t\t<div class=\"elementor-container elementor-column-gap-no\">\n\t\t\t\t\t<div class=\"elementor-column elementor-col-100 elementor-top-column elementor-element elementor-element-d20b637\" data-id=\"d20b637\" data-element_type=\"column\" data-settings=\"{&quot;background_background&quot;:&quot;classic&quot;}\">\n\t\t\t<div class=\"elementor-widget-wrap elementor-element-populated\">\n\t\t\t\t\t<div class=\"elementor-background-overlay\"><\/div>\n\t\t\t\t\t\t<div class=\"elementor-element elementor-element-a96c6c3 elementor-widget elementor-widget-text-editor\" data-id=\"a96c6c3\" data-element_type=\"widget\" data-widget_type=\"text-editor.default\">\n\t\t\t\t<div class=\"elementor-widget-container\">\n\t\t\t\t\t\t\t\t\t<p>De conformidad con la Ley 34\/2002, de Servicios de la Sociedad de la Informaci\u00f3n y de Comercio Electr\u00f3nico, le informamos que esta web es titularidad de <span style=\"font-weight: 400;\">MO\u0301NICA GARZO\u0301N DOMINGUEZ<\/span>, (en adelante \u201cEL TITULAR\u201d), con CIF: <span style=\"font-weight: 400;\">38128220Q<\/span>, con domicilio en <span style=\"font-weight: 400;\">Av. Pedro Matutes Noguera, 95 3 2 07800 IBIZA (Illes Balears)<\/span>; tel\u00e9fono <span style=\"font-weight: 400;\">659505372.<\/span><\/p><p>\u00a0<\/p><p class=\"titol text-bold text-uppercase \"><strong>PROPIEDAD INTELECTUAL E INDUSTRIAL<\/strong><\/p><p>Los contenidos de este sitio, incluyendo los textos, im\u00e1genes y dise\u00f1os gr\u00e1ficos, pertenecen a EL TITULAR, o a terceros que han autorizado su uso. EL TITULAR presenta estos contenidos con fines de informaci\u00f3n y promoci\u00f3n. EL TITULAR autoriza su utilizaci\u00f3n exclusivamente con estas finalidades. Cualquier utilizaci\u00f3n de estos dise\u00f1os, im\u00e1genes o textos deber\u00e1 citar expresamente su pertenencia a EL TITULAR, quien se reserva el derecho a iniciar las acciones legales oportunas para reparar los da\u00f1os y perjuicios causados por cualquier acto que vulnere sus derechos de propiedad intelectual o industrial.<\/p><p>\u00a0<\/p><p class=\"titol text-bold text-uppercase \"><strong>EXCLUSI\u00d3N DE RESPONSABILIDAD<\/strong><\/p><p>EL TITULAR act\u00faa con la m\u00e1xima diligencia posible para que los datos y la informaci\u00f3n que ofrece en su sitio web est\u00e9 actualizada en tomo momento, si bien no garantiza ni se hace responsable de la exactitud y actualizaci\u00f3n de los contenidos del sitio web, reserv\u00e1ndose el derecho a modificar dichos contenidos en cualquier momento. EL TITULAR tampoco ser\u00e1 responsable de la informaci\u00f3n que se pueda obtener a trav\u00e9s de enlaces incluidos en el sitio web.<\/p><p>Las relaciones comerciales con los clientes se regir\u00e1n por las Condiciones Generales que, en su caso, se establezcan por EL TITULAR en un documento espec\u00edfico a tal efecto, o por los pactos concretos que pudieran acordarse con los clientes.<\/p><p>\u00a0<\/p><p class=\"titol text-bold text-uppercase \"><strong>CONDICIONES DE USO<\/strong><\/p><p>El uso de este sitio web implica la aceptaci\u00f3n plena de los t\u00e9rminos del presente aviso legal. Los posibles conflictos relativos a esta web se regir\u00e1n exclusivamente por el derecho del Estado Espa\u00f1ol. Toda persona usuaria de la web, independientemente de la jurisdicci\u00f3n territorial desde la cual se produzca su acceso, acepta el cumplimiento y respeto de estas cl\u00e1usulas con renuncia expresa a cualquier otro fuero que pudiera corresponderle.<\/p>\t\t\t\t\t\t\t\t<\/div>\n\t\t\t\t<\/div>\n\t\t\t\t\t<\/div>\n\t\t<\/div>\n\t\t\t\t\t<\/div>\n\t\t<\/section>\n\t\t\t\t<\/div>\n\t\t","protected":false},"excerpt":{"rendered":"<p>AVISO LEGAL De conformidad con la Ley 34\/2002, de Servicios de la Sociedad de la Informaci\u00f3n y de Comercio Electr\u00f3nico, le informamos que esta web es titularidad de MO\u0301NICA GARZO\u0301N DOMINGUEZ, (en adelante \u201cEL TITULAR\u201d), con CIF: 38128220Q, con domicilio en Av. Pedro Matutes Noguera, 95 3 2 07800 IBIZA (Illes Balears); tel\u00e9fono 659505372. PROPIEDAD [&hellip;]<\/p>\n","protected":false},"author":1,"featured_media":0,"parent":0,"menu_order":0,"comment_status":"closed","ping_status":"closed","template":"elementor_header_footer","meta":{"_joinchat":[],"footnotes":""},"class_list":["post-21890","page","type-page","status-publish","hentry"],"yoast_head":"<!-- This site is optimized with the Yoast SEO plugin v26.2 - https:\/\/yoast.com\/wordpress\/plugins\/seo\/ -->\n<title>Aviso legal Mogardo | Informaci\u00f3n legal y uso web<\/title>\n<meta name=\"description\" content=\"Aviso legal de Mogardo con la informaci\u00f3n jur\u00eddica, condiciones de uso y responsabilidades del sitio web de la marca.\" \/>\n<meta name=\"robots\" content=\"noindex, nofollow\" \/>\n<meta property=\"og:locale\" content=\"es_ES\" \/>\n<meta property=\"og:type\" content=\"article\" \/>\n<meta property=\"og:title\" content=\"Aviso legal Mogardo | Informaci\u00f3n legal y uso web\" \/>\n<meta property=\"og:description\" content=\"Aviso legal de Mogardo con la informaci\u00f3n jur\u00eddica, condiciones de uso y responsabilidades del sitio web de la marca.\" \/>\n<meta property=\"og:url\" content=\"https:\/\/mogardo.com\/es\/aviso-legal\/\" \/>\n<meta property=\"og:site_name\" content=\"MOGARDO - Dise\u00f1os y moda exclusiva\" \/>\n<meta property=\"article:modified_time\" content=\"2026-01-19T15:46:25+00:00\" \/>\n<meta name=\"twitter:card\" content=\"summary_large_image\" \/>\n<meta name=\"twitter:label1\" content=\"Tiempo de lectura\" \/>\n\t<meta name=\"twitter:data1\" content=\"2 minutos\" \/>\n<script type=\"application\/ld+json\" class=\"yoast-schema-graph\">{\"@context\":\"https:\/\/schema.org\",\"@graph\":[{\"@type\":\"WebPage\",\"@id\":\"https:\/\/mogardo.com\/aviso-legal\/\",\"url\":\"https:\/\/mogardo.com\/aviso-legal\/\",\"name\":\"Aviso legal Mogardo | Informaci\u00f3n legal y uso web\",\"isPartOf\":{\"@id\":\"https:\/\/mogardo.com\/#website\"},\"datePublished\":\"2024-05-18T16:27:10+00:00\",\"dateModified\":\"2026-01-19T15:46:25+00:00\",\"description\":\"Aviso legal de Mogardo con la informaci\u00f3n jur\u00eddica, condiciones de uso y responsabilidades del sitio web de la marca.\",\"breadcrumb\":{\"@id\":\"https:\/\/mogardo.com\/aviso-legal\/#breadcrumb\"},\"inLanguage\":\"es\",\"potentialAction\":[{\"@type\":\"ReadAction\",\"target\":[\"https:\/\/mogardo.com\/aviso-legal\/\"]}]},{\"@type\":\"BreadcrumbList\",\"@id\":\"https:\/\/mogardo.com\/aviso-legal\/#breadcrumb\",\"itemListElement\":[{\"@type\":\"ListItem\",\"position\":1,\"name\":\"Portada\",\"item\":\"https:\/\/mogardo.com\/\"},{\"@type\":\"ListItem\",\"position\":2,\"name\":\"Aviso legal\"}]},{\"@type\":\"WebSite\",\"@id\":\"https:\/\/mogardo.com\/#website\",\"url\":\"https:\/\/mogardo.com\/\",\"name\":\"MOGARDO IBIZA\",\"description\":\"En Mogardo creamos prendas exclusivas que realzan tu esencia y belleza natural, fusionando dise\u00f1o sofisticado y materiales de la m\u00e1s alta calidad.\",\"publisher\":{\"@id\":\"https:\/\/mogardo.com\/#organization\"},\"potentialAction\":[{\"@type\":\"SearchAction\",\"target\":{\"@type\":\"EntryPoint\",\"urlTemplate\":\"https:\/\/mogardo.com\/?s={search_term_string}\"},\"query-input\":{\"@type\":\"PropertyValueSpecification\",\"valueRequired\":true,\"valueName\":\"search_term_string\"}}],\"inLanguage\":\"es\"},{\"@type\":\"Organization\",\"@id\":\"https:\/\/mogardo.com\/#organization\",\"name\":\"MOGARDO IBIZA\",\"url\":\"https:\/\/mogardo.com\/\",\"logo\":{\"@type\":\"ImageObject\",\"inLanguage\":\"es\",\"@id\":\"https:\/\/mogardo.com\/#\/schema\/logo\/image\/\",\"url\":\"https:\/\/mogardo.com\/wp-content\/uploads\/2024\/12\/MOGARDO_isotipo_negro.png\",\"contentUrl\":\"https:\/\/mogardo.com\/wp-content\/uploads\/2024\/12\/MOGARDO_isotipo_negro.png\",\"width\":1755,\"height\":1755,\"caption\":\"MOGARDO IBIZA\"},\"image\":{\"@id\":\"https:\/\/mogardo.com\/#\/schema\/logo\/image\/\"}}]}<\/script>\n<!-- \/ Yoast SEO plugin. -->","yoast_head_json":{"title":"Aviso legal Mogardo | Informaci\u00f3n legal y uso web","description":"Aviso legal de Mogardo con la informaci\u00f3n jur\u00eddica, condiciones de uso y responsabilidades del sitio web de la marca.","robots":{"index":"noindex","follow":"nofollow"},"og_locale":"es_ES","og_type":"article","og_title":"Aviso legal Mogardo | Informaci\u00f3n legal y uso web","og_description":"Aviso legal de Mogardo con la informaci\u00f3n jur\u00eddica, condiciones de uso y responsabilidades del sitio web de la marca.","og_url":"https:\/\/mogardo.com\/es\/aviso-legal\/","og_site_name":"MOGARDO - Dise\u00f1os y moda exclusiva","article_modified_time":"2026-01-19T15:46:25+00:00","twitter_card":"summary_large_image","twitter_misc":{"Tiempo de lectura":"2 minutos"},"schema":{"@context":"https:\/\/schema.org","@graph":[{"@type":"WebPage","@id":"https:\/\/mogardo.com\/aviso-legal\/","url":"https:\/\/mogardo.com\/aviso-legal\/","name":"Aviso legal Mogardo | Informaci\u00f3n legal y uso web","isPartOf":{"@id":"https:\/\/mogardo.com\/#website"},"datePublished":"2024-05-18T16:27:10+00:00","dateModified":"2026-01-19T15:46:25+00:00","description":"Aviso legal de Mogardo con la informaci\u00f3n jur\u00eddica, condiciones de uso y responsabilidades del sitio web de la marca.","breadcrumb":{"@id":"https:\/\/mogardo.com\/aviso-legal\/#breadcrumb"},"inLanguage":"es","potentialAction":[{"@type":"ReadAction","target":["https:\/\/mogardo.com\/aviso-legal\/"]}]},{"@type":"BreadcrumbList","@id":"https:\/\/mogardo.com\/aviso-legal\/#breadcrumb","itemListElement":[{"@type":"ListItem","position":1,"name":"Portada","item":"https:\/\/mogardo.com\/"},{"@type":"ListItem","position":2,"name":"Aviso legal"}]},{"@type":"WebSite","@id":"https:\/\/mogardo.com\/#website","url":"https:\/\/mogardo.com\/","name":"MOGARDO IBIZA","description":"En Mogardo creamos prendas exclusivas que realzan tu esencia y belleza natural, fusionando dise\u00f1o sofisticado y materiales de la m\u00e1s alta calidad.","publisher":{"@id":"https:\/\/mogardo.com\/#organization"},"potentialAction":[{"@type":"SearchAction","target":{"@type":"EntryPoint","urlTemplate":"https:\/\/mogardo.com\/?s={search_term_string}"},"query-input":{"@type":"PropertyValueSpecification","valueRequired":true,"valueName":"search_term_string"}}],"inLanguage":"es"},{"@type":"Organization","@id":"https:\/\/mogardo.com\/#organization","name":"MOGARDO IBIZA","url":"https:\/\/mogardo.com\/","logo":{"@type":"ImageObject","inLanguage":"es","@id":"https:\/\/mogardo.com\/#\/schema\/logo\/image\/","url":"https:\/\/mogardo.com\/wp-content\/uploads\/2024\/12\/MOGARDO_isotipo_negro.png","contentUrl":"https:\/\/mogardo.com\/wp-content\/uploads\/2024\/12\/MOGARDO_isotipo_negro.png","width":1755,"height":1755,"caption":"MOGARDO IBIZA"},"image":{"@id":"https:\/\/mogardo.com\/#\/schema\/logo\/image\/"}}]}},"_links":{"self":[{"href":"https:\/\/mogardo.com\/es\/wp-json\/wp\/v2\/pages\/21890","targetHints":{"allow":["GET"]}}],"collection":[{"href":"https:\/\/mogardo.com\/es\/wp-json\/wp\/v2\/pages"}],"about":[{"href":"https:\/\/mogardo.com\/es\/wp-json\/wp\/v2\/types\/page"}],"author":[{"embeddable":true,"href":"https:\/\/mogardo.com\/es\/wp-json\/wp\/v2\/users\/1"}],"replies":[{"embeddable":true,"href":"https:\/\/mogardo.com\/es\/wp-json\/wp\/v2\/comments?post=21890"}],"version-history":[{"count":1,"href":"https:\/\/mogardo.com\/es\/wp-json\/wp\/v2\/pages\/21890\/revisions"}],"predecessor-version":[{"id":23706,"href":"https:\/\/mogardo.com\/es\/wp-json\/wp\/v2\/pages\/21890\/revisions\/23706"}],"wp:attachment":[{"href":"https:\/\/mogardo.com\/es\/wp-json\/wp\/v2\/media?parent=21890"}],"curies":[{"name":"wp","href":"https:\/\/api.w.org\/{rel}","templated":true}]}}