{"id":21915,"date":"2024-05-19T10:31:40","date_gmt":"2024-05-19T08:31:40","guid":{"rendered":"https:\/\/ultbit.com\/monicagarzon\/?page_id=21915"},"modified":"2026-01-19T16:47:06","modified_gmt":"2026-01-19T15:47:06","slug":"declaracion-de-accesibilidad","status":"publish","type":"page","link":"https:\/\/mogardo.com\/es\/declaracion-de-accesibilidad\/","title":{"rendered":"Declaraci\u00f3n de accesibilidad"},"content":{"rendered":"\t\t<div data-elementor-type=\"wp-page\" data-elementor-id=\"21915\" class=\"elementor elementor-21915\" data-elementor-post-type=\"page\">\n\t\t\t\t\t\t<section class=\"elementor-section elementor-top-section elementor-element elementor-element-e3b6570 elementor-section-items-stretch elementor-section-height-min-height elementor-section-boxed elementor-section-height-default\" data-id=\"e3b6570\" data-element_type=\"section\" data-settings=\"{&quot;background_background&quot;:&quot;classic&quot;}\">\n\t\t\t\t\t\t\t<div class=\"elementor-background-overlay\"><\/div>\n\t\t\t\t\t\t\t<div class=\"elementor-container elementor-column-gap-no\">\n\t\t\t\t\t<div class=\"elementor-column elementor-col-100 elementor-top-column elementor-element elementor-element-d65ee0a\" data-id=\"d65ee0a\" data-element_type=\"column\" data-settings=\"{&quot;background_background&quot;:&quot;classic&quot;}\">\n\t\t\t<div class=\"elementor-widget-wrap elementor-element-populated\">\n\t\t\t\t\t<div class=\"elementor-background-overlay\"><\/div>\n\t\t\t\t\t\t<section class=\"elementor-section elementor-inner-section elementor-element elementor-element-9fc4dd5 elementor-section-full_width elementor-reverse-tablet elementor-reverse-mobile elementor-section-height-default elementor-section-height-default\" data-id=\"9fc4dd5\" data-element_type=\"section\">\n\t\t\t\t\t\t\t<div class=\"elementor-background-overlay\"><\/div>\n\t\t\t\t\t\t\t<div class=\"elementor-container elementor-column-gap-no\">\n\t\t\t\t\t<div class=\"elementor-column elementor-col-50 elementor-inner-column elementor-element elementor-element-c967870\" data-id=\"c967870\" data-element_type=\"column\" data-settings=\"{&quot;background_background&quot;:&quot;classic&quot;}\">\n\t\t\t<div class=\"elementor-widget-wrap elementor-element-populated\">\n\t\t\t\t\t\t<div class=\"elementor-element elementor-element-623a226 animated-fast elementor-widget__width-auto incomplete-box elementor-widget-mobile__width-inherit elementor-invisible elementor-widget elementor-widget-heading\" data-id=\"623a226\" data-element_type=\"widget\" data-settings=\"{&quot;_animation&quot;:&quot;fadeInLeft&quot;,&quot;_animation_mobile&quot;:&quot;none&quot;}\" data-widget_type=\"heading.default\">\n\t\t\t\t<div class=\"elementor-widget-container\">\n\t\t\t\t\t<h2 class=\"elementor-heading-title elementor-size-default\">DECLARACI\u00d3N DE ACCESIBILIDAD<\/h2>\t\t\t\t<\/div>\n\t\t\t\t<\/div>\n\t\t\t\t\t<\/div>\n\t\t<\/div>\n\t\t\t\t<div class=\"elementor-column elementor-col-50 elementor-inner-column elementor-element elementor-element-e8963a3\" data-id=\"e8963a3\" data-element_type=\"column\" data-settings=\"{&quot;background_background&quot;:&quot;classic&quot;}\">\n\t\t\t<div class=\"elementor-widget-wrap elementor-element-populated\">\n\t\t\t\t\t\t\t<\/div>\n\t\t<\/div>\n\t\t\t\t\t<\/div>\n\t\t<\/section>\n\t\t\t\t\t<\/div>\n\t\t<\/div>\n\t\t\t\t\t<\/div>\n\t\t<\/section>\n\t\t\t\t<section class=\"elementor-section elementor-top-section elementor-element elementor-element-7f1b794 elementor-section-boxed elementor-section-height-default elementor-section-height-default\" data-id=\"7f1b794\" data-element_type=\"section\" data-settings=\"{&quot;background_background&quot;:&quot;classic&quot;}\">\n\t\t\t\t\t\t\t<div class=\"elementor-background-overlay\"><\/div>\n\t\t\t\t\t\t\t<div class=\"elementor-container elementor-column-gap-no\">\n\t\t\t\t\t<div class=\"elementor-column elementor-col-100 elementor-top-column elementor-element elementor-element-d20b637\" data-id=\"d20b637\" data-element_type=\"column\" data-settings=\"{&quot;background_background&quot;:&quot;classic&quot;}\">\n\t\t\t<div class=\"elementor-widget-wrap elementor-element-populated\">\n\t\t\t\t\t<div class=\"elementor-background-overlay\"><\/div>\n\t\t\t\t\t\t<div class=\"elementor-element elementor-element-a96c6c3 elementor-widget elementor-widget-text-editor\" data-id=\"a96c6c3\" data-element_type=\"widget\" data-widget_type=\"text-editor.default\">\n\t\t\t\t<div class=\"elementor-widget-container\">\n\t\t\t\t\t\t\t\t\t<p><span style=\"font-weight: 400;\">MO\u0301NICA GARZO\u0301N DOMINGUEZ,<\/span>\u00a0se ha comprometido a hacer accesible su sitio web, de conformidad con el Real Decreto 1112\/2018, de 7 de septiembre, sobre accesibilidad de los sitios web y aplicaciones para dispositivos m\u00f3viles del sector p\u00fablico.<\/p><p>La presente declaraci\u00f3n de accesibilidad se aplica al sitio web\u00a0https:\/\/www.morgado.com<\/p><p><strong>Situaci\u00f3n de cumplimiento<\/strong><\/p><p>Este sitio web se encuentra desarrollado conforme con el\u00a0RD 1112\/2018<\/p><p><strong>Preparaci\u00f3n para la siguiente declaraci\u00f3n de accesibilidad<\/strong><\/p><p>La presente declaraci\u00f3n fue preparada el 2 de enero de 2023.<\/p><p>El m\u00e9todo empleado para preparar la declaraci\u00f3n ha sido una autoevaluaci\u00f3n.<\/p><p><strong>Observaciones y datos de contacto<\/strong><\/p><p>Puede realizar comunicaciones sobre requisitos de accesibilidad (art\u00edculo 10.2.a del RD 1112\/2018) como, por ejemplo:<\/p><ul><li>Informar sobre cualquier posible incumplimiento por parte de este sitio web<\/li><li>Transmitir otras dificultades de acceso al contenido<\/li><li>Formular cualquier otra consulta o sugerencia de mejora relativa a la accesibilidad del sitio web<\/li><\/ul><p>a trav\u00e9s del\u00a0formulario de contacto de este sitio web o a trav\u00e9s del n\u00famero de tel\u00e9fono (+34) <span style=\"font-weight: 400;\">659505372.<\/span><\/p><p>Puede presentar:<\/p><ul><li>Queja relativa al cumplimiento de los requisitos del RD 1112\/2018 o<\/li><li>Solicitud de Informaci\u00f3n accesible relativa a:<ul><li>Contenidos que est\u00e1n excluidos del \u00e1mbito de aplicaci\u00f3n del RD 1112\/2018 seg\u00fan lo establecido por el art\u00edculo 3, apartado 4<\/li><li>Contenidos que est\u00e1n exentos del cumplimiento de los requisitos de accesibilidad por imponer una carga desproporcionada<\/li><\/ul><\/li><\/ul><p>En la Solicitud de informaci\u00f3n accesible, se debe concretar, con toda claridad, los hechos, razones y petici\u00f3n que permitan constatar que se trata de una solicitud razonable y leg\u00edtima.<\/p><p>Las quejas y reclamaciones sobre informaci\u00f3n accesible se realizar\u00e1n a trav\u00e9s de la sede electr\u00f3nica (<a href=\"https:\/\/sede.red.gob.es\/procedimientos\/quejas-y-sugerencias\">https:\/\/sede.red.gob.es\/procedimientos\/quejas-y-sugerencias)<\/a>, y ser\u00e1n recibidas y tratadas por el \u00e1rea de Sistemas de la Informaci\u00f3n de Red.es.<\/p><p><strong>Contenido opcional<\/strong><\/p><p>Si desea cambiar el tama\u00f1o de letra del texto en los principales navegadores gr\u00e1ficos utilice los siguientes men\u00fas:<\/p><ul><li>Internet Explorer, Mozilla y Firefox: Ver &gt; Tama\u00f1o del texto<\/li><li>Opera: Ver &gt; Zoom<\/li><li>Safari: Ver &gt; Hacer el texto m\u00e1s grande<\/li><li>Chrome: Controla la p\u00e1gina actual &gt; Tama\u00f1o del texto<\/li><li>Para modificar el tama\u00f1o de todo en la p\u00e1gina:<ul><li>Ctrl + + para aumentarlo<\/li><li>Ctrl + \u2013 para disminuirlo<\/li><li>Ctrl + 0 restaura el tama\u00f1o original del texto<\/li><li>Si lo que quiere es anular la hoja de estilos o modificar el color del texto, puede consultar la p\u00e1gina\u00a0How to Change Text Size or Colors de la WAI, que se puede leer traducida al espa\u00f1ol en \u00bfC\u00f3mo cambiar el tama\u00f1o del texto o colores?<\/li><\/ul><\/li><\/ul>\t\t\t\t\t\t\t\t<\/div>\n\t\t\t\t<\/div>\n\t\t\t\t\t<\/div>\n\t\t<\/div>\n\t\t\t\t\t<\/div>\n\t\t<\/section>\n\t\t\t\t<\/div>\n\t\t","protected":false},"excerpt":{"rendered":"<p>DECLARACI\u00d3N DE ACCESIBILIDAD MO\u0301NICA GARZO\u0301N DOMINGUEZ,\u00a0se ha comprometido a hacer accesible su sitio web, de conformidad con el Real Decreto 1112\/2018, de 7 de septiembre, sobre accesibilidad de los sitios web y aplicaciones para dispositivos m\u00f3viles del sector p\u00fablico. La presente declaraci\u00f3n de accesibilidad se aplica al sitio web\u00a0https:\/\/www.morgado.com Situaci\u00f3n de cumplimiento Este sitio web [&hellip;]<\/p>\n","protected":false},"author":1,"featured_media":0,"parent":0,"menu_order":0,"comment_status":"closed","ping_status":"closed","template":"elementor_header_footer","meta":{"_joinchat":[],"footnotes":""},"class_list":["post-21915","page","type-page","status-publish","hentry"],"yoast_head":"<!-- This site is optimized with the Yoast SEO plugin v26.2 - https:\/\/yoast.com\/wordpress\/plugins\/seo\/ -->\n<title>Declaraci\u00f3n de accesibilidad Mogardo | Web accesible<\/title>\n<meta name=\"description\" content=\"Declaraci\u00f3n de accesibilidad de Mogardo conforme a criterios de accesibilidad web y compromiso con una experiencia inclusiva.\" \/>\n<meta name=\"robots\" content=\"noindex, nofollow\" \/>\n<meta property=\"og:locale\" content=\"es_ES\" \/>\n<meta property=\"og:type\" content=\"article\" \/>\n<meta property=\"og:title\" content=\"Declaraci\u00f3n de accesibilidad Mogardo | Web accesible\" \/>\n<meta property=\"og:description\" content=\"Declaraci\u00f3n de accesibilidad de Mogardo conforme a criterios de accesibilidad web y compromiso con una experiencia inclusiva.\" \/>\n<meta property=\"og:url\" content=\"https:\/\/mogardo.com\/es\/declaracion-de-accesibilidad\/\" \/>\n<meta property=\"og:site_name\" content=\"MOGARDO - Dise\u00f1os y moda exclusiva\" \/>\n<meta property=\"article:modified_time\" content=\"2026-01-19T15:47:06+00:00\" \/>\n<meta name=\"twitter:card\" content=\"summary_large_image\" \/>\n<meta name=\"twitter:label1\" content=\"Tiempo de lectura\" \/>\n\t<meta name=\"twitter:data1\" content=\"2 minutos\" \/>\n<script type=\"application\/ld+json\" class=\"yoast-schema-graph\">{\"@context\":\"https:\/\/schema.org\",\"@graph\":[{\"@type\":\"WebPage\",\"@id\":\"https:\/\/mogardo.com\/declaracion-de-accesibilidad\/\",\"url\":\"https:\/\/mogardo.com\/declaracion-de-accesibilidad\/\",\"name\":\"Declaraci\u00f3n de accesibilidad Mogardo | Web accesible\",\"isPartOf\":{\"@id\":\"https:\/\/mogardo.com\/#website\"},\"datePublished\":\"2024-05-19T08:31:40+00:00\",\"dateModified\":\"2026-01-19T15:47:06+00:00\",\"description\":\"Declaraci\u00f3n de accesibilidad de Mogardo conforme a criterios de accesibilidad web y compromiso con una experiencia inclusiva.\",\"breadcrumb\":{\"@id\":\"https:\/\/mogardo.com\/declaracion-de-accesibilidad\/#breadcrumb\"},\"inLanguage\":\"es\",\"potentialAction\":[{\"@type\":\"ReadAction\",\"target\":[\"https:\/\/mogardo.com\/declaracion-de-accesibilidad\/\"]}]},{\"@type\":\"BreadcrumbList\",\"@id\":\"https:\/\/mogardo.com\/declaracion-de-accesibilidad\/#breadcrumb\",\"itemListElement\":[{\"@type\":\"ListItem\",\"position\":1,\"name\":\"Portada\",\"item\":\"https:\/\/mogardo.com\/\"},{\"@type\":\"ListItem\",\"position\":2,\"name\":\"Declaraci\u00f3n de accesibilidad\"}]},{\"@type\":\"WebSite\",\"@id\":\"https:\/\/mogardo.com\/#website\",\"url\":\"https:\/\/mogardo.com\/\",\"name\":\"MOGARDO IBIZA\",\"description\":\"En Mogardo creamos prendas exclusivas que realzan tu esencia y belleza natural, fusionando dise\u00f1o sofisticado y materiales de la m\u00e1s alta calidad.\",\"publisher\":{\"@id\":\"https:\/\/mogardo.com\/#organization\"},\"potentialAction\":[{\"@type\":\"SearchAction\",\"target\":{\"@type\":\"EntryPoint\",\"urlTemplate\":\"https:\/\/mogardo.com\/?s={search_term_string}\"},\"query-input\":{\"@type\":\"PropertyValueSpecification\",\"valueRequired\":true,\"valueName\":\"search_term_string\"}}],\"inLanguage\":\"es\"},{\"@type\":\"Organization\",\"@id\":\"https:\/\/mogardo.com\/#organization\",\"name\":\"MOGARDO IBIZA\",\"url\":\"https:\/\/mogardo.com\/\",\"logo\":{\"@type\":\"ImageObject\",\"inLanguage\":\"es\",\"@id\":\"https:\/\/mogardo.com\/#\/schema\/logo\/image\/\",\"url\":\"https:\/\/mogardo.com\/wp-content\/uploads\/2024\/12\/MOGARDO_isotipo_negro.png\",\"contentUrl\":\"https:\/\/mogardo.com\/wp-content\/uploads\/2024\/12\/MOGARDO_isotipo_negro.png\",\"width\":1755,\"height\":1755,\"caption\":\"MOGARDO IBIZA\"},\"image\":{\"@id\":\"https:\/\/mogardo.com\/#\/schema\/logo\/image\/\"}}]}<\/script>\n<!-- \/ Yoast SEO plugin. -->","yoast_head_json":{"title":"Declaraci\u00f3n de accesibilidad Mogardo | Web accesible","description":"Declaraci\u00f3n de accesibilidad de Mogardo conforme a criterios de accesibilidad web y compromiso con una experiencia inclusiva.","robots":{"index":"noindex","follow":"nofollow"},"og_locale":"es_ES","og_type":"article","og_title":"Declaraci\u00f3n de accesibilidad Mogardo | Web accesible","og_description":"Declaraci\u00f3n de accesibilidad de Mogardo conforme a criterios de accesibilidad web y compromiso con una experiencia inclusiva.","og_url":"https:\/\/mogardo.com\/es\/declaracion-de-accesibilidad\/","og_site_name":"MOGARDO - Dise\u00f1os y moda exclusiva","article_modified_time":"2026-01-19T15:47:06+00:00","twitter_card":"summary_large_image","twitter_misc":{"Tiempo de lectura":"2 minutos"},"schema":{"@context":"https:\/\/schema.org","@graph":[{"@type":"WebPage","@id":"https:\/\/mogardo.com\/declaracion-de-accesibilidad\/","url":"https:\/\/mogardo.com\/declaracion-de-accesibilidad\/","name":"Declaraci\u00f3n de accesibilidad Mogardo | Web accesible","isPartOf":{"@id":"https:\/\/mogardo.com\/#website"},"datePublished":"2024-05-19T08:31:40+00:00","dateModified":"2026-01-19T15:47:06+00:00","description":"Declaraci\u00f3n de accesibilidad de Mogardo conforme a criterios de accesibilidad web y compromiso con una experiencia inclusiva.","breadcrumb":{"@id":"https:\/\/mogardo.com\/declaracion-de-accesibilidad\/#breadcrumb"},"inLanguage":"es","potentialAction":[{"@type":"ReadAction","target":["https:\/\/mogardo.com\/declaracion-de-accesibilidad\/"]}]},{"@type":"BreadcrumbList","@id":"https:\/\/mogardo.com\/declaracion-de-accesibilidad\/#breadcrumb","itemListElement":[{"@type":"ListItem","position":1,"name":"Portada","item":"https:\/\/mogardo.com\/"},{"@type":"ListItem","position":2,"name":"Declaraci\u00f3n de accesibilidad"}]},{"@type":"WebSite","@id":"https:\/\/mogardo.com\/#website","url":"https:\/\/mogardo.com\/","name":"MOGARDO IBIZA","description":"En Mogardo creamos prendas exclusivas que realzan tu esencia y belleza natural, fusionando dise\u00f1o sofisticado y materiales de la m\u00e1s alta calidad.","publisher":{"@id":"https:\/\/mogardo.com\/#organization"},"potentialAction":[{"@type":"SearchAction","target":{"@type":"EntryPoint","urlTemplate":"https:\/\/mogardo.com\/?s={search_term_string}"},"query-input":{"@type":"PropertyValueSpecification","valueRequired":true,"valueName":"search_term_string"}}],"inLanguage":"es"},{"@type":"Organization","@id":"https:\/\/mogardo.com\/#organization","name":"MOGARDO IBIZA","url":"https:\/\/mogardo.com\/","logo":{"@type":"ImageObject","inLanguage":"es","@id":"https:\/\/mogardo.com\/#\/schema\/logo\/image\/","url":"https:\/\/mogardo.com\/wp-content\/uploads\/2024\/12\/MOGARDO_isotipo_negro.png","contentUrl":"https:\/\/mogardo.com\/wp-content\/uploads\/2024\/12\/MOGARDO_isotipo_negro.png","width":1755,"height":1755,"caption":"MOGARDO IBIZA"},"image":{"@id":"https:\/\/mogardo.com\/#\/schema\/logo\/image\/"}}]}},"_links":{"self":[{"href":"https:\/\/mogardo.com\/es\/wp-json\/wp\/v2\/pages\/21915","targetHints":{"allow":["GET"]}}],"collection":[{"href":"https:\/\/mogardo.com\/es\/wp-json\/wp\/v2\/pages"}],"about":[{"href":"https:\/\/mogardo.com\/es\/wp-json\/wp\/v2\/types\/page"}],"author":[{"embeddable":true,"href":"https:\/\/mogardo.com\/es\/wp-json\/wp\/v2\/users\/1"}],"replies":[{"embeddable":true,"href":"https:\/\/mogardo.com\/es\/wp-json\/wp\/v2\/comments?post=21915"}],"version-history":[{"count":1,"href":"https:\/\/mogardo.com\/es\/wp-json\/wp\/v2\/pages\/21915\/revisions"}],"predecessor-version":[{"id":23712,"href":"https:\/\/mogardo.com\/es\/wp-json\/wp\/v2\/pages\/21915\/revisions\/23712"}],"wp:attachment":[{"href":"https:\/\/mogardo.com\/es\/wp-json\/wp\/v2\/media?parent=21915"}],"curies":[{"name":"wp","href":"https:\/\/api.w.org\/{rel}","templated":true}]}}