{"id":22196,"date":"2024-12-02T09:57:07","date_gmt":"2024-12-02T08:57:07","guid":{"rendered":"https:\/\/mogardo.com\/?page_id=22196"},"modified":"2026-01-07T15:49:54","modified_gmt":"2026-01-07T14:49:54","slug":"condiciones-de-venta-y-devolucion","status":"publish","type":"page","link":"https:\/\/mogardo.com\/es\/condiciones-de-venta-y-devolucion\/","title":{"rendered":"Env\u00edos y devoluciones"},"content":{"rendered":"\t\t<div data-elementor-type=\"wp-page\" data-elementor-id=\"22196\" class=\"elementor elementor-22196\" data-elementor-post-type=\"page\">\n\t\t\t\t<div class=\"elementor-element elementor-element-84c4ea1 e-flex e-con-boxed e-con e-parent\" data-id=\"84c4ea1\" data-element_type=\"container\" data-settings=\"{&quot;background_background&quot;:&quot;classic&quot;}\">\n\t\t\t\t\t<div class=\"e-con-inner\">\n\t\t\t\t<div class=\"elementor-element elementor-element-d3ff03f elementor-widget elementor-widget-heading\" data-id=\"d3ff03f\" data-element_type=\"widget\" data-widget_type=\"heading.default\">\n\t\t\t\t<div class=\"elementor-widget-container\">\n\t\t\t\t\t<h1 class=\"elementor-heading-title elementor-size-default\">Env\u00edos y devoluciones<\/h1>\t\t\t\t<\/div>\n\t\t\t\t<\/div>\n\t\t\t\t\t<\/div>\n\t\t\t\t<\/div>\n\t\t<div class=\"elementor-element elementor-element-b789d18 e-flex e-con-boxed e-con e-parent\" data-id=\"b789d18\" data-element_type=\"container\">\n\t\t\t\t\t<div class=\"e-con-inner\">\n\t\t\t\t<div class=\"elementor-element elementor-element-341b3e8 elementor-widget elementor-widget-text-editor\" data-id=\"341b3e8\" data-element_type=\"widget\" data-widget_type=\"text-editor.default\">\n\t\t\t\t<div class=\"elementor-widget-container\">\n\t\t\t\t\t\t\t\t\t<div class=\"elementor-element elementor-element-00a36fe e-flex e-con-boxed e-con e-parent e-lazyloaded\" data-id=\"00a36fe\" data-element_type=\"container\"><div class=\"e-con-inner\"><div class=\"elementor-element elementor-element-3689367 elementor-widget elementor-widget-text-editor\" data-id=\"3689367\" data-element_type=\"widget\" data-widget_type=\"text-editor.default\"><div class=\"elementor-widget-container\"><p><strong>Env\u00edos y devoluciones:<\/strong><\/p><p><strong>ENV\u00cdOS<\/strong><br \/>Env\u00edos nacionales: Una vez confirmada la disponibilidad, los env\u00edos se realizan por mensajer\u00eda con un plazo de entrega aproximado de 3-5 d\u00edas laborables, dependiendo del tipo de env\u00edo elegido y de si el destino es peninsular o insular.<\/p><p><strong>Env\u00edos internacionales:<\/strong> Una vez confirmado el stock, los env\u00edos se realizan por mensajer\u00eda con un plazo de entrega aproximado de 3-5 d\u00edas laborables, dependiendo del tipo de env\u00edo elegido y del destino. Puedes realizar tus pedidos desde cualquier parte del mundo, excepto Rusia. Los gastos de env\u00edo y los plazos de entrega dependen del destino, con env\u00edo gratuito para pedidos superiores a 100 \u20ac. Los gastos correspondientes se indicar\u00e1n en el momento de la confirmaci\u00f3n de la compra.<\/p><p>Los pa\u00edses fuera de la Uni\u00f3n Europea est\u00e1n sujetos a impuestos que pueden estar incluidos o no en el precio final. Una vez elegido el destino final de un env\u00edo, se indicar\u00e1 si los impuestos est\u00e1n incluidos, en su totalidad o en parte, y podr\u00e1 elegir si pagarlos en ese momento o m\u00e1s tarde, cuando el pedido llegue a la aduana de su destino final.<\/p><p><strong>DEVOLUCIONES<\/strong><\/p><p><strong>DEVOLUCIONES DE PRODUCTOS DE LA TIENDA ONLINE<\/strong><\/p><p>Si no est\u00e1 satisfecho con alguno de los art\u00edculos que ha recibido, puede devolverlo y solicitar un cambio de su pedido de la colecci\u00f3n en un plazo de 30 d\u00edas a partir de la fecha de entrega,<br \/>siempre que la prenda no haya sido lavada ni usada y se encuentre en su embalaje original.<br \/>Los gastos de env\u00edos no ser\u00e1n reembolsados.<\/p><\/div><\/div><\/div><\/div>\t\t\t\t\t\t\t\t<\/div>\n\t\t\t\t<\/div>\n\t\t\t\t\t<\/div>\n\t\t\t\t<\/div>\n\t\t\t\t<\/div>\n\t\t","protected":false},"excerpt":{"rendered":"<p>Env\u00edos y devoluciones Env\u00edos y devoluciones: ENV\u00cdOS Env\u00edos nacionales: Una vez confirmada la disponibilidad, los env\u00edos se realizan por mensajer\u00eda con un plazo de entrega aproximado de 3-5 d\u00edas laborables, dependiendo del tipo de env\u00edo elegido y de si el destino es peninsular o insular. Env\u00edos internacionales: Una vez confirmado el stock, los env\u00edos se [&hellip;]<\/p>\n","protected":false},"author":2,"featured_media":0,"parent":0,"menu_order":0,"comment_status":"closed","ping_status":"closed","template":"elementor_header_footer","meta":{"_joinchat":[],"footnotes":""},"class_list":["post-22196","page","type-page","status-publish","hentry"],"yoast_head":"<!-- This site is optimized with the Yoast SEO plugin v26.2 - https:\/\/yoast.com\/wordpress\/plugins\/seo\/ -->\n<title>Env\u00edos y devoluciones Mogardo | Informaci\u00f3n de pedidos<\/title>\n<meta name=\"description\" content=\"Consulta la informaci\u00f3n sobre env\u00edos y devoluciones en Mogardo: plazos, condiciones y gesti\u00f3n de pedidos online.\" \/>\n<meta name=\"robots\" content=\"index, follow, max-snippet:-1, max-image-preview:large, max-video-preview:-1\" \/>\n<link rel=\"canonical\" href=\"https:\/\/mogardo.com\/es\/condiciones-de-venta-y-devolucion\/\" \/>\n<meta property=\"og:locale\" content=\"es_ES\" \/>\n<meta property=\"og:type\" content=\"article\" \/>\n<meta property=\"og:title\" content=\"Env\u00edos y devoluciones Mogardo | Informaci\u00f3n de pedidos\" \/>\n<meta property=\"og:description\" content=\"Consulta la informaci\u00f3n sobre env\u00edos y devoluciones en Mogardo: plazos, condiciones y gesti\u00f3n de pedidos online.\" \/>\n<meta property=\"og:url\" content=\"https:\/\/mogardo.com\/es\/condiciones-de-venta-y-devolucion\/\" \/>\n<meta property=\"og:site_name\" content=\"MOGARDO - Dise\u00f1os y moda exclusiva\" \/>\n<meta property=\"article:modified_time\" content=\"2026-01-07T14:49:54+00:00\" \/>\n<meta name=\"twitter:card\" content=\"summary_large_image\" \/>\n<meta name=\"twitter:label1\" content=\"Tiempo de lectura\" \/>\n\t<meta name=\"twitter:data1\" content=\"2 minutos\" \/>\n<script type=\"application\/ld+json\" class=\"yoast-schema-graph\">{\"@context\":\"https:\/\/schema.org\",\"@graph\":[{\"@type\":\"WebPage\",\"@id\":\"https:\/\/mogardo.com\/condiciones-de-venta-y-devolucion\/\",\"url\":\"https:\/\/mogardo.com\/condiciones-de-venta-y-devolucion\/\",\"name\":\"Env\u00edos y devoluciones Mogardo | Informaci\u00f3n de pedidos\",\"isPartOf\":{\"@id\":\"https:\/\/mogardo.com\/#website\"},\"datePublished\":\"2024-12-02T08:57:07+00:00\",\"dateModified\":\"2026-01-07T14:49:54+00:00\",\"description\":\"Consulta la informaci\u00f3n sobre env\u00edos y devoluciones en Mogardo: plazos, condiciones y gesti\u00f3n de pedidos online.\",\"breadcrumb\":{\"@id\":\"https:\/\/mogardo.com\/condiciones-de-venta-y-devolucion\/#breadcrumb\"},\"inLanguage\":\"es\",\"potentialAction\":[{\"@type\":\"ReadAction\",\"target\":[\"https:\/\/mogardo.com\/condiciones-de-venta-y-devolucion\/\"]}]},{\"@type\":\"BreadcrumbList\",\"@id\":\"https:\/\/mogardo.com\/condiciones-de-venta-y-devolucion\/#breadcrumb\",\"itemListElement\":[{\"@type\":\"ListItem\",\"position\":1,\"name\":\"Portada\",\"item\":\"https:\/\/mogardo.com\/\"},{\"@type\":\"ListItem\",\"position\":2,\"name\":\"Env\u00edos y devoluciones\"}]},{\"@type\":\"WebSite\",\"@id\":\"https:\/\/mogardo.com\/#website\",\"url\":\"https:\/\/mogardo.com\/\",\"name\":\"MOGARDO IBIZA\",\"description\":\"En Mogardo creamos prendas exclusivas que realzan tu esencia y belleza natural, fusionando dise\u00f1o sofisticado y materiales de la m\u00e1s alta calidad.\",\"publisher\":{\"@id\":\"https:\/\/mogardo.com\/#organization\"},\"potentialAction\":[{\"@type\":\"SearchAction\",\"target\":{\"@type\":\"EntryPoint\",\"urlTemplate\":\"https:\/\/mogardo.com\/?s={search_term_string}\"},\"query-input\":{\"@type\":\"PropertyValueSpecification\",\"valueRequired\":true,\"valueName\":\"search_term_string\"}}],\"inLanguage\":\"es\"},{\"@type\":\"Organization\",\"@id\":\"https:\/\/mogardo.com\/#organization\",\"name\":\"MOGARDO IBIZA\",\"url\":\"https:\/\/mogardo.com\/\",\"logo\":{\"@type\":\"ImageObject\",\"inLanguage\":\"es\",\"@id\":\"https:\/\/mogardo.com\/#\/schema\/logo\/image\/\",\"url\":\"https:\/\/mogardo.com\/wp-content\/uploads\/2024\/12\/MOGARDO_isotipo_negro.png\",\"contentUrl\":\"https:\/\/mogardo.com\/wp-content\/uploads\/2024\/12\/MOGARDO_isotipo_negro.png\",\"width\":1755,\"height\":1755,\"caption\":\"MOGARDO IBIZA\"},\"image\":{\"@id\":\"https:\/\/mogardo.com\/#\/schema\/logo\/image\/\"}}]}<\/script>\n<!-- \/ Yoast SEO plugin. -->","yoast_head_json":{"title":"Env\u00edos y devoluciones Mogardo | Informaci\u00f3n de pedidos","description":"Consulta la informaci\u00f3n sobre env\u00edos y devoluciones en Mogardo: plazos, condiciones y gesti\u00f3n de pedidos online.","robots":{"index":"index","follow":"follow","max-snippet":"max-snippet:-1","max-image-preview":"max-image-preview:large","max-video-preview":"max-video-preview:-1"},"canonical":"https:\/\/mogardo.com\/es\/condiciones-de-venta-y-devolucion\/","og_locale":"es_ES","og_type":"article","og_title":"Env\u00edos y devoluciones Mogardo | Informaci\u00f3n de pedidos","og_description":"Consulta la informaci\u00f3n sobre env\u00edos y devoluciones en Mogardo: plazos, condiciones y gesti\u00f3n de pedidos online.","og_url":"https:\/\/mogardo.com\/es\/condiciones-de-venta-y-devolucion\/","og_site_name":"MOGARDO - Dise\u00f1os y moda exclusiva","article_modified_time":"2026-01-07T14:49:54+00:00","twitter_card":"summary_large_image","twitter_misc":{"Tiempo de lectura":"2 minutos"},"schema":{"@context":"https:\/\/schema.org","@graph":[{"@type":"WebPage","@id":"https:\/\/mogardo.com\/condiciones-de-venta-y-devolucion\/","url":"https:\/\/mogardo.com\/condiciones-de-venta-y-devolucion\/","name":"Env\u00edos y devoluciones Mogardo | Informaci\u00f3n de pedidos","isPartOf":{"@id":"https:\/\/mogardo.com\/#website"},"datePublished":"2024-12-02T08:57:07+00:00","dateModified":"2026-01-07T14:49:54+00:00","description":"Consulta la informaci\u00f3n sobre env\u00edos y devoluciones en Mogardo: plazos, condiciones y gesti\u00f3n de pedidos online.","breadcrumb":{"@id":"https:\/\/mogardo.com\/condiciones-de-venta-y-devolucion\/#breadcrumb"},"inLanguage":"es","potentialAction":[{"@type":"ReadAction","target":["https:\/\/mogardo.com\/condiciones-de-venta-y-devolucion\/"]}]},{"@type":"BreadcrumbList","@id":"https:\/\/mogardo.com\/condiciones-de-venta-y-devolucion\/#breadcrumb","itemListElement":[{"@type":"ListItem","position":1,"name":"Portada","item":"https:\/\/mogardo.com\/"},{"@type":"ListItem","position":2,"name":"Env\u00edos y devoluciones"}]},{"@type":"WebSite","@id":"https:\/\/mogardo.com\/#website","url":"https:\/\/mogardo.com\/","name":"MOGARDO IBIZA","description":"En Mogardo creamos prendas exclusivas que realzan tu esencia y belleza natural, fusionando dise\u00f1o sofisticado y materiales de la m\u00e1s alta calidad.","publisher":{"@id":"https:\/\/mogardo.com\/#organization"},"potentialAction":[{"@type":"SearchAction","target":{"@type":"EntryPoint","urlTemplate":"https:\/\/mogardo.com\/?s={search_term_string}"},"query-input":{"@type":"PropertyValueSpecification","valueRequired":true,"valueName":"search_term_string"}}],"inLanguage":"es"},{"@type":"Organization","@id":"https:\/\/mogardo.com\/#organization","name":"MOGARDO IBIZA","url":"https:\/\/mogardo.com\/","logo":{"@type":"ImageObject","inLanguage":"es","@id":"https:\/\/mogardo.com\/#\/schema\/logo\/image\/","url":"https:\/\/mogardo.com\/wp-content\/uploads\/2024\/12\/MOGARDO_isotipo_negro.png","contentUrl":"https:\/\/mogardo.com\/wp-content\/uploads\/2024\/12\/MOGARDO_isotipo_negro.png","width":1755,"height":1755,"caption":"MOGARDO IBIZA"},"image":{"@id":"https:\/\/mogardo.com\/#\/schema\/logo\/image\/"}}]}},"_links":{"self":[{"href":"https:\/\/mogardo.com\/es\/wp-json\/wp\/v2\/pages\/22196","targetHints":{"allow":["GET"]}}],"collection":[{"href":"https:\/\/mogardo.com\/es\/wp-json\/wp\/v2\/pages"}],"about":[{"href":"https:\/\/mogardo.com\/es\/wp-json\/wp\/v2\/types\/page"}],"author":[{"embeddable":true,"href":"https:\/\/mogardo.com\/es\/wp-json\/wp\/v2\/users\/2"}],"replies":[{"embeddable":true,"href":"https:\/\/mogardo.com\/es\/wp-json\/wp\/v2\/comments?post=22196"}],"version-history":[{"count":17,"href":"https:\/\/mogardo.com\/es\/wp-json\/wp\/v2\/pages\/22196\/revisions"}],"predecessor-version":[{"id":23713,"href":"https:\/\/mogardo.com\/es\/wp-json\/wp\/v2\/pages\/22196\/revisions\/23713"}],"wp:attachment":[{"href":"https:\/\/mogardo.com\/es\/wp-json\/wp\/v2\/media?parent=22196"}],"curies":[{"name":"wp","href":"https:\/\/api.w.org\/{rel}","templated":true}]}}