{"id":22343,"date":"2024-12-12T12:41:03","date_gmt":"2024-12-12T11:41:03","guid":{"rendered":"https:\/\/mogardo.com\/?post_type=product&#038;p=22343"},"modified":"2026-01-02T14:58:13","modified_gmt":"2026-01-02T13:58:13","slug":"kimono-mikado-rosa","status":"publish","type":"product","link":"https:\/\/mogardo.com\/es\/producto\/kimono-mikado-rosa\/","title":{"rendered":"KIMONO MIKADO ROSA"},"content":{"rendered":"<p>Kimono mikado rosa y negro elegante<\/p>\n<p data-start=\"629\" data-end=\"993\">El <strong data-start=\"632\" data-end=\"676\">kimono de mikado rosa y negro para mujer<\/strong> es una pieza sofisticada y con fuerte presencia visual que combina estructura, contraste y detalle artesanal. Confeccionado en <strong data-start=\"804\" data-end=\"814\">mikado<\/strong>, un tejido de gran cuerpo y elegancia, este dise\u00f1o destaca por la armon\u00eda entre el rosa y el negro, creando un equilibrio refinado y contempor\u00e1neo, fiel al estilo de <strong data-start=\"981\" data-end=\"992\">Mogardo<\/strong>.<\/p>\n<p data-start=\"995\" data-end=\"1284\">Los <strong data-start=\"999\" data-end=\"1019\">pu\u00f1os con marab\u00fa<\/strong> aportan textura, movimiento y un aire esc\u00e9nico que eleva la prenda, convirti\u00e9ndola en un complemento protagonista dentro del look. Su silueta fluida y estructurada a la vez envuelve la figura con car\u00e1cter, aportando distinci\u00f3n y personalidad a cualquier estilismo.<\/p>\n<p data-start=\"1286\" data-end=\"1315\"><strong data-start=\"1286\" data-end=\"1315\">Estilo y ocasiones de uso<\/strong><\/p>\n<p data-start=\"1317\" data-end=\"1650\">Este <strong data-start=\"1322\" data-end=\"1351\">kimono elegante de mikado<\/strong> es ideal para completar looks de invitada, eventos especiales, celebraciones nocturnas o estilismos sofisticados donde se busca destacar con una prenda exclusiva y con identidad propia. Una propuesta pensada para mujeres que apuestan por la elegancia, el contraste y el detalle como sello personal.<\/p>\n","protected":false},"excerpt":{"rendered":"<p>Kimono mikado rosa y negro elegante El kimono de mikado rosa y negro para mujer es una pieza sofisticada y con fuerte presencia visual que combina estructura, contraste y detalle artesanal. Confeccionado en mikado, un tejido de gran cuerpo y elegancia, este dise\u00f1o destaca por la armon\u00eda entre el rosa y el negro, creando un [&hellip;]<\/p>\n","protected":false},"featured_media":22368,"template":"","meta":{"_joinchat":[]},"product_brand":[],"product_cat":[41,32],"product_tag":[],"class_list":{"0":"post-22343","1":"product","2":"type-product","3":"status-publish","4":"has-post-thumbnail","6":"product_cat-manifesto","7":"product_cat-mujer","9":"first","10":"instock","11":"taxable","12":"shipping-taxable","13":"purchasable","14":"product-type-simple","15":"add-to-wishlist-after_add_to_cart"},"yoast_head":"<!-- This site is optimized with the Yoast SEO plugin v26.2 - https:\/\/yoast.com\/wordpress\/plugins\/seo\/ -->\n<title>Kimono mikado rosa y negro | Elegancia Mogardo<\/title>\n<meta name=\"description\" content=\"Nueva llegada del kimono en mikado rosa y negro con marab\u00fa en los pu\u00f1os. Dise\u00f1o sofisticado y elegante para looks especiales Mogardo.\" \/>\n<meta name=\"robots\" content=\"index, follow, max-snippet:-1, max-image-preview:large, max-video-preview:-1\" \/>\n<link rel=\"canonical\" href=\"https:\/\/mogardo.com\/es\/producto\/kimono-mikado-rosa\/\" \/>\n<meta property=\"og:locale\" content=\"es_ES\" \/>\n<meta property=\"og:type\" content=\"article\" \/>\n<meta property=\"og:title\" content=\"Kimono mikado rosa y negro | Elegancia Mogardo\" \/>\n<meta property=\"og:description\" content=\"Nueva llegada del kimono en mikado rosa y negro con marab\u00fa en los pu\u00f1os. Dise\u00f1o sofisticado y elegante para looks especiales Mogardo.\" \/>\n<meta property=\"og:url\" content=\"https:\/\/mogardo.com\/es\/producto\/kimono-mikado-rosa\/\" \/>\n<meta property=\"og:site_name\" content=\"MOGARDO - Dise\u00f1os y moda exclusiva\" \/>\n<meta property=\"article:modified_time\" content=\"2026-01-02T13:58:13+00:00\" \/>\n<meta property=\"og:image\" content=\"https:\/\/mogardo.com\/wp-content\/uploads\/2024\/12\/Diseno-sin-titulo-1.jpg\" \/>\n\t<meta property=\"og:image:width\" content=\"1637\" \/>\n\t<meta property=\"og:image:height\" content=\"2048\" \/>\n\t<meta property=\"og:image:type\" content=\"image\/jpeg\" \/>\n<meta name=\"twitter:card\" content=\"summary_large_image\" \/>\n<meta name=\"twitter:label1\" content=\"Tiempo de lectura\" \/>\n\t<meta name=\"twitter:data1\" content=\"1 minuto\" \/>\n<script type=\"application\/ld+json\" class=\"yoast-schema-graph\">{\"@context\":\"https:\/\/schema.org\",\"@graph\":[{\"@type\":\"WebPage\",\"@id\":\"https:\/\/mogardo.com\/producto\/kimono-mikado-rosa\/\",\"url\":\"https:\/\/mogardo.com\/producto\/kimono-mikado-rosa\/\",\"name\":\"Kimono mikado rosa y negro | Elegancia Mogardo\",\"isPartOf\":{\"@id\":\"https:\/\/mogardo.com\/#website\"},\"primaryImageOfPage\":{\"@id\":\"https:\/\/mogardo.com\/producto\/kimono-mikado-rosa\/#primaryimage\"},\"image\":{\"@id\":\"https:\/\/mogardo.com\/producto\/kimono-mikado-rosa\/#primaryimage\"},\"thumbnailUrl\":\"https:\/\/mogardo.com\/wp-content\/uploads\/2024\/12\/Diseno-sin-titulo-1.jpg\",\"datePublished\":\"2024-12-12T11:41:03+00:00\",\"dateModified\":\"2026-01-02T13:58:13+00:00\",\"description\":\"Nueva llegada del kimono en mikado rosa y negro con marab\u00fa en los pu\u00f1os. Dise\u00f1o sofisticado y elegante para looks especiales Mogardo.\",\"breadcrumb\":{\"@id\":\"https:\/\/mogardo.com\/producto\/kimono-mikado-rosa\/#breadcrumb\"},\"inLanguage\":\"es\",\"potentialAction\":[{\"@type\":\"ReadAction\",\"target\":[\"https:\/\/mogardo.com\/producto\/kimono-mikado-rosa\/\"]}]},{\"@type\":\"ImageObject\",\"inLanguage\":\"es\",\"@id\":\"https:\/\/mogardo.com\/producto\/kimono-mikado-rosa\/#primaryimage\",\"url\":\"https:\/\/mogardo.com\/wp-content\/uploads\/2024\/12\/Diseno-sin-titulo-1.jpg\",\"contentUrl\":\"https:\/\/mogardo.com\/wp-content\/uploads\/2024\/12\/Diseno-sin-titulo-1.jpg\",\"width\":1637,\"height\":2048,\"caption\":\"El kimono de mikado rosa y negro para mujer, con pu\u00f1os con marab\u00fa aportan textura, movimiento y un aire esc\u00e9nico que eleva la prenda, convirti\u00e9ndola en un complemento protagonista dentro del look\"},{\"@type\":\"BreadcrumbList\",\"@id\":\"https:\/\/mogardo.com\/producto\/kimono-mikado-rosa\/#breadcrumb\",\"itemListElement\":[{\"@type\":\"ListItem\",\"position\":1,\"name\":\"Portada\",\"item\":\"https:\/\/mogardo.com\/\"},{\"@type\":\"ListItem\",\"position\":2,\"name\":\"Colecciones\",\"item\":\"https:\/\/mogardo.com\/shop\/\"},{\"@type\":\"ListItem\",\"position\":3,\"name\":\"KIMONO MIKADO ROSA\"}]},{\"@type\":\"WebSite\",\"@id\":\"https:\/\/mogardo.com\/#website\",\"url\":\"https:\/\/mogardo.com\/\",\"name\":\"MOGARDO IBIZA\",\"description\":\"En Mogardo creamos prendas exclusivas que realzan tu esencia y belleza natural, fusionando dise\u00f1o sofisticado y materiales de la m\u00e1s alta calidad.\",\"publisher\":{\"@id\":\"https:\/\/mogardo.com\/#organization\"},\"potentialAction\":[{\"@type\":\"SearchAction\",\"target\":{\"@type\":\"EntryPoint\",\"urlTemplate\":\"https:\/\/mogardo.com\/?s={search_term_string}\"},\"query-input\":{\"@type\":\"PropertyValueSpecification\",\"valueRequired\":true,\"valueName\":\"search_term_string\"}}],\"inLanguage\":\"es\"},{\"@type\":\"Organization\",\"@id\":\"https:\/\/mogardo.com\/#organization\",\"name\":\"MOGARDO IBIZA\",\"url\":\"https:\/\/mogardo.com\/\",\"logo\":{\"@type\":\"ImageObject\",\"inLanguage\":\"es\",\"@id\":\"https:\/\/mogardo.com\/#\/schema\/logo\/image\/\",\"url\":\"https:\/\/mogardo.com\/wp-content\/uploads\/2024\/12\/MOGARDO_isotipo_negro.png\",\"contentUrl\":\"https:\/\/mogardo.com\/wp-content\/uploads\/2024\/12\/MOGARDO_isotipo_negro.png\",\"width\":1755,\"height\":1755,\"caption\":\"MOGARDO IBIZA\"},\"image\":{\"@id\":\"https:\/\/mogardo.com\/#\/schema\/logo\/image\/\"}}]}<\/script>\n<!-- \/ Yoast SEO plugin. -->","yoast_head_json":{"title":"Kimono mikado rosa y negro | Elegancia Mogardo","description":"Nueva llegada del kimono en mikado rosa y negro con marab\u00fa en los pu\u00f1os. Dise\u00f1o sofisticado y elegante para looks especiales Mogardo.","robots":{"index":"index","follow":"follow","max-snippet":"max-snippet:-1","max-image-preview":"max-image-preview:large","max-video-preview":"max-video-preview:-1"},"canonical":"https:\/\/mogardo.com\/es\/producto\/kimono-mikado-rosa\/","og_locale":"es_ES","og_type":"article","og_title":"Kimono mikado rosa y negro | Elegancia Mogardo","og_description":"Nueva llegada del kimono en mikado rosa y negro con marab\u00fa en los pu\u00f1os. Dise\u00f1o sofisticado y elegante para looks especiales Mogardo.","og_url":"https:\/\/mogardo.com\/es\/producto\/kimono-mikado-rosa\/","og_site_name":"MOGARDO - Dise\u00f1os y moda exclusiva","article_modified_time":"2026-01-02T13:58:13+00:00","og_image":[{"width":1637,"height":2048,"url":"https:\/\/mogardo.com\/wp-content\/uploads\/2024\/12\/Diseno-sin-titulo-1.jpg","type":"image\/jpeg"}],"twitter_card":"summary_large_image","twitter_misc":{"Tiempo de lectura":"1 minuto"},"schema":{"@context":"https:\/\/schema.org","@graph":[{"@type":"WebPage","@id":"https:\/\/mogardo.com\/producto\/kimono-mikado-rosa\/","url":"https:\/\/mogardo.com\/producto\/kimono-mikado-rosa\/","name":"Kimono mikado rosa y negro | Elegancia Mogardo","isPartOf":{"@id":"https:\/\/mogardo.com\/#website"},"primaryImageOfPage":{"@id":"https:\/\/mogardo.com\/producto\/kimono-mikado-rosa\/#primaryimage"},"image":{"@id":"https:\/\/mogardo.com\/producto\/kimono-mikado-rosa\/#primaryimage"},"thumbnailUrl":"https:\/\/mogardo.com\/wp-content\/uploads\/2024\/12\/Diseno-sin-titulo-1.jpg","datePublished":"2024-12-12T11:41:03+00:00","dateModified":"2026-01-02T13:58:13+00:00","description":"Nueva llegada del kimono en mikado rosa y negro con marab\u00fa en los pu\u00f1os. Dise\u00f1o sofisticado y elegante para looks especiales Mogardo.","breadcrumb":{"@id":"https:\/\/mogardo.com\/producto\/kimono-mikado-rosa\/#breadcrumb"},"inLanguage":"es","potentialAction":[{"@type":"ReadAction","target":["https:\/\/mogardo.com\/producto\/kimono-mikado-rosa\/"]}]},{"@type":"ImageObject","inLanguage":"es","@id":"https:\/\/mogardo.com\/producto\/kimono-mikado-rosa\/#primaryimage","url":"https:\/\/mogardo.com\/wp-content\/uploads\/2024\/12\/Diseno-sin-titulo-1.jpg","contentUrl":"https:\/\/mogardo.com\/wp-content\/uploads\/2024\/12\/Diseno-sin-titulo-1.jpg","width":1637,"height":2048,"caption":"El kimono de mikado rosa y negro para mujer, con pu\u00f1os con marab\u00fa aportan textura, movimiento y un aire esc\u00e9nico que eleva la prenda, convirti\u00e9ndola en un complemento protagonista dentro del look"},{"@type":"BreadcrumbList","@id":"https:\/\/mogardo.com\/producto\/kimono-mikado-rosa\/#breadcrumb","itemListElement":[{"@type":"ListItem","position":1,"name":"Portada","item":"https:\/\/mogardo.com\/"},{"@type":"ListItem","position":2,"name":"Colecciones","item":"https:\/\/mogardo.com\/shop\/"},{"@type":"ListItem","position":3,"name":"KIMONO MIKADO ROSA"}]},{"@type":"WebSite","@id":"https:\/\/mogardo.com\/#website","url":"https:\/\/mogardo.com\/","name":"MOGARDO IBIZA","description":"En Mogardo creamos prendas exclusivas que realzan tu esencia y belleza natural, fusionando dise\u00f1o sofisticado y materiales de la m\u00e1s alta calidad.","publisher":{"@id":"https:\/\/mogardo.com\/#organization"},"potentialAction":[{"@type":"SearchAction","target":{"@type":"EntryPoint","urlTemplate":"https:\/\/mogardo.com\/?s={search_term_string}"},"query-input":{"@type":"PropertyValueSpecification","valueRequired":true,"valueName":"search_term_string"}}],"inLanguage":"es"},{"@type":"Organization","@id":"https:\/\/mogardo.com\/#organization","name":"MOGARDO IBIZA","url":"https:\/\/mogardo.com\/","logo":{"@type":"ImageObject","inLanguage":"es","@id":"https:\/\/mogardo.com\/#\/schema\/logo\/image\/","url":"https:\/\/mogardo.com\/wp-content\/uploads\/2024\/12\/MOGARDO_isotipo_negro.png","contentUrl":"https:\/\/mogardo.com\/wp-content\/uploads\/2024\/12\/MOGARDO_isotipo_negro.png","width":1755,"height":1755,"caption":"MOGARDO IBIZA"},"image":{"@id":"https:\/\/mogardo.com\/#\/schema\/logo\/image\/"}}]}},"_links":{"self":[{"href":"https:\/\/mogardo.com\/es\/wp-json\/wp\/v2\/product\/22343","targetHints":{"allow":["GET"]}}],"collection":[{"href":"https:\/\/mogardo.com\/es\/wp-json\/wp\/v2\/product"}],"about":[{"href":"https:\/\/mogardo.com\/es\/wp-json\/wp\/v2\/types\/product"}],"wp:featuredmedia":[{"embeddable":true,"href":"https:\/\/mogardo.com\/es\/wp-json\/wp\/v2\/media\/22368"}],"wp:attachment":[{"href":"https:\/\/mogardo.com\/es\/wp-json\/wp\/v2\/media?parent=22343"}],"wp:term":[{"taxonomy":"product_brand","embeddable":true,"href":"https:\/\/mogardo.com\/es\/wp-json\/wp\/v2\/product_brand?post=22343"},{"taxonomy":"product_cat","embeddable":true,"href":"https:\/\/mogardo.com\/es\/wp-json\/wp\/v2\/product_cat?post=22343"},{"taxonomy":"product_tag","embeddable":true,"href":"https:\/\/mogardo.com\/es\/wp-json\/wp\/v2\/product_tag?post=22343"}],"curies":[{"name":"wp","href":"https:\/\/api.w.org\/{rel}","templated":true}]}}