{"id":22352,"date":"2024-12-12T12:59:25","date_gmt":"2024-12-12T11:59:25","guid":{"rendered":"https:\/\/mogardo.com\/?post_type=product&#038;p=22352"},"modified":"2026-01-02T14:36:53","modified_gmt":"2026-01-02T13:36:53","slug":"cola-con-lazo","status":"publish","type":"product","link":"https:\/\/mogardo.com\/es\/producto\/cola-con-lazo\/","title":{"rendered":"COLA CON LAZO"},"content":{"rendered":"<p data-start=\"643\" data-end=\"1010\">Cola con lazo en tul con lentejuelas elegante<\/p>\n<p data-start=\"643\" data-end=\"1010\">La <strong data-start=\"646\" data-end=\"697\">cola con lazo en tul con lentejuelas para mujer<\/strong> es una pieza vers\u00e1til y sofisticada dise\u00f1ada para transformar cualquier look en una propuesta impactante y elegante. Confeccionada en <strong data-start=\"832\" data-end=\"855\">tul con lentejuelas<\/strong>, aporta brillo, movimiento y una presencia esc\u00e9nica que eleva el estilismo con un aire refinado y contempor\u00e1neo, fiel al universo creativo de <strong data-start=\"998\" data-end=\"1009\">Mogardo<\/strong>.<\/p>\n<p data-start=\"1012\" data-end=\"1317\">La <strong data-start=\"1015\" data-end=\"1058\">cintura con gran lazo en mikado de seda<\/strong> se convierte en el elemento protagonista del dise\u00f1o, aportando estructura, volumen y un contraste elegante frente a la ligereza del tul. Esta combinaci\u00f3n de texturas crea una pieza \u00fanica, pensada para superponer y personalizar looks con car\u00e1cter y feminidad.<\/p>\n<p data-start=\"1319\" data-end=\"1348\"><strong data-start=\"1319\" data-end=\"1348\">Estilo y ocasiones de uso<\/strong><\/p>\n<p data-start=\"1350\" data-end=\"1683\">Esta <strong data-start=\"1355\" data-end=\"1381\">cola elegante con lazo<\/strong> es ideal para elevar vestidos, conjuntos o estilismos de noche, aportando un acabado sofisticado para eventos especiales, celebraciones, galas o looks de invitada con un toque diferencial. Una prenda pensada para mujeres que buscan versatilidad, impacto visual y una elegancia cuidada en cada detalle.<\/p>\n","protected":false},"excerpt":{"rendered":"<p>Cola con lazo en tul con lentejuelas elegante La cola con lazo en tul con lentejuelas para mujer es una pieza vers\u00e1til y sofisticada dise\u00f1ada para transformar cualquier look en una propuesta impactante y elegante. Confeccionada en tul con lentejuelas, aporta brillo, movimiento y una presencia esc\u00e9nica que eleva el estilismo con un aire refinado [&hellip;]<\/p>\n","protected":false},"featured_media":22386,"template":"","meta":{"_joinchat":[]},"product_brand":[],"product_cat":[41,32],"product_tag":[],"class_list":{"0":"post-22352","1":"product","2":"type-product","3":"status-publish","4":"has-post-thumbnail","6":"product_cat-manifesto","7":"product_cat-mujer","9":"first","10":"instock","11":"taxable","12":"shipping-taxable","13":"purchasable","14":"product-type-simple","15":"add-to-wishlist-after_add_to_cart"},"yoast_head":"<!-- This site is optimized with the Yoast SEO plugin v26.2 - https:\/\/yoast.com\/wordpress\/plugins\/seo\/ -->\n<title>Cola con lazo tul lentejuelas | Elegancia Mogardo<\/title>\n<meta name=\"description\" content=\"No te pierdes la nueva cola con lazo en tul con lentejuelas y cintura con gran lazo de mikado de seda. Eleva tus looks con elegancia Mogardo.\" \/>\n<meta name=\"robots\" content=\"index, follow, max-snippet:-1, max-image-preview:large, max-video-preview:-1\" \/>\n<link rel=\"canonical\" href=\"https:\/\/mogardo.com\/es\/producto\/cola-con-lazo\/\" \/>\n<meta property=\"og:locale\" content=\"es_ES\" \/>\n<meta property=\"og:type\" content=\"article\" \/>\n<meta property=\"og:title\" content=\"Cola con lazo tul lentejuelas | Elegancia Mogardo\" \/>\n<meta property=\"og:description\" content=\"No te pierdes la nueva cola con lazo en tul con lentejuelas y cintura con gran lazo de mikado de seda. Eleva tus looks con elegancia Mogardo.\" \/>\n<meta property=\"og:url\" content=\"https:\/\/mogardo.com\/es\/producto\/cola-con-lazo\/\" \/>\n<meta property=\"og:site_name\" content=\"MOGARDO - Dise\u00f1os y moda exclusiva\" \/>\n<meta property=\"article:modified_time\" content=\"2026-01-02T13:36:53+00:00\" \/>\n<meta property=\"og:image\" content=\"https:\/\/mogardo.com\/wp-content\/uploads\/2024\/12\/2-4.jpg\" \/>\n\t<meta property=\"og:image:width\" content=\"1638\" \/>\n\t<meta property=\"og:image:height\" content=\"2048\" \/>\n\t<meta property=\"og:image:type\" content=\"image\/jpeg\" \/>\n<meta name=\"twitter:card\" content=\"summary_large_image\" \/>\n<meta name=\"twitter:label1\" content=\"Tiempo de lectura\" \/>\n\t<meta name=\"twitter:data1\" content=\"1 minuto\" \/>\n<script type=\"application\/ld+json\" class=\"yoast-schema-graph\">{\"@context\":\"https:\/\/schema.org\",\"@graph\":[{\"@type\":\"WebPage\",\"@id\":\"https:\/\/mogardo.com\/producto\/cola-con-lazo\/\",\"url\":\"https:\/\/mogardo.com\/producto\/cola-con-lazo\/\",\"name\":\"Cola con lazo tul lentejuelas | Elegancia Mogardo\",\"isPartOf\":{\"@id\":\"https:\/\/mogardo.com\/#website\"},\"primaryImageOfPage\":{\"@id\":\"https:\/\/mogardo.com\/producto\/cola-con-lazo\/#primaryimage\"},\"image\":{\"@id\":\"https:\/\/mogardo.com\/producto\/cola-con-lazo\/#primaryimage\"},\"thumbnailUrl\":\"https:\/\/mogardo.com\/wp-content\/uploads\/2024\/12\/2-4.jpg\",\"datePublished\":\"2024-12-12T11:59:25+00:00\",\"dateModified\":\"2026-01-02T13:36:53+00:00\",\"description\":\"No te pierdes la nueva cola con lazo en tul con lentejuelas y cintura con gran lazo de mikado de seda. Eleva tus looks con elegancia Mogardo.\",\"breadcrumb\":{\"@id\":\"https:\/\/mogardo.com\/producto\/cola-con-lazo\/#breadcrumb\"},\"inLanguage\":\"es\",\"potentialAction\":[{\"@type\":\"ReadAction\",\"target\":[\"https:\/\/mogardo.com\/producto\/cola-con-lazo\/\"]}]},{\"@type\":\"ImageObject\",\"inLanguage\":\"es\",\"@id\":\"https:\/\/mogardo.com\/producto\/cola-con-lazo\/#primaryimage\",\"url\":\"https:\/\/mogardo.com\/wp-content\/uploads\/2024\/12\/2-4.jpg\",\"contentUrl\":\"https:\/\/mogardo.com\/wp-content\/uploads\/2024\/12\/2-4.jpg\",\"width\":1638,\"height\":2048,\"caption\":\"Cola con lazo en tul con lentejuelas para mujer.\"},{\"@type\":\"BreadcrumbList\",\"@id\":\"https:\/\/mogardo.com\/producto\/cola-con-lazo\/#breadcrumb\",\"itemListElement\":[{\"@type\":\"ListItem\",\"position\":1,\"name\":\"Portada\",\"item\":\"https:\/\/mogardo.com\/\"},{\"@type\":\"ListItem\",\"position\":2,\"name\":\"Colecciones\",\"item\":\"https:\/\/mogardo.com\/shop\/\"},{\"@type\":\"ListItem\",\"position\":3,\"name\":\"COLA CON LAZO\"}]},{\"@type\":\"WebSite\",\"@id\":\"https:\/\/mogardo.com\/#website\",\"url\":\"https:\/\/mogardo.com\/\",\"name\":\"MOGARDO IBIZA\",\"description\":\"En Mogardo creamos prendas exclusivas que realzan tu esencia y belleza natural, fusionando dise\u00f1o sofisticado y materiales de la m\u00e1s alta calidad.\",\"publisher\":{\"@id\":\"https:\/\/mogardo.com\/#organization\"},\"potentialAction\":[{\"@type\":\"SearchAction\",\"target\":{\"@type\":\"EntryPoint\",\"urlTemplate\":\"https:\/\/mogardo.com\/?s={search_term_string}\"},\"query-input\":{\"@type\":\"PropertyValueSpecification\",\"valueRequired\":true,\"valueName\":\"search_term_string\"}}],\"inLanguage\":\"es\"},{\"@type\":\"Organization\",\"@id\":\"https:\/\/mogardo.com\/#organization\",\"name\":\"MOGARDO IBIZA\",\"url\":\"https:\/\/mogardo.com\/\",\"logo\":{\"@type\":\"ImageObject\",\"inLanguage\":\"es\",\"@id\":\"https:\/\/mogardo.com\/#\/schema\/logo\/image\/\",\"url\":\"https:\/\/mogardo.com\/wp-content\/uploads\/2024\/12\/MOGARDO_isotipo_negro.png\",\"contentUrl\":\"https:\/\/mogardo.com\/wp-content\/uploads\/2024\/12\/MOGARDO_isotipo_negro.png\",\"width\":1755,\"height\":1755,\"caption\":\"MOGARDO IBIZA\"},\"image\":{\"@id\":\"https:\/\/mogardo.com\/#\/schema\/logo\/image\/\"}}]}<\/script>\n<!-- \/ Yoast SEO plugin. -->","yoast_head_json":{"title":"Cola con lazo tul lentejuelas | Elegancia Mogardo","description":"No te pierdes la nueva cola con lazo en tul con lentejuelas y cintura con gran lazo de mikado de seda. Eleva tus looks con elegancia Mogardo.","robots":{"index":"index","follow":"follow","max-snippet":"max-snippet:-1","max-image-preview":"max-image-preview:large","max-video-preview":"max-video-preview:-1"},"canonical":"https:\/\/mogardo.com\/es\/producto\/cola-con-lazo\/","og_locale":"es_ES","og_type":"article","og_title":"Cola con lazo tul lentejuelas | Elegancia Mogardo","og_description":"No te pierdes la nueva cola con lazo en tul con lentejuelas y cintura con gran lazo de mikado de seda. Eleva tus looks con elegancia Mogardo.","og_url":"https:\/\/mogardo.com\/es\/producto\/cola-con-lazo\/","og_site_name":"MOGARDO - Dise\u00f1os y moda exclusiva","article_modified_time":"2026-01-02T13:36:53+00:00","og_image":[{"width":1638,"height":2048,"url":"https:\/\/mogardo.com\/wp-content\/uploads\/2024\/12\/2-4.jpg","type":"image\/jpeg"}],"twitter_card":"summary_large_image","twitter_misc":{"Tiempo de lectura":"1 minuto"},"schema":{"@context":"https:\/\/schema.org","@graph":[{"@type":"WebPage","@id":"https:\/\/mogardo.com\/producto\/cola-con-lazo\/","url":"https:\/\/mogardo.com\/producto\/cola-con-lazo\/","name":"Cola con lazo tul lentejuelas | Elegancia Mogardo","isPartOf":{"@id":"https:\/\/mogardo.com\/#website"},"primaryImageOfPage":{"@id":"https:\/\/mogardo.com\/producto\/cola-con-lazo\/#primaryimage"},"image":{"@id":"https:\/\/mogardo.com\/producto\/cola-con-lazo\/#primaryimage"},"thumbnailUrl":"https:\/\/mogardo.com\/wp-content\/uploads\/2024\/12\/2-4.jpg","datePublished":"2024-12-12T11:59:25+00:00","dateModified":"2026-01-02T13:36:53+00:00","description":"No te pierdes la nueva cola con lazo en tul con lentejuelas y cintura con gran lazo de mikado de seda. Eleva tus looks con elegancia Mogardo.","breadcrumb":{"@id":"https:\/\/mogardo.com\/producto\/cola-con-lazo\/#breadcrumb"},"inLanguage":"es","potentialAction":[{"@type":"ReadAction","target":["https:\/\/mogardo.com\/producto\/cola-con-lazo\/"]}]},{"@type":"ImageObject","inLanguage":"es","@id":"https:\/\/mogardo.com\/producto\/cola-con-lazo\/#primaryimage","url":"https:\/\/mogardo.com\/wp-content\/uploads\/2024\/12\/2-4.jpg","contentUrl":"https:\/\/mogardo.com\/wp-content\/uploads\/2024\/12\/2-4.jpg","width":1638,"height":2048,"caption":"Cola con lazo en tul con lentejuelas para mujer."},{"@type":"BreadcrumbList","@id":"https:\/\/mogardo.com\/producto\/cola-con-lazo\/#breadcrumb","itemListElement":[{"@type":"ListItem","position":1,"name":"Portada","item":"https:\/\/mogardo.com\/"},{"@type":"ListItem","position":2,"name":"Colecciones","item":"https:\/\/mogardo.com\/shop\/"},{"@type":"ListItem","position":3,"name":"COLA CON LAZO"}]},{"@type":"WebSite","@id":"https:\/\/mogardo.com\/#website","url":"https:\/\/mogardo.com\/","name":"MOGARDO IBIZA","description":"En Mogardo creamos prendas exclusivas que realzan tu esencia y belleza natural, fusionando dise\u00f1o sofisticado y materiales de la m\u00e1s alta calidad.","publisher":{"@id":"https:\/\/mogardo.com\/#organization"},"potentialAction":[{"@type":"SearchAction","target":{"@type":"EntryPoint","urlTemplate":"https:\/\/mogardo.com\/?s={search_term_string}"},"query-input":{"@type":"PropertyValueSpecification","valueRequired":true,"valueName":"search_term_string"}}],"inLanguage":"es"},{"@type":"Organization","@id":"https:\/\/mogardo.com\/#organization","name":"MOGARDO IBIZA","url":"https:\/\/mogardo.com\/","logo":{"@type":"ImageObject","inLanguage":"es","@id":"https:\/\/mogardo.com\/#\/schema\/logo\/image\/","url":"https:\/\/mogardo.com\/wp-content\/uploads\/2024\/12\/MOGARDO_isotipo_negro.png","contentUrl":"https:\/\/mogardo.com\/wp-content\/uploads\/2024\/12\/MOGARDO_isotipo_negro.png","width":1755,"height":1755,"caption":"MOGARDO IBIZA"},"image":{"@id":"https:\/\/mogardo.com\/#\/schema\/logo\/image\/"}}]}},"_links":{"self":[{"href":"https:\/\/mogardo.com\/es\/wp-json\/wp\/v2\/product\/22352","targetHints":{"allow":["GET"]}}],"collection":[{"href":"https:\/\/mogardo.com\/es\/wp-json\/wp\/v2\/product"}],"about":[{"href":"https:\/\/mogardo.com\/es\/wp-json\/wp\/v2\/types\/product"}],"wp:featuredmedia":[{"embeddable":true,"href":"https:\/\/mogardo.com\/es\/wp-json\/wp\/v2\/media\/22386"}],"wp:attachment":[{"href":"https:\/\/mogardo.com\/es\/wp-json\/wp\/v2\/media?parent=22352"}],"wp:term":[{"taxonomy":"product_brand","embeddable":true,"href":"https:\/\/mogardo.com\/es\/wp-json\/wp\/v2\/product_brand?post=22352"},{"taxonomy":"product_cat","embeddable":true,"href":"https:\/\/mogardo.com\/es\/wp-json\/wp\/v2\/product_cat?post=22352"},{"taxonomy":"product_tag","embeddable":true,"href":"https:\/\/mogardo.com\/es\/wp-json\/wp\/v2\/product_tag?post=22352"}],"curies":[{"name":"wp","href":"https:\/\/api.w.org\/{rel}","templated":true}]}}