{"id":22354,"date":"2024-12-12T13:01:01","date_gmt":"2024-12-12T12:01:01","guid":{"rendered":"https:\/\/mogardo.com\/?post_type=product&#038;p=22354"},"modified":"2026-01-02T14:31:51","modified_gmt":"2026-01-02T13:31:51","slug":"denim-cover","status":"publish","type":"product","link":"https:\/\/mogardo.com\/es\/producto\/denim-cover\/","title":{"rendered":"DENIM COVER"},"content":{"rendered":"<p>Denim Cover vestido-chaqueta en denim elegante<\/p>\n<p>Vers\u00e1til vestido-chaqueta en denim dark blue con textura tweed y canes\u00fa en tul con encaje floral. Grandes bolsill<\/p>\n<p data-start=\"657\" data-end=\"969\">El <strong data-start=\"660\" data-end=\"703\">Denim Cover vestido-chaqueta para mujer<\/strong> es una prenda vers\u00e1til y sofisticada que fusiona funcionalidad y dise\u00f1o en una silueta contempor\u00e1nea. Confeccionado en <strong data-start=\"823\" data-end=\"860\">denim dark blue con textura tweed<\/strong>, este dise\u00f1o se distingue por su car\u00e1cter estructurado y su est\u00e9tica cuidada, fiel al estilo de <strong data-start=\"957\" data-end=\"968\">Mogardo<\/strong>.<\/p>\n<p data-start=\"971\" data-end=\"1347\">El <strong data-start=\"974\" data-end=\"1009\">canes\u00fa en tul con encaje floral<\/strong> aporta un contraste delicado y femenino que suaviza la fuerza del denim, creando un equilibrio elegante entre textura y transparencia. Las <strong data-start=\"1149\" data-end=\"1180\">grandes bolsillos laterales<\/strong> a\u00f1aden car\u00e1cter y funcionalidad, mientras que el <strong data-start=\"1230\" data-end=\"1255\">cierre con cremallera<\/strong> permite llevar la prenda como vestido o como chaqueta, adapt\u00e1ndose a diferentes estilismos.<\/p>\n<p data-start=\"1349\" data-end=\"1378\"><strong data-start=\"1349\" data-end=\"1378\">Estilo y ocasiones de uso<\/strong><\/p>\n<p data-start=\"1380\" data-end=\"1663\">Este <strong data-start=\"1385\" data-end=\"1423\">vestido-chaqueta en denim elegante<\/strong> es ideal para eventos especiales, looks urbanos elevados, celebraciones informales o estilismos de d\u00eda y de tarde con un aire sofisticado. Una prenda pensada para mujeres que buscan versatilidad, presencia y un dise\u00f1o con identidad propia.<\/p>\n<p>os laterales y cierre con cremallera.<\/p>\n","protected":false},"excerpt":{"rendered":"<p>Denim Cover vestido-chaqueta en denim elegante Vers\u00e1til vestido-chaqueta en denim dark blue con textura tweed y canes\u00fa en tul con encaje floral. Grandes bolsill El Denim Cover vestido-chaqueta para mujer es una prenda vers\u00e1til y sofisticada que fusiona funcionalidad y dise\u00f1o en una silueta contempor\u00e1nea. Confeccionado en denim dark blue con textura tweed, este dise\u00f1o [&hellip;]<\/p>\n","protected":false},"featured_media":22391,"template":"","meta":{"_joinchat":[]},"product_brand":[],"product_cat":[42,32],"product_tag":[],"class_list":{"0":"post-22354","1":"product","2":"type-product","3":"status-publish","4":"has-post-thumbnail","6":"product_cat-denim","7":"product_cat-mujer","9":"first","10":"instock","11":"taxable","12":"shipping-taxable","13":"purchasable","14":"product-type-simple","15":"add-to-wishlist-after_add_to_cart"},"yoast_head":"<!-- This site is optimized with the Yoast SEO plugin v26.2 - https:\/\/yoast.com\/wordpress\/plugins\/seo\/ -->\n<title>Denim Cover vestido chaqueta | Denim elegante Mogardo<\/title>\n<meta name=\"description\" content=\"Consigue lo ultimo de Mogardo, el Denim Cover vestido-chaqueta en denim dark blue con tul y encaje floral. Dise\u00f1o vers\u00e1til con bolsillos y cremallera.\" \/>\n<meta name=\"robots\" content=\"index, follow, max-snippet:-1, max-image-preview:large, max-video-preview:-1\" \/>\n<link rel=\"canonical\" href=\"https:\/\/mogardo.com\/es\/producto\/denim-cover\/\" \/>\n<meta property=\"og:locale\" content=\"es_ES\" \/>\n<meta property=\"og:type\" content=\"article\" \/>\n<meta property=\"og:title\" content=\"Denim Cover vestido chaqueta | Denim elegante Mogardo\" \/>\n<meta property=\"og:description\" content=\"Consigue lo ultimo de Mogardo, el Denim Cover vestido-chaqueta en denim dark blue con tul y encaje floral. Dise\u00f1o vers\u00e1til con bolsillos y cremallera.\" \/>\n<meta property=\"og:url\" content=\"https:\/\/mogardo.com\/es\/producto\/denim-cover\/\" \/>\n<meta property=\"og:site_name\" content=\"MOGARDO - Dise\u00f1os y moda exclusiva\" \/>\n<meta property=\"article:modified_time\" content=\"2026-01-02T13:31:51+00:00\" \/>\n<meta property=\"og:image\" content=\"https:\/\/mogardo.com\/wp-content\/uploads\/2024\/12\/1-6.jpg\" \/>\n\t<meta property=\"og:image:width\" content=\"1638\" \/>\n\t<meta property=\"og:image:height\" content=\"2048\" \/>\n\t<meta property=\"og:image:type\" content=\"image\/jpeg\" \/>\n<meta name=\"twitter:card\" content=\"summary_large_image\" \/>\n<meta name=\"twitter:label1\" content=\"Tiempo de lectura\" \/>\n\t<meta name=\"twitter:data1\" content=\"1 minuto\" \/>\n<script type=\"application\/ld+json\" class=\"yoast-schema-graph\">{\"@context\":\"https:\/\/schema.org\",\"@graph\":[{\"@type\":\"WebPage\",\"@id\":\"https:\/\/mogardo.com\/producto\/denim-cover\/\",\"url\":\"https:\/\/mogardo.com\/producto\/denim-cover\/\",\"name\":\"Denim Cover vestido chaqueta | Denim elegante Mogardo\",\"isPartOf\":{\"@id\":\"https:\/\/mogardo.com\/#website\"},\"primaryImageOfPage\":{\"@id\":\"https:\/\/mogardo.com\/producto\/denim-cover\/#primaryimage\"},\"image\":{\"@id\":\"https:\/\/mogardo.com\/producto\/denim-cover\/#primaryimage\"},\"thumbnailUrl\":\"https:\/\/mogardo.com\/wp-content\/uploads\/2024\/12\/1-6.jpg\",\"datePublished\":\"2024-12-12T12:01:01+00:00\",\"dateModified\":\"2026-01-02T13:31:51+00:00\",\"description\":\"Consigue lo ultimo de Mogardo, el Denim Cover vestido-chaqueta en denim dark blue con tul y encaje floral. Dise\u00f1o vers\u00e1til con bolsillos y cremallera.\",\"breadcrumb\":{\"@id\":\"https:\/\/mogardo.com\/producto\/denim-cover\/#breadcrumb\"},\"inLanguage\":\"es\",\"potentialAction\":[{\"@type\":\"ReadAction\",\"target\":[\"https:\/\/mogardo.com\/producto\/denim-cover\/\"]}]},{\"@type\":\"ImageObject\",\"inLanguage\":\"es\",\"@id\":\"https:\/\/mogardo.com\/producto\/denim-cover\/#primaryimage\",\"url\":\"https:\/\/mogardo.com\/wp-content\/uploads\/2024\/12\/1-6.jpg\",\"contentUrl\":\"https:\/\/mogardo.com\/wp-content\/uploads\/2024\/12\/1-6.jpg\",\"width\":1638,\"height\":2048,\"caption\":\"El Denim Cover vestido-chaqueta para mujer, una prenda vers\u00e1til y sofisticada que fusiona funcionalidad y dise\u00f1o en una silueta contempor\u00e1nea.\"},{\"@type\":\"BreadcrumbList\",\"@id\":\"https:\/\/mogardo.com\/producto\/denim-cover\/#breadcrumb\",\"itemListElement\":[{\"@type\":\"ListItem\",\"position\":1,\"name\":\"Portada\",\"item\":\"https:\/\/mogardo.com\/\"},{\"@type\":\"ListItem\",\"position\":2,\"name\":\"Colecciones\",\"item\":\"https:\/\/mogardo.com\/shop\/\"},{\"@type\":\"ListItem\",\"position\":3,\"name\":\"DENIM COVER\"}]},{\"@type\":\"WebSite\",\"@id\":\"https:\/\/mogardo.com\/#website\",\"url\":\"https:\/\/mogardo.com\/\",\"name\":\"MOGARDO IBIZA\",\"description\":\"En Mogardo creamos prendas exclusivas que realzan tu esencia y belleza natural, fusionando dise\u00f1o sofisticado y materiales de la m\u00e1s alta calidad.\",\"publisher\":{\"@id\":\"https:\/\/mogardo.com\/#organization\"},\"potentialAction\":[{\"@type\":\"SearchAction\",\"target\":{\"@type\":\"EntryPoint\",\"urlTemplate\":\"https:\/\/mogardo.com\/?s={search_term_string}\"},\"query-input\":{\"@type\":\"PropertyValueSpecification\",\"valueRequired\":true,\"valueName\":\"search_term_string\"}}],\"inLanguage\":\"es\"},{\"@type\":\"Organization\",\"@id\":\"https:\/\/mogardo.com\/#organization\",\"name\":\"MOGARDO IBIZA\",\"url\":\"https:\/\/mogardo.com\/\",\"logo\":{\"@type\":\"ImageObject\",\"inLanguage\":\"es\",\"@id\":\"https:\/\/mogardo.com\/#\/schema\/logo\/image\/\",\"url\":\"https:\/\/mogardo.com\/wp-content\/uploads\/2024\/12\/MOGARDO_isotipo_negro.png\",\"contentUrl\":\"https:\/\/mogardo.com\/wp-content\/uploads\/2024\/12\/MOGARDO_isotipo_negro.png\",\"width\":1755,\"height\":1755,\"caption\":\"MOGARDO IBIZA\"},\"image\":{\"@id\":\"https:\/\/mogardo.com\/#\/schema\/logo\/image\/\"}}]}<\/script>\n<!-- \/ Yoast SEO plugin. -->","yoast_head_json":{"title":"Denim Cover vestido chaqueta | Denim elegante Mogardo","description":"Consigue lo ultimo de Mogardo, el Denim Cover vestido-chaqueta en denim dark blue con tul y encaje floral. Dise\u00f1o vers\u00e1til con bolsillos y cremallera.","robots":{"index":"index","follow":"follow","max-snippet":"max-snippet:-1","max-image-preview":"max-image-preview:large","max-video-preview":"max-video-preview:-1"},"canonical":"https:\/\/mogardo.com\/es\/producto\/denim-cover\/","og_locale":"es_ES","og_type":"article","og_title":"Denim Cover vestido chaqueta | Denim elegante Mogardo","og_description":"Consigue lo ultimo de Mogardo, el Denim Cover vestido-chaqueta en denim dark blue con tul y encaje floral. Dise\u00f1o vers\u00e1til con bolsillos y cremallera.","og_url":"https:\/\/mogardo.com\/es\/producto\/denim-cover\/","og_site_name":"MOGARDO - Dise\u00f1os y moda exclusiva","article_modified_time":"2026-01-02T13:31:51+00:00","og_image":[{"width":1638,"height":2048,"url":"https:\/\/mogardo.com\/wp-content\/uploads\/2024\/12\/1-6.jpg","type":"image\/jpeg"}],"twitter_card":"summary_large_image","twitter_misc":{"Tiempo de lectura":"1 minuto"},"schema":{"@context":"https:\/\/schema.org","@graph":[{"@type":"WebPage","@id":"https:\/\/mogardo.com\/producto\/denim-cover\/","url":"https:\/\/mogardo.com\/producto\/denim-cover\/","name":"Denim Cover vestido chaqueta | Denim elegante Mogardo","isPartOf":{"@id":"https:\/\/mogardo.com\/#website"},"primaryImageOfPage":{"@id":"https:\/\/mogardo.com\/producto\/denim-cover\/#primaryimage"},"image":{"@id":"https:\/\/mogardo.com\/producto\/denim-cover\/#primaryimage"},"thumbnailUrl":"https:\/\/mogardo.com\/wp-content\/uploads\/2024\/12\/1-6.jpg","datePublished":"2024-12-12T12:01:01+00:00","dateModified":"2026-01-02T13:31:51+00:00","description":"Consigue lo ultimo de Mogardo, el Denim Cover vestido-chaqueta en denim dark blue con tul y encaje floral. Dise\u00f1o vers\u00e1til con bolsillos y cremallera.","breadcrumb":{"@id":"https:\/\/mogardo.com\/producto\/denim-cover\/#breadcrumb"},"inLanguage":"es","potentialAction":[{"@type":"ReadAction","target":["https:\/\/mogardo.com\/producto\/denim-cover\/"]}]},{"@type":"ImageObject","inLanguage":"es","@id":"https:\/\/mogardo.com\/producto\/denim-cover\/#primaryimage","url":"https:\/\/mogardo.com\/wp-content\/uploads\/2024\/12\/1-6.jpg","contentUrl":"https:\/\/mogardo.com\/wp-content\/uploads\/2024\/12\/1-6.jpg","width":1638,"height":2048,"caption":"El Denim Cover vestido-chaqueta para mujer, una prenda vers\u00e1til y sofisticada que fusiona funcionalidad y dise\u00f1o en una silueta contempor\u00e1nea."},{"@type":"BreadcrumbList","@id":"https:\/\/mogardo.com\/producto\/denim-cover\/#breadcrumb","itemListElement":[{"@type":"ListItem","position":1,"name":"Portada","item":"https:\/\/mogardo.com\/"},{"@type":"ListItem","position":2,"name":"Colecciones","item":"https:\/\/mogardo.com\/shop\/"},{"@type":"ListItem","position":3,"name":"DENIM COVER"}]},{"@type":"WebSite","@id":"https:\/\/mogardo.com\/#website","url":"https:\/\/mogardo.com\/","name":"MOGARDO IBIZA","description":"En Mogardo creamos prendas exclusivas que realzan tu esencia y belleza natural, fusionando dise\u00f1o sofisticado y materiales de la m\u00e1s alta calidad.","publisher":{"@id":"https:\/\/mogardo.com\/#organization"},"potentialAction":[{"@type":"SearchAction","target":{"@type":"EntryPoint","urlTemplate":"https:\/\/mogardo.com\/?s={search_term_string}"},"query-input":{"@type":"PropertyValueSpecification","valueRequired":true,"valueName":"search_term_string"}}],"inLanguage":"es"},{"@type":"Organization","@id":"https:\/\/mogardo.com\/#organization","name":"MOGARDO IBIZA","url":"https:\/\/mogardo.com\/","logo":{"@type":"ImageObject","inLanguage":"es","@id":"https:\/\/mogardo.com\/#\/schema\/logo\/image\/","url":"https:\/\/mogardo.com\/wp-content\/uploads\/2024\/12\/MOGARDO_isotipo_negro.png","contentUrl":"https:\/\/mogardo.com\/wp-content\/uploads\/2024\/12\/MOGARDO_isotipo_negro.png","width":1755,"height":1755,"caption":"MOGARDO IBIZA"},"image":{"@id":"https:\/\/mogardo.com\/#\/schema\/logo\/image\/"}}]}},"_links":{"self":[{"href":"https:\/\/mogardo.com\/es\/wp-json\/wp\/v2\/product\/22354","targetHints":{"allow":["GET"]}}],"collection":[{"href":"https:\/\/mogardo.com\/es\/wp-json\/wp\/v2\/product"}],"about":[{"href":"https:\/\/mogardo.com\/es\/wp-json\/wp\/v2\/types\/product"}],"wp:featuredmedia":[{"embeddable":true,"href":"https:\/\/mogardo.com\/es\/wp-json\/wp\/v2\/media\/22391"}],"wp:attachment":[{"href":"https:\/\/mogardo.com\/es\/wp-json\/wp\/v2\/media?parent=22354"}],"wp:term":[{"taxonomy":"product_brand","embeddable":true,"href":"https:\/\/mogardo.com\/es\/wp-json\/wp\/v2\/product_brand?post=22354"},{"taxonomy":"product_cat","embeddable":true,"href":"https:\/\/mogardo.com\/es\/wp-json\/wp\/v2\/product_cat?post=22354"},{"taxonomy":"product_tag","embeddable":true,"href":"https:\/\/mogardo.com\/es\/wp-json\/wp\/v2\/product_tag?post=22354"}],"curies":[{"name":"wp","href":"https:\/\/api.w.org\/{rel}","templated":true}]}}