{"id":23599,"date":"2025-07-18T19:27:33","date_gmt":"2025-07-18T17:27:33","guid":{"rendered":"https:\/\/mogardo.com\/?post_type=product&#038;p=23599"},"modified":"2025-12-12T16:54:15","modified_gmt":"2025-12-12T15:54:15","slug":"chef-noir","status":"publish","type":"product","link":"https:\/\/mogardo.com\/es\/producto\/chef-noir\/","title":{"rendered":"CHEF NOIR"},"content":{"rendered":"<p><strong>Chaqueta Chef Noir de encaje floral elegante<\/strong><\/p>\n<p data-start=\"661\" data-end=\"989\">La <strong data-start=\"664\" data-end=\"714\">chaqueta Chef Noir de encaje floral para mujer<\/strong> es una prenda vers\u00e1til y sofisticada que aporta elegancia y car\u00e1cter a cualquier look. Confeccionada en <strong data-start=\"819\" data-end=\"848\">encaje floral con textura<\/strong>, destaca por su dise\u00f1o cuidado y femenino, ideal para quienes buscan una pieza especial con identidad propia, fiel al estilo de <strong data-start=\"977\" data-end=\"988\">Mogardo<\/strong>.<\/p>\n<p data-start=\"991\" data-end=\"1294\">Su estructura ligera y su acabado delicado permiten combinarla f\u00e1cilmente con vestidos, conjuntos o prendas m\u00e1s sencillas, elevando el conjunto con un toque refinado. El <strong data-start=\"1161\" data-end=\"1183\">encaje texturizado<\/strong> a\u00f1ade profundidad visual y convierte esta chaqueta en un imprescindible atemporal dentro del armario femenino.<\/p>\n<p data-start=\"1296\" data-end=\"1325\"><strong data-start=\"1296\" data-end=\"1325\">Estilo y ocasiones de uso<\/strong><\/p>\n<p data-start=\"1327\" data-end=\"1606\">Esta <strong data-start=\"1332\" data-end=\"1363\">chaqueta elegante de encaje<\/strong> es perfecta para completar looks de invitada, eventos especiales, cenas sofisticadas o estilismos de noche. Gracias a su dise\u00f1o vers\u00e1til, tambi\u00e9n puede adaptarse a looks m\u00e1s contempor\u00e1neos, aportando siempre un acabado elegante y distinguido.<\/p>\n","protected":false},"excerpt":{"rendered":"<p>Chaqueta Chef Noir de encaje floral elegante La chaqueta Chef Noir de encaje floral para mujer es una prenda vers\u00e1til y sofisticada que aporta elegancia y car\u00e1cter a cualquier look. Confeccionada en encaje floral con textura, destaca por su dise\u00f1o cuidado y femenino, ideal para quienes buscan una pieza especial con identidad propia, fiel al [&hellip;]<\/p>\n","protected":false},"featured_media":23600,"template":"","meta":{"_joinchat":[]},"product_brand":[],"product_cat":[32,47],"product_tag":[],"class_list":{"0":"post-23599","1":"product","2":"type-product","3":"status-publish","4":"has-post-thumbnail","6":"product_cat-mujer","7":"product_cat-raices-mujer","9":"first","10":"instock","11":"taxable","12":"shipping-taxable","13":"purchasable","14":"product-type-simple","15":"add-to-wishlist-after_add_to_cart"},"yoast_head":"<!-- This site is optimized with the Yoast SEO plugin v26.2 - https:\/\/yoast.com\/wordpress\/plugins\/seo\/ -->\n<title>Chaqueta Chef Noir encaje mujer | Estilo Mogardo<\/title>\n<meta name=\"description\" content=\"Chaqueta Chef Noir en encaje floral con textura. Dise\u00f1o vers\u00e1til y elegante para looks sofisticados de d\u00eda y noche Mogardo.\" \/>\n<meta name=\"robots\" content=\"index, follow, max-snippet:-1, max-image-preview:large, max-video-preview:-1\" \/>\n<link rel=\"canonical\" href=\"https:\/\/mogardo.com\/es\/producto\/chef-noir\/\" \/>\n<meta property=\"og:locale\" content=\"es_ES\" \/>\n<meta property=\"og:type\" content=\"article\" \/>\n<meta property=\"og:title\" content=\"Chaqueta Chef Noir encaje mujer | Estilo Mogardo\" \/>\n<meta property=\"og:description\" content=\"Chaqueta Chef Noir en encaje floral con textura. Dise\u00f1o vers\u00e1til y elegante para looks sofisticados de d\u00eda y noche Mogardo.\" \/>\n<meta property=\"og:url\" content=\"https:\/\/mogardo.com\/es\/producto\/chef-noir\/\" \/>\n<meta property=\"og:site_name\" content=\"MOGARDO - Dise\u00f1os y moda exclusiva\" \/>\n<meta property=\"article:modified_time\" content=\"2025-12-12T15:54:15+00:00\" \/>\n<meta property=\"og:image\" content=\"https:\/\/mogardo.com\/wp-content\/uploads\/2025\/07\/IMG_0304-scaled.jpeg\" \/>\n\t<meta property=\"og:image:width\" content=\"1707\" \/>\n\t<meta property=\"og:image:height\" content=\"2560\" \/>\n\t<meta property=\"og:image:type\" content=\"image\/jpeg\" \/>\n<meta name=\"twitter:card\" content=\"summary_large_image\" \/>\n<meta name=\"twitter:label1\" content=\"Tiempo de lectura\" \/>\n\t<meta name=\"twitter:data1\" content=\"1 minuto\" \/>\n<script type=\"application\/ld+json\" class=\"yoast-schema-graph\">{\"@context\":\"https:\/\/schema.org\",\"@graph\":[{\"@type\":\"WebPage\",\"@id\":\"https:\/\/mogardo.com\/producto\/chef-noir\/\",\"url\":\"https:\/\/mogardo.com\/producto\/chef-noir\/\",\"name\":\"Chaqueta Chef Noir encaje mujer | Estilo Mogardo\",\"isPartOf\":{\"@id\":\"https:\/\/mogardo.com\/#website\"},\"primaryImageOfPage\":{\"@id\":\"https:\/\/mogardo.com\/producto\/chef-noir\/#primaryimage\"},\"image\":{\"@id\":\"https:\/\/mogardo.com\/producto\/chef-noir\/#primaryimage\"},\"thumbnailUrl\":\"https:\/\/mogardo.com\/wp-content\/uploads\/2025\/07\/IMG_0304-scaled.jpeg\",\"datePublished\":\"2025-07-18T17:27:33+00:00\",\"dateModified\":\"2025-12-12T15:54:15+00:00\",\"description\":\"Chaqueta Chef Noir en encaje floral con textura. Dise\u00f1o vers\u00e1til y elegante para looks sofisticados de d\u00eda y noche Mogardo.\",\"breadcrumb\":{\"@id\":\"https:\/\/mogardo.com\/producto\/chef-noir\/#breadcrumb\"},\"inLanguage\":\"es\",\"potentialAction\":[{\"@type\":\"ReadAction\",\"target\":[\"https:\/\/mogardo.com\/producto\/chef-noir\/\"]}]},{\"@type\":\"ImageObject\",\"inLanguage\":\"es\",\"@id\":\"https:\/\/mogardo.com\/producto\/chef-noir\/#primaryimage\",\"url\":\"https:\/\/mogardo.com\/wp-content\/uploads\/2025\/07\/IMG_0304-scaled.jpeg\",\"contentUrl\":\"https:\/\/mogardo.com\/wp-content\/uploads\/2025\/07\/IMG_0304-scaled.jpeg\",\"width\":1707,\"height\":2560,\"caption\":\"La chaqueta Chef Noir de encaje floral para mujer es una prenda vers\u00e1til y sofisticada que aporta elegancia y car\u00e1cter a cualquier look.\"},{\"@type\":\"BreadcrumbList\",\"@id\":\"https:\/\/mogardo.com\/producto\/chef-noir\/#breadcrumb\",\"itemListElement\":[{\"@type\":\"ListItem\",\"position\":1,\"name\":\"Portada\",\"item\":\"https:\/\/mogardo.com\/\"},{\"@type\":\"ListItem\",\"position\":2,\"name\":\"Colecciones\",\"item\":\"https:\/\/mogardo.com\/shop\/\"},{\"@type\":\"ListItem\",\"position\":3,\"name\":\"CHEF NOIR\"}]},{\"@type\":\"WebSite\",\"@id\":\"https:\/\/mogardo.com\/#website\",\"url\":\"https:\/\/mogardo.com\/\",\"name\":\"MOGARDO IBIZA\",\"description\":\"En Mogardo creamos prendas exclusivas que realzan tu esencia y belleza natural, fusionando dise\u00f1o sofisticado y materiales de la m\u00e1s alta calidad.\",\"publisher\":{\"@id\":\"https:\/\/mogardo.com\/#organization\"},\"potentialAction\":[{\"@type\":\"SearchAction\",\"target\":{\"@type\":\"EntryPoint\",\"urlTemplate\":\"https:\/\/mogardo.com\/?s={search_term_string}\"},\"query-input\":{\"@type\":\"PropertyValueSpecification\",\"valueRequired\":true,\"valueName\":\"search_term_string\"}}],\"inLanguage\":\"es\"},{\"@type\":\"Organization\",\"@id\":\"https:\/\/mogardo.com\/#organization\",\"name\":\"MOGARDO IBIZA\",\"url\":\"https:\/\/mogardo.com\/\",\"logo\":{\"@type\":\"ImageObject\",\"inLanguage\":\"es\",\"@id\":\"https:\/\/mogardo.com\/#\/schema\/logo\/image\/\",\"url\":\"https:\/\/mogardo.com\/wp-content\/uploads\/2024\/12\/MOGARDO_isotipo_negro.png\",\"contentUrl\":\"https:\/\/mogardo.com\/wp-content\/uploads\/2024\/12\/MOGARDO_isotipo_negro.png\",\"width\":1755,\"height\":1755,\"caption\":\"MOGARDO IBIZA\"},\"image\":{\"@id\":\"https:\/\/mogardo.com\/#\/schema\/logo\/image\/\"}}]}<\/script>\n<!-- \/ Yoast SEO plugin. -->","yoast_head_json":{"title":"Chaqueta Chef Noir encaje mujer | Estilo Mogardo","description":"Chaqueta Chef Noir en encaje floral con textura. Dise\u00f1o vers\u00e1til y elegante para looks sofisticados de d\u00eda y noche Mogardo.","robots":{"index":"index","follow":"follow","max-snippet":"max-snippet:-1","max-image-preview":"max-image-preview:large","max-video-preview":"max-video-preview:-1"},"canonical":"https:\/\/mogardo.com\/es\/producto\/chef-noir\/","og_locale":"es_ES","og_type":"article","og_title":"Chaqueta Chef Noir encaje mujer | Estilo Mogardo","og_description":"Chaqueta Chef Noir en encaje floral con textura. Dise\u00f1o vers\u00e1til y elegante para looks sofisticados de d\u00eda y noche Mogardo.","og_url":"https:\/\/mogardo.com\/es\/producto\/chef-noir\/","og_site_name":"MOGARDO - Dise\u00f1os y moda exclusiva","article_modified_time":"2025-12-12T15:54:15+00:00","og_image":[{"width":1707,"height":2560,"url":"https:\/\/mogardo.com\/wp-content\/uploads\/2025\/07\/IMG_0304-scaled.jpeg","type":"image\/jpeg"}],"twitter_card":"summary_large_image","twitter_misc":{"Tiempo de lectura":"1 minuto"},"schema":{"@context":"https:\/\/schema.org","@graph":[{"@type":"WebPage","@id":"https:\/\/mogardo.com\/producto\/chef-noir\/","url":"https:\/\/mogardo.com\/producto\/chef-noir\/","name":"Chaqueta Chef Noir encaje mujer | Estilo Mogardo","isPartOf":{"@id":"https:\/\/mogardo.com\/#website"},"primaryImageOfPage":{"@id":"https:\/\/mogardo.com\/producto\/chef-noir\/#primaryimage"},"image":{"@id":"https:\/\/mogardo.com\/producto\/chef-noir\/#primaryimage"},"thumbnailUrl":"https:\/\/mogardo.com\/wp-content\/uploads\/2025\/07\/IMG_0304-scaled.jpeg","datePublished":"2025-07-18T17:27:33+00:00","dateModified":"2025-12-12T15:54:15+00:00","description":"Chaqueta Chef Noir en encaje floral con textura. Dise\u00f1o vers\u00e1til y elegante para looks sofisticados de d\u00eda y noche Mogardo.","breadcrumb":{"@id":"https:\/\/mogardo.com\/producto\/chef-noir\/#breadcrumb"},"inLanguage":"es","potentialAction":[{"@type":"ReadAction","target":["https:\/\/mogardo.com\/producto\/chef-noir\/"]}]},{"@type":"ImageObject","inLanguage":"es","@id":"https:\/\/mogardo.com\/producto\/chef-noir\/#primaryimage","url":"https:\/\/mogardo.com\/wp-content\/uploads\/2025\/07\/IMG_0304-scaled.jpeg","contentUrl":"https:\/\/mogardo.com\/wp-content\/uploads\/2025\/07\/IMG_0304-scaled.jpeg","width":1707,"height":2560,"caption":"La chaqueta Chef Noir de encaje floral para mujer es una prenda vers\u00e1til y sofisticada que aporta elegancia y car\u00e1cter a cualquier look."},{"@type":"BreadcrumbList","@id":"https:\/\/mogardo.com\/producto\/chef-noir\/#breadcrumb","itemListElement":[{"@type":"ListItem","position":1,"name":"Portada","item":"https:\/\/mogardo.com\/"},{"@type":"ListItem","position":2,"name":"Colecciones","item":"https:\/\/mogardo.com\/shop\/"},{"@type":"ListItem","position":3,"name":"CHEF NOIR"}]},{"@type":"WebSite","@id":"https:\/\/mogardo.com\/#website","url":"https:\/\/mogardo.com\/","name":"MOGARDO IBIZA","description":"En Mogardo creamos prendas exclusivas que realzan tu esencia y belleza natural, fusionando dise\u00f1o sofisticado y materiales de la m\u00e1s alta calidad.","publisher":{"@id":"https:\/\/mogardo.com\/#organization"},"potentialAction":[{"@type":"SearchAction","target":{"@type":"EntryPoint","urlTemplate":"https:\/\/mogardo.com\/?s={search_term_string}"},"query-input":{"@type":"PropertyValueSpecification","valueRequired":true,"valueName":"search_term_string"}}],"inLanguage":"es"},{"@type":"Organization","@id":"https:\/\/mogardo.com\/#organization","name":"MOGARDO IBIZA","url":"https:\/\/mogardo.com\/","logo":{"@type":"ImageObject","inLanguage":"es","@id":"https:\/\/mogardo.com\/#\/schema\/logo\/image\/","url":"https:\/\/mogardo.com\/wp-content\/uploads\/2024\/12\/MOGARDO_isotipo_negro.png","contentUrl":"https:\/\/mogardo.com\/wp-content\/uploads\/2024\/12\/MOGARDO_isotipo_negro.png","width":1755,"height":1755,"caption":"MOGARDO IBIZA"},"image":{"@id":"https:\/\/mogardo.com\/#\/schema\/logo\/image\/"}}]}},"_links":{"self":[{"href":"https:\/\/mogardo.com\/es\/wp-json\/wp\/v2\/product\/23599","targetHints":{"allow":["GET"]}}],"collection":[{"href":"https:\/\/mogardo.com\/es\/wp-json\/wp\/v2\/product"}],"about":[{"href":"https:\/\/mogardo.com\/es\/wp-json\/wp\/v2\/types\/product"}],"wp:featuredmedia":[{"embeddable":true,"href":"https:\/\/mogardo.com\/es\/wp-json\/wp\/v2\/media\/23600"}],"wp:attachment":[{"href":"https:\/\/mogardo.com\/es\/wp-json\/wp\/v2\/media?parent=23599"}],"wp:term":[{"taxonomy":"product_brand","embeddable":true,"href":"https:\/\/mogardo.com\/es\/wp-json\/wp\/v2\/product_brand?post=23599"},{"taxonomy":"product_cat","embeddable":true,"href":"https:\/\/mogardo.com\/es\/wp-json\/wp\/v2\/product_cat?post=23599"},{"taxonomy":"product_tag","embeddable":true,"href":"https:\/\/mogardo.com\/es\/wp-json\/wp\/v2\/product_tag?post=23599"}],"curies":[{"name":"wp","href":"https:\/\/api.w.org\/{rel}","templated":true}]}}