{"id":23607,"date":"2025-07-18T20:00:31","date_gmt":"2025-07-18T18:00:31","guid":{"rendered":"https:\/\/mogardo.com\/?post_type=product&#038;p=23607"},"modified":"2025-12-12T16:47:21","modified_gmt":"2025-12-12T15:47:21","slug":"conjunto-chocolat","status":"publish","type":"product","link":"https:\/\/mogardo.com\/es\/producto\/conjunto-chocolat\/","title":{"rendered":"CONJUNTO CHOCOLAT"},"content":{"rendered":"<p data-start=\"711\" data-end=\"758\"><strong data-start=\"711\" data-end=\"758\">Conjunto chocolate con lentejuelas elegante<\/strong><\/p>\n<p data-start=\"811\" data-end=\"1088\">El <strong data-start=\"814\" data-end=\"863\">conjunto chocolate con lentejuelas para mujer<\/strong> es una propuesta sofisticada y atrevida pensada para destacar en eventos nocturnos. Confeccionado en <strong data-start=\"965\" data-end=\"996\">tul de lentejuelas marrones<\/strong>, este dise\u00f1o combina sensualidad, elegancia y movimiento en una silueta moderna y femenina.<\/p>\n<p data-start=\"1090\" data-end=\"1355\">El <strong data-start=\"1093\" data-end=\"1118\">bralette de tri\u00e1ngulo<\/strong> aporta un estilo delicado y sugerente, mientras que el <strong data-start=\"1174\" data-end=\"1209\">pantal\u00f3n fluido de cintura baja<\/strong> estiliza la figura y a\u00f1ade ligereza al conjunto. Una combinaci\u00f3n perfecta para mujeres que buscan un look diferente, con personalidad y car\u00e1cter.<\/p>\n<p data-start=\"1362\" data-end=\"1393\"><strong>Estilo y ocasiones de uso<\/strong><\/p>\n<p data-start=\"1395\" data-end=\"1663\">Este <strong data-start=\"1400\" data-end=\"1442\">conjunto de dos piezas con lentejuelas<\/strong> es ideal como <strong data-start=\"1457\" data-end=\"1482\">look sexy de invitada<\/strong>, para fiestas de noche, eventos especiales, celebraciones o cenas sofisticadas. Sus piezas pueden llevarse juntas o por separado, ofreciendo versatilidad sin perder impacto visual.<\/p>\n","protected":false},"excerpt":{"rendered":"<p>Conjunto chocolate con lentejuelas elegante El conjunto chocolate con lentejuelas para mujer es una propuesta sofisticada y atrevida pensada para destacar en eventos nocturnos. Confeccionado en tul de lentejuelas marrones, este dise\u00f1o combina sensualidad, elegancia y movimiento en una silueta moderna y femenina. El bralette de tri\u00e1ngulo aporta un estilo delicado y sugerente, mientras que [&hellip;]<\/p>\n","protected":false},"featured_media":23608,"template":"","meta":{"_joinchat":[]},"product_brand":[],"product_cat":[32,47],"product_tag":[],"class_list":{"0":"post-23607","1":"product","2":"type-product","3":"status-publish","4":"has-post-thumbnail","6":"product_cat-mujer","7":"product_cat-raices-mujer","9":"first","10":"instock","11":"taxable","12":"shipping-taxable","13":"purchasable","14":"product-type-simple","15":"add-to-wishlist-after_add_to_cart"},"yoast_head":"<!-- This site is optimized with the Yoast SEO plugin v26.2 - https:\/\/yoast.com\/wordpress\/plugins\/seo\/ -->\n<title>Conjunto chocolate lentejuelas mujer | Dos piezas<\/title>\n<meta name=\"description\" content=\"Conjunto chocolate lentejuelas mujer con bralette de tri\u00e1ngulo y pantal\u00f3n fluido de cintura baja en tul. Sensual y elegante.\" \/>\n<meta name=\"robots\" content=\"index, follow, max-snippet:-1, max-image-preview:large, max-video-preview:-1\" \/>\n<link rel=\"canonical\" href=\"https:\/\/mogardo.com\/es\/producto\/conjunto-chocolat\/\" \/>\n<meta property=\"og:locale\" content=\"es_ES\" \/>\n<meta property=\"og:type\" content=\"article\" \/>\n<meta property=\"og:title\" content=\"Conjunto chocolate lentejuelas mujer | Dos piezas\" \/>\n<meta property=\"og:description\" content=\"Conjunto chocolate lentejuelas mujer con bralette de tri\u00e1ngulo y pantal\u00f3n fluido de cintura baja en tul. Sensual y elegante.\" \/>\n<meta property=\"og:url\" content=\"https:\/\/mogardo.com\/es\/producto\/conjunto-chocolat\/\" \/>\n<meta property=\"og:site_name\" content=\"MOGARDO - Dise\u00f1os y moda exclusiva\" \/>\n<meta property=\"article:modified_time\" content=\"2025-12-12T15:47:21+00:00\" \/>\n<meta property=\"og:image\" content=\"https:\/\/mogardo.com\/wp-content\/uploads\/2025\/07\/IMG_0308-scaled.jpeg\" \/>\n\t<meta property=\"og:image:width\" content=\"1707\" \/>\n\t<meta property=\"og:image:height\" content=\"2560\" \/>\n\t<meta property=\"og:image:type\" content=\"image\/jpeg\" \/>\n<meta name=\"twitter:card\" content=\"summary_large_image\" \/>\n<meta name=\"twitter:label1\" content=\"Tiempo de lectura\" \/>\n\t<meta name=\"twitter:data1\" content=\"1 minuto\" \/>\n<script type=\"application\/ld+json\" class=\"yoast-schema-graph\">{\"@context\":\"https:\/\/schema.org\",\"@graph\":[{\"@type\":\"WebPage\",\"@id\":\"https:\/\/mogardo.com\/producto\/conjunto-chocolat\/\",\"url\":\"https:\/\/mogardo.com\/producto\/conjunto-chocolat\/\",\"name\":\"Conjunto chocolate lentejuelas mujer | Dos piezas\",\"isPartOf\":{\"@id\":\"https:\/\/mogardo.com\/#website\"},\"primaryImageOfPage\":{\"@id\":\"https:\/\/mogardo.com\/producto\/conjunto-chocolat\/#primaryimage\"},\"image\":{\"@id\":\"https:\/\/mogardo.com\/producto\/conjunto-chocolat\/#primaryimage\"},\"thumbnailUrl\":\"https:\/\/mogardo.com\/wp-content\/uploads\/2025\/07\/IMG_0308-scaled.jpeg\",\"datePublished\":\"2025-07-18T18:00:31+00:00\",\"dateModified\":\"2025-12-12T15:47:21+00:00\",\"description\":\"Conjunto chocolate lentejuelas mujer con bralette de tri\u00e1ngulo y pantal\u00f3n fluido de cintura baja en tul. Sensual y elegante.\",\"breadcrumb\":{\"@id\":\"https:\/\/mogardo.com\/producto\/conjunto-chocolat\/#breadcrumb\"},\"inLanguage\":\"es\",\"potentialAction\":[{\"@type\":\"ReadAction\",\"target\":[\"https:\/\/mogardo.com\/producto\/conjunto-chocolat\/\"]}]},{\"@type\":\"ImageObject\",\"inLanguage\":\"es\",\"@id\":\"https:\/\/mogardo.com\/producto\/conjunto-chocolat\/#primaryimage\",\"url\":\"https:\/\/mogardo.com\/wp-content\/uploads\/2025\/07\/IMG_0308-scaled.jpeg\",\"contentUrl\":\"https:\/\/mogardo.com\/wp-content\/uploads\/2025\/07\/IMG_0308-scaled.jpeg\",\"width\":1707,\"height\":2560,\"caption\":\"Conjunto de dos piezas con lentejuelas es ideal como look sexy de invitada, para fiestas de noche, eventos especiales, celebraciones o cenas sofisticadas. Sus piezas pueden llevarse juntas o por separado, ofreciendo versatilidad sin perder impacto visual\"},{\"@type\":\"BreadcrumbList\",\"@id\":\"https:\/\/mogardo.com\/producto\/conjunto-chocolat\/#breadcrumb\",\"itemListElement\":[{\"@type\":\"ListItem\",\"position\":1,\"name\":\"Portada\",\"item\":\"https:\/\/mogardo.com\/\"},{\"@type\":\"ListItem\",\"position\":2,\"name\":\"Colecciones\",\"item\":\"https:\/\/mogardo.com\/shop\/\"},{\"@type\":\"ListItem\",\"position\":3,\"name\":\"CONJUNTO CHOCOLAT\"}]},{\"@type\":\"WebSite\",\"@id\":\"https:\/\/mogardo.com\/#website\",\"url\":\"https:\/\/mogardo.com\/\",\"name\":\"MOGARDO IBIZA\",\"description\":\"En Mogardo creamos prendas exclusivas que realzan tu esencia y belleza natural, fusionando dise\u00f1o sofisticado y materiales de la m\u00e1s alta calidad.\",\"publisher\":{\"@id\":\"https:\/\/mogardo.com\/#organization\"},\"potentialAction\":[{\"@type\":\"SearchAction\",\"target\":{\"@type\":\"EntryPoint\",\"urlTemplate\":\"https:\/\/mogardo.com\/?s={search_term_string}\"},\"query-input\":{\"@type\":\"PropertyValueSpecification\",\"valueRequired\":true,\"valueName\":\"search_term_string\"}}],\"inLanguage\":\"es\"},{\"@type\":\"Organization\",\"@id\":\"https:\/\/mogardo.com\/#organization\",\"name\":\"MOGARDO IBIZA\",\"url\":\"https:\/\/mogardo.com\/\",\"logo\":{\"@type\":\"ImageObject\",\"inLanguage\":\"es\",\"@id\":\"https:\/\/mogardo.com\/#\/schema\/logo\/image\/\",\"url\":\"https:\/\/mogardo.com\/wp-content\/uploads\/2024\/12\/MOGARDO_isotipo_negro.png\",\"contentUrl\":\"https:\/\/mogardo.com\/wp-content\/uploads\/2024\/12\/MOGARDO_isotipo_negro.png\",\"width\":1755,\"height\":1755,\"caption\":\"MOGARDO IBIZA\"},\"image\":{\"@id\":\"https:\/\/mogardo.com\/#\/schema\/logo\/image\/\"}}]}<\/script>\n<!-- \/ Yoast SEO plugin. -->","yoast_head_json":{"title":"Conjunto chocolate lentejuelas mujer | Dos piezas","description":"Conjunto chocolate lentejuelas mujer con bralette de tri\u00e1ngulo y pantal\u00f3n fluido de cintura baja en tul. Sensual y elegante.","robots":{"index":"index","follow":"follow","max-snippet":"max-snippet:-1","max-image-preview":"max-image-preview:large","max-video-preview":"max-video-preview:-1"},"canonical":"https:\/\/mogardo.com\/es\/producto\/conjunto-chocolat\/","og_locale":"es_ES","og_type":"article","og_title":"Conjunto chocolate lentejuelas mujer | Dos piezas","og_description":"Conjunto chocolate lentejuelas mujer con bralette de tri\u00e1ngulo y pantal\u00f3n fluido de cintura baja en tul. Sensual y elegante.","og_url":"https:\/\/mogardo.com\/es\/producto\/conjunto-chocolat\/","og_site_name":"MOGARDO - Dise\u00f1os y moda exclusiva","article_modified_time":"2025-12-12T15:47:21+00:00","og_image":[{"width":1707,"height":2560,"url":"https:\/\/mogardo.com\/wp-content\/uploads\/2025\/07\/IMG_0308-scaled.jpeg","type":"image\/jpeg"}],"twitter_card":"summary_large_image","twitter_misc":{"Tiempo de lectura":"1 minuto"},"schema":{"@context":"https:\/\/schema.org","@graph":[{"@type":"WebPage","@id":"https:\/\/mogardo.com\/producto\/conjunto-chocolat\/","url":"https:\/\/mogardo.com\/producto\/conjunto-chocolat\/","name":"Conjunto chocolate lentejuelas mujer | Dos piezas","isPartOf":{"@id":"https:\/\/mogardo.com\/#website"},"primaryImageOfPage":{"@id":"https:\/\/mogardo.com\/producto\/conjunto-chocolat\/#primaryimage"},"image":{"@id":"https:\/\/mogardo.com\/producto\/conjunto-chocolat\/#primaryimage"},"thumbnailUrl":"https:\/\/mogardo.com\/wp-content\/uploads\/2025\/07\/IMG_0308-scaled.jpeg","datePublished":"2025-07-18T18:00:31+00:00","dateModified":"2025-12-12T15:47:21+00:00","description":"Conjunto chocolate lentejuelas mujer con bralette de tri\u00e1ngulo y pantal\u00f3n fluido de cintura baja en tul. Sensual y elegante.","breadcrumb":{"@id":"https:\/\/mogardo.com\/producto\/conjunto-chocolat\/#breadcrumb"},"inLanguage":"es","potentialAction":[{"@type":"ReadAction","target":["https:\/\/mogardo.com\/producto\/conjunto-chocolat\/"]}]},{"@type":"ImageObject","inLanguage":"es","@id":"https:\/\/mogardo.com\/producto\/conjunto-chocolat\/#primaryimage","url":"https:\/\/mogardo.com\/wp-content\/uploads\/2025\/07\/IMG_0308-scaled.jpeg","contentUrl":"https:\/\/mogardo.com\/wp-content\/uploads\/2025\/07\/IMG_0308-scaled.jpeg","width":1707,"height":2560,"caption":"Conjunto de dos piezas con lentejuelas es ideal como look sexy de invitada, para fiestas de noche, eventos especiales, celebraciones o cenas sofisticadas. Sus piezas pueden llevarse juntas o por separado, ofreciendo versatilidad sin perder impacto visual"},{"@type":"BreadcrumbList","@id":"https:\/\/mogardo.com\/producto\/conjunto-chocolat\/#breadcrumb","itemListElement":[{"@type":"ListItem","position":1,"name":"Portada","item":"https:\/\/mogardo.com\/"},{"@type":"ListItem","position":2,"name":"Colecciones","item":"https:\/\/mogardo.com\/shop\/"},{"@type":"ListItem","position":3,"name":"CONJUNTO CHOCOLAT"}]},{"@type":"WebSite","@id":"https:\/\/mogardo.com\/#website","url":"https:\/\/mogardo.com\/","name":"MOGARDO IBIZA","description":"En Mogardo creamos prendas exclusivas que realzan tu esencia y belleza natural, fusionando dise\u00f1o sofisticado y materiales de la m\u00e1s alta calidad.","publisher":{"@id":"https:\/\/mogardo.com\/#organization"},"potentialAction":[{"@type":"SearchAction","target":{"@type":"EntryPoint","urlTemplate":"https:\/\/mogardo.com\/?s={search_term_string}"},"query-input":{"@type":"PropertyValueSpecification","valueRequired":true,"valueName":"search_term_string"}}],"inLanguage":"es"},{"@type":"Organization","@id":"https:\/\/mogardo.com\/#organization","name":"MOGARDO IBIZA","url":"https:\/\/mogardo.com\/","logo":{"@type":"ImageObject","inLanguage":"es","@id":"https:\/\/mogardo.com\/#\/schema\/logo\/image\/","url":"https:\/\/mogardo.com\/wp-content\/uploads\/2024\/12\/MOGARDO_isotipo_negro.png","contentUrl":"https:\/\/mogardo.com\/wp-content\/uploads\/2024\/12\/MOGARDO_isotipo_negro.png","width":1755,"height":1755,"caption":"MOGARDO IBIZA"},"image":{"@id":"https:\/\/mogardo.com\/#\/schema\/logo\/image\/"}}]}},"_links":{"self":[{"href":"https:\/\/mogardo.com\/es\/wp-json\/wp\/v2\/product\/23607","targetHints":{"allow":["GET"]}}],"collection":[{"href":"https:\/\/mogardo.com\/es\/wp-json\/wp\/v2\/product"}],"about":[{"href":"https:\/\/mogardo.com\/es\/wp-json\/wp\/v2\/types\/product"}],"wp:featuredmedia":[{"embeddable":true,"href":"https:\/\/mogardo.com\/es\/wp-json\/wp\/v2\/media\/23608"}],"wp:attachment":[{"href":"https:\/\/mogardo.com\/es\/wp-json\/wp\/v2\/media?parent=23607"}],"wp:term":[{"taxonomy":"product_brand","embeddable":true,"href":"https:\/\/mogardo.com\/es\/wp-json\/wp\/v2\/product_brand?post=23607"},{"taxonomy":"product_cat","embeddable":true,"href":"https:\/\/mogardo.com\/es\/wp-json\/wp\/v2\/product_cat?post=23607"},{"taxonomy":"product_tag","embeddable":true,"href":"https:\/\/mogardo.com\/es\/wp-json\/wp\/v2\/product_tag?post=23607"}],"curies":[{"name":"wp","href":"https:\/\/api.w.org\/{rel}","templated":true}]}}